{"id":120711,"date":"2024-05-02T00:00:00","date_gmt":"2024-05-01T22:00:00","guid":{"rendered":"https:\/\/gpl-love.com\/fr\/produit\/ultimate-member-online-users-addon\/"},"modified":"2026-04-10T18:44:11","modified_gmt":"2026-04-10T16:44:11","slug":"ultimate-member-online-users-addon","status":"publish","type":"product","link":"https:\/\/gpl-love.com\/fr\/produit\/ultimate-member-online-users-addon\/","title":{"rendered":"Ultimate Member Online Users 2.2.1"},"content":{"rendered":"<h3>Ultimate Member Online Users Traits<\/h3>\n<p>Le plugin ultime des utilisateurs en ligne des membres a \u00e9t\u00e9 m\u00e9ticuleusement d\u00e9velopp\u00e9 pour fournir aux propri\u00e9taires de sites Web des informations inestimables sur les activit\u00e9s en ligne de leurs utilisateurs. \u00c0 l&rsquo;aide de ce plugin remarquable, on peut discerner sans effort l&rsquo;identit\u00e9 des individus actuellement engag\u00e9s dans des interactions virtuelles et v\u00e9rifier les pages Web sp\u00e9cifiques qu&rsquo;ils parcourt en temps r\u00e9el. De plus, cette innovation exceptionnelle fournit un aper\u00e7u complet du nombre d&rsquo;utilisateurs actuellement actifs sur le site et permet aux utilisateurs d&rsquo;adapter l&rsquo;affichage de la liste des utilisateurs en ligne en fonction de leurs pr\u00e9f\u00e9rences. Ce plugin impressionnant se r\u00e9v\u00e8le particuli\u00e8rement indispensable pour les sites Web qui prosp\u00e8rent sur la participation de la communaut\u00e9, car il accorde aux propri\u00e9taires de sites Web opportunit\u00e9s de surveillance \u00e9troitement de surveiller l&rsquo;activit\u00e9 des utilisateurs et de s&rsquo;engager de mani\u00e8re transparente avec eux en temps r\u00e9el. De plus, le plugin est impr\u00e9gn\u00e9 d&rsquo;une pl\u00e9thore d&rsquo;options de personnalisation, ce qui le rend \u00e9tonnamment facile \u00e0 s&rsquo;int\u00e9grer de mani\u00e8re transparente \u00e0 n&rsquo;importe quel th\u00e8me WordPress. Essentiellement, le plugin Ultimate Member Online Users est une n\u00e9cessit\u00e9 sans \u00e9quivoque pour tout propri\u00e9taire de site Web aspirant \u00e0 surveiller efficacement et \u00e0 s&rsquo;engager activement avec leurs utilisateurs.<\/p>\n<ul>\n<li>Visibilit\u00e9 des utilisateurs en ligne en temps r\u00e9el<\/li>\n<li>Liste des membres dans l&rsquo;affichage du widget ou du raccourci<\/li>\n<li>Option d&rsquo;afficher l&rsquo;avatar, le nom, le r\u00f4le et la derni\u00e8re activit\u00e9<\/li>\n<li>Disposition et styles de liste d&rsquo;utilisateurs personnalisables<\/li>\n<li>Barre de recherche de membres dans les listes d&rsquo;utilisateurs en ligne<\/li>\n<li>Option de filtre \u00e0 temps pour montrer aux utilisateurs actuellement en ligne, aujourd&rsquo;hui, cette semaine ou ce mois-ci<\/li>\n<li>Les r\u00f4les utilisateur filtrent pour afficher des groupes d&rsquo;utilisateurs sp\u00e9cifiques en ligne<\/li>\n<li>Mise \u00e0 jour de l&rsquo;\u00e9tat de l&rsquo;utilisateur en ligne aliment\u00e9 par AJAX<\/li>\n<li>Compatible avec le plugin Ultimate Member et d&rsquo;autres plugins de gestion des utilisateurs<\/li>\n<li>Support d&rsquo;internationalisation aux traductions<\/li>\n<\/ul>\n","protected":false},"excerpt":{"rendered":"<p>Le compl\u00e9ment ultime des utilisateurs en ligne des membres sert d&rsquo;extension robuste au plugin ultime des membres, en amplifiant la fonctionnalit\u00e9 en accordant un acc\u00e8s imm\u00e9diat \u00e0 un aper\u00e7u complet des individus actuellement actifs sur votre site WordPress. En utilisant cet outil inestimable, vous pouvez d\u00e9terminer sans effort l&rsquo;identit\u00e9 des utilisateurs engag\u00e9s, leurs activit\u00e9s en cours et leurs actions exactes dans l&rsquo;espace virtuel de votre site. Il va sans dire que cette fonctionnalit\u00e9 particuli\u00e8re est absolument indispensable pour les sites Web qui d\u00e9pendent fortement de l&rsquo;interaction utilisateur en temps r\u00e9el, y compris, mais sans s&rsquo;y limiter, les salles de chat et les forums. Avec les capacit\u00e9s innovantes des utilisateurs en ligne des membres ultimes, la surveillance et l&rsquo;analyse de l&rsquo;activit\u00e9 des utilisateurs sur votre site devient un jeu d&rsquo;enfant, conduisant finalement \u00e0 une exp\u00e9rience de navigation am\u00e9lior\u00e9e et in\u00e9gal\u00e9e pour vos visiteurs estim\u00e9s.<\/p>\n","protected":false},"featured_media":145638,"comment_status":"open","ping_status":"open","template":"","meta":[],"product_brand":[2679],"product_cat":[1300,1181,1186],"product_tag":[2296],"class_list":{"0":"post-120711","1":"product","2":"type-product","3":"status-publish","4":"has-post-thumbnail","6":"product_brand-ultimate-member","7":"product_cat-adhesion","8":"product_cat-plugins","9":"product_cat-wordpress-plugins","10":"product_tag-ultimate-member","11":"member-discount","12":"discount-restricted","14":"first","15":"instock","16":"sale","17":"downloadable","18":"virtual","19":"sold-individually","20":"purchasable","21":"product-type-simple"},"_links":{"self":[{"href":"https:\/\/gpl-love.com\/fr\/wp-json\/wp\/v2\/product\/120711","targetHints":{"allow":["GET"]}}],"collection":[{"href":"https:\/\/gpl-love.com\/fr\/wp-json\/wp\/v2\/product"}],"about":[{"href":"https:\/\/gpl-love.com\/fr\/wp-json\/wp\/v2\/types\/product"}],"replies":[{"embeddable":true,"href":"https:\/\/gpl-love.com\/fr\/wp-json\/wp\/v2\/comments?post=120711"}],"wp:featuredmedia":[{"embeddable":true,"href":"https:\/\/gpl-love.com\/fr\/wp-json\/wp\/v2\/media\/145638"}],"wp:attachment":[{"href":"https:\/\/gpl-love.com\/fr\/wp-json\/wp\/v2\/media?parent=120711"}],"wp:term":[{"taxonomy":"product_brand","embeddable":true,"href":"https:\/\/gpl-love.com\/fr\/wp-json\/wp\/v2\/product_brand?post=120711"},{"taxonomy":"product_cat","embeddable":true,"href":"https:\/\/gpl-love.com\/fr\/wp-json\/wp\/v2\/product_cat?post=120711"},{"taxonomy":"product_tag","embeddable":true,"href":"https:\/\/gpl-love.com\/fr\/wp-json\/wp\/v2\/product_tag?post=120711"}],"curies":[{"name":"wp","href":"https:\/\/api.w.org\/{rel}","templated":true}]}}