{"id":120709,"date":"2023-07-05T00:00:00","date_gmt":"2023-07-04T22:00:00","guid":{"rendered":"https:\/\/gpl-love.com\/fr\/produit\/amp-custom-post-type\/"},"modified":"2026-03-20T22:54:30","modified_gmt":"2026-03-20T21:54:30","slug":"amp-custom-post-type","status":"publish","type":"product","link":"https:\/\/gpl-love.com\/fr\/produit\/amp-custom-post-type\/","title":{"rendered":"AMP Custom Post Type 1.6.4"},"content":{"rendered":"<h3>AMP Custom Post Type Traits<\/h3>\n<p>Le type de publication personnalis\u00e9 AMP est un outil extr\u00eamement puissant qui accorde aux utilisateurs la possibilit\u00e9 de g\u00e9n\u00e9rer des types de publiques personnalis\u00e9s adapt\u00e9s \u00e0 leurs sites Web. Il a \u00e9t\u00e9 sp\u00e9cifiquement con\u00e7u pour les personnes qui cherchent \u00e0 augmenter la fonctionnalit\u00e9 de leur site Web sur les appareils mobiles gr\u00e2ce \u00e0 la mise en \u0153uvre de la technologie AMP (Pages mobiles acc\u00e9l\u00e9r\u00e9es). En utilisant le type de poste personnalis\u00e9 AMP, on peut fabriquer sans effort des types de publiques personnalis\u00e9es qui pr\u00e9sentent des temps de chargement \u00e9tonnamment rapides sur les appareils mobiles, affinant ainsi l&rsquo;exp\u00e9rience utilisateur et renfor\u00e7ant finalement l&rsquo;engagement sur leur site Web. Ce produit particulier est une n\u00e9cessit\u00e9 absolue pour les propri\u00e9taires de sites Web qui abritent un d\u00e9vouement sinc\u00e8re \u00e0 l&rsquo;optimisation des performances de leur site Web sur les appareils mobiles. Gr\u00e2ce \u00e0 son interface conviviale et \u00e0 son int\u00e9gration transparente avec WordPress, le type de post personnalis\u00e9 AMP sert de solution par excellence pour quiconque s&rsquo;efforce de catapulter son site Web \u00e0 des sommets in\u00e9gal\u00e9s.<\/p>\n<ul>\n<li>Permet aux utilisateurs de cr\u00e9er des types de publication personnalis\u00e9s sur leur site Web WordPress<\/li>\n<li>Fournit une interface conviviale pour la cr\u00e9ation et la gestion des types de messages personnalis\u00e9s<\/li>\n<li>Comprend des options pour personnaliser les \u00e9tiquettes de type post, les param\u00e8tres et les taxonomies<\/li>\n<li>Prend en charge l&rsquo;utilisation de champs personnalis\u00e9s et de m\u00e9ta-bo\u00eetes pour une entr\u00e9e de donn\u00e9es suppl\u00e9mentaires<\/li>\n<li>Permet la cr\u00e9ation d&rsquo;archives et de mod\u00e8les de poste unique pour une exp\u00e9rience utilisateur transparente<\/li>\n<li>S&rsquo;int\u00e8gre \u00e0 des plugins populaires tels que les t\u00e9l\u00e9chargements num\u00e9riques faciles et WooCommerce<\/li>\n<li>Aide \u00e0 am\u00e9liorer les performances du site Web avec l&rsquo;utilisation de pages mobiles acc\u00e9l\u00e9r\u00e9es (AMP)<\/li>\n<li>Fournit une documentation d\u00e9taill\u00e9e et un support client pour une configuration et un d\u00e9pannage faciles.<\/li>\n<\/ul>\n","protected":false},"excerpt":{"rendered":"<p>Prenez le contr\u00f4le du contenu de votre site Web avec un type de publication personnalis\u00e9 AMP. Cet outil puissant vous permet de cr\u00e9er et de g\u00e9rer des types de contenu personnalis\u00e9s uniques pour votre site. Avec son interface facile \u00e0 utiliser et ses fonctionnalit\u00e9s polyvalentes, vous pouvez adapter vos messages pour correspondre au style et au message de votre marque. Que vous dirigeiez un blog, une boutique en ligne ou un site Web d&rsquo;entreprise, AMP Custom Post Type offre la flexibilit\u00e9 pour cr\u00e9er des champs et des taxonomies personnalis\u00e9s, en am\u00e9liorant l&rsquo;exp\u00e9rience SEO et utilisateur de votre site. Profitez de l&rsquo;int\u00e9gration transparente avec AMP, ce qui garantit que vos messages se chargent rapidement et ont fi\u00e8re allure sur tous les appareils. D\u00e9couvrez la valeur d&rsquo;un syst\u00e8me de gestion de contenu rationalis\u00e9, efficace et personnalisable avec un type de post personnalis\u00e9 AMP.<\/p>\n","protected":false},"featured_media":143123,"comment_status":"open","ping_status":"open","template":"","meta":[],"product_brand":[2447],"product_cat":[1189,1181,1186],"product_tag":[2279],"class_list":{"0":"post-120709","1":"product","2":"type-product","3":"status-publish","4":"has-post-thumbnail","6":"product_brand-amp-wp","7":"product_cat-personnalisation","8":"product_cat-plugins","9":"product_cat-wordpress-plugins","10":"product_tag-amp-wp","11":"member-discount","12":"discount-restricted","14":"first","15":"instock","16":"sale","17":"downloadable","18":"virtual","19":"sold-individually","20":"purchasable","21":"product-type-simple"},"_links":{"self":[{"href":"https:\/\/gpl-love.com\/fr\/wp-json\/wp\/v2\/product\/120709","targetHints":{"allow":["GET"]}}],"collection":[{"href":"https:\/\/gpl-love.com\/fr\/wp-json\/wp\/v2\/product"}],"about":[{"href":"https:\/\/gpl-love.com\/fr\/wp-json\/wp\/v2\/types\/product"}],"replies":[{"embeddable":true,"href":"https:\/\/gpl-love.com\/fr\/wp-json\/wp\/v2\/comments?post=120709"}],"wp:featuredmedia":[{"embeddable":true,"href":"https:\/\/gpl-love.com\/fr\/wp-json\/wp\/v2\/media\/143123"}],"wp:attachment":[{"href":"https:\/\/gpl-love.com\/fr\/wp-json\/wp\/v2\/media?parent=120709"}],"wp:term":[{"taxonomy":"product_brand","embeddable":true,"href":"https:\/\/gpl-love.com\/fr\/wp-json\/wp\/v2\/product_brand?post=120709"},{"taxonomy":"product_cat","embeddable":true,"href":"https:\/\/gpl-love.com\/fr\/wp-json\/wp\/v2\/product_cat?post=120709"},{"taxonomy":"product_tag","embeddable":true,"href":"https:\/\/gpl-love.com\/fr\/wp-json\/wp\/v2\/product_tag?post=120709"}],"curies":[{"name":"wp","href":"https:\/\/api.w.org\/{rel}","templated":true}]}}