{"id":120707,"date":"2025-03-28T00:00:00","date_gmt":"2025-03-27T23:00:00","guid":{"rendered":"https:\/\/gpl-love.com\/fr\/produit\/gravityview-gravity-actions\/"},"modified":"2026-03-20T23:18:52","modified_gmt":"2026-03-20T22:18:52","slug":"gravityview-gravity-actions","status":"publish","type":"product","link":"https:\/\/gpl-love.com\/fr\/produit\/gravityview-gravity-actions\/","title":{"rendered":"Gravity View Gravity Actions 1.5"},"content":{"rendered":"<h3>Gravity View Gravity Actions Traits<\/h3>\n<p>Gravity View actions Gravity est un produit innovant et r\u00e9volutionnaire qui combine efficacement les formes de gravit\u00e9 robustes et les vues flexibles, ce qui permet aux utilisateurs de tirer parti du plein potentiel des deux fonctionnalit\u00e9s. Ce logiciel ing\u00e9nieux int\u00e8gre de mani\u00e8re transparente ces \u00e9l\u00e9ments, permettant aux utilisateurs de cr\u00e9er une exp\u00e9rience coh\u00e9rente et rationalis\u00e9e pour leurs clients estim\u00e9s. Avec les capacit\u00e9s remarquables des actions de gravit\u00e9 de la vue de la gravit\u00e9, les utilisateurs peuvent fabriquer sans effort des vues dynamiques qui sont adapt\u00e9es pour r\u00e9pondre m\u00eame aux exigences les plus sp\u00e9cifiques et les plus complexes. Le produit poss\u00e8de une interface de glisser-d\u00e9poser extr\u00eamement conviviale, rendant la cr\u00e9ation de vues complexes et \u00e9labor\u00e9es une t\u00e2che sans effort qui peut \u00eatre accomplie en quelques clics. De plus, le produit propose une vaste gamme de fonctionnalit\u00e9s profond\u00e9ment influentes, englobant les fonctionnalit\u00e9s remarquables de la logique conditionnelle, du filtrage et de la pagination. Dans l&rsquo;ensemble, les actions de Gravity View Gravity sont un outil indispensable qui devrait sans aucun doute \u00eatre adopt\u00e9 par quiconque aspire \u00e0 saisir les opportunit\u00e9s exceptionnelles pr\u00e9sent\u00e9es par les formes et les vues de gravit\u00e9.<\/p>\n<ul>\n<li>Int\u00e9grer de mani\u00e8re transparente aux formes de gravit\u00e9<\/li>\n<li>Cr\u00e9ez facilement des actions personnalis\u00e9es pour les entr\u00e9es de formulaires de gravit\u00e9<\/li>\n<li>Automatiser des actions telles que l&rsquo;envoi d&rsquo;e-mails ou l&rsquo;int\u00e9gration avec d&rsquo;autres logiciels<\/li>\n<li>Augmenter l&rsquo;efficacit\u00e9 en automatisant les t\u00e2ches de routine<\/li>\n<li>Am\u00e9liorer l&rsquo;exp\u00e9rience client avec des suivis automatis\u00e9s<\/li>\n<li>Aucune exp\u00e9rience de codage n\u00e9cessaire<\/li>\n<li>Interface conviviale pour une configuration et une maintenance faciles<\/li>\n<li>Compatible avec les sites Web WordPress<\/li>\n<li>Recevoir le soutien de l&rsquo;\u00e9quipe de vue de Gravity<\/li>\n<li>Am\u00e9liorer la communication entre les d\u00e9partements ou les \u00e9quipes<\/li>\n<\/ul>\n","protected":false},"excerpt":{"rendered":"<p>Gravity View actions Gravity est un plugin incroyablement robuste qui offre aux utilisateurs la capacit\u00e9 d&rsquo;incorporer des actions personnalis\u00e9es dans leurs entr\u00e9es de formulaires de gravit\u00e9. L&rsquo;utilisation de ce produit exceptionnel permet une personnalisation sans effort de vos formulaires, pr\u00e9sentant un vaste \u00e9ventail de possibilit\u00e9s de gestion et de manipulation des donn\u00e9es. En mettant en \u0153uvre les actions de la gravit\u00e9 de la gravit\u00e9, les entreprises, quelle que soit leur \u00e9chelle, peuvent optimiser leurs op\u00e9rations, rationaliser leurs flux de travail et am\u00e9liorer leurs niveaux de productivit\u00e9. Que votre objectif soit de vous int\u00e9grer de mani\u00e8re transparente aux applications externes ou d&rsquo;am\u00e9liorer le dynamisme de vos formulaires, ce produit remarquable propose tous les outils n\u00e9cessaires pour vous lancer dans votre voyage. Par cons\u00e9quent, nous vous encourageons sans r\u00e9serve \u00e0 vous lancer dans cette exp\u00e9rience transformatrice en essayant les actions de gravit\u00e9 de la gravit\u00e9 aujourd&rsquo;hui et nous \u00e9merveillez de l&rsquo;impact positif que cela peut avoir sur votre entreprise!<\/p>\n","protected":false},"featured_media":144136,"comment_status":"open","ping_status":"open","template":"","meta":[],"product_brand":[2568],"product_cat":[1189,1181,1186],"product_tag":[1279],"class_list":{"0":"post-120707","1":"product","2":"type-product","3":"status-publish","4":"has-post-thumbnail","6":"product_brand-gravityview","7":"product_cat-personnalisation","8":"product_cat-plugins","9":"product_cat-wordpress-plugins","10":"product_tag-gravityview","11":"member-discount","12":"discount-restricted","14":"first","15":"instock","16":"sale","17":"downloadable","18":"virtual","19":"sold-individually","20":"purchasable","21":"product-type-simple"},"_links":{"self":[{"href":"https:\/\/gpl-love.com\/fr\/wp-json\/wp\/v2\/product\/120707","targetHints":{"allow":["GET"]}}],"collection":[{"href":"https:\/\/gpl-love.com\/fr\/wp-json\/wp\/v2\/product"}],"about":[{"href":"https:\/\/gpl-love.com\/fr\/wp-json\/wp\/v2\/types\/product"}],"replies":[{"embeddable":true,"href":"https:\/\/gpl-love.com\/fr\/wp-json\/wp\/v2\/comments?post=120707"}],"wp:featuredmedia":[{"embeddable":true,"href":"https:\/\/gpl-love.com\/fr\/wp-json\/wp\/v2\/media\/144136"}],"wp:attachment":[{"href":"https:\/\/gpl-love.com\/fr\/wp-json\/wp\/v2\/media?parent=120707"}],"wp:term":[{"taxonomy":"product_brand","embeddable":true,"href":"https:\/\/gpl-love.com\/fr\/wp-json\/wp\/v2\/product_brand?post=120707"},{"taxonomy":"product_cat","embeddable":true,"href":"https:\/\/gpl-love.com\/fr\/wp-json\/wp\/v2\/product_cat?post=120707"},{"taxonomy":"product_tag","embeddable":true,"href":"https:\/\/gpl-love.com\/fr\/wp-json\/wp\/v2\/product_tag?post=120707"}],"curies":[{"name":"wp","href":"https:\/\/api.w.org\/{rel}","templated":true}]}}