{"id":120705,"date":"2026-03-23T00:00:00","date_gmt":"2026-03-22T23:00:00","guid":{"rendered":"https:\/\/gpl-love.com\/fr\/produit\/gravityview-gravity-export\/"},"modified":"2026-04-03T18:30:32","modified_gmt":"2026-04-03T16:30:32","slug":"gravityview-gravity-export","status":"publish","type":"product","link":"https:\/\/gpl-love.com\/fr\/produit\/gravityview-gravity-export\/","title":{"rendered":"Gravity View Gravity Export 1.9.0"},"content":{"rendered":"<h3>Gravity View Gravity Export Traits<\/h3>\n<p>View Gravity View Export est un outil incroyablement robuste et efficace qui facilite l&rsquo;exportation transparente des donn\u00e9es des formulaires de gravit\u00e9. En utilisant ce plugin exceptionnel, les utilisateurs acqui\u00e8rent la possibilit\u00e9 d&rsquo;exporter sans effort leurs donn\u00e9es dans une pl\u00e9thore de formats, notamment CSV, Excel et PDF. De plus, Gravity Export permet aux utilisateurs de cuire un formulaire sp\u00e9cifique \u00e0 la main m\u00e9ticuleusement pour l&rsquo;exportation, de mettre en \u0153uvre des filtres de plage de dates pour affiner leurs donn\u00e9es et m\u00eame d&rsquo;\u00e9tablir des calendriers d&rsquo;exportation automatis\u00e9s. De plus, cet outil remarquable donne aux utilisateurs la libert\u00e9 de personnaliser leurs donn\u00e9es export\u00e9es en d\u00e9terminant quels champs les incluent et les organiser dans un ordre souhait\u00e9. Avec son interface conviviale et intuitive, Gravity View Gravity Export sert de solution ultime pour les personnes cherchant \u00e0 optimiser et \u00e0 rationaliser leurs processus de gestion des donn\u00e9es.<\/p>\n<ul>\n<li>Permet aux utilisateurs d&rsquo;exporter leurs donn\u00e9es de formulaires de gravit\u00e9 dans un format CSV personnalisable<\/li>\n<li>Offre des options d&rsquo;exportation flexibles, y compris la s\u00e9lection des entr\u00e9es de formulaire sp\u00e9cifiques, des gammes de dattes et des champs<\/li>\n<li>Permet aux utilisateurs de planifier et d&rsquo;automatiser les exportations pour gagner du temps et am\u00e9liorer le flux de travail<\/li>\n<li>Fournit des rapports et des statistiques d\u00e9taill\u00e9s pour chaque exportation, y compris le nombre d&rsquo;enregistrements export\u00e9s et toutes les erreurs rencontr\u00e9es<\/li>\n<li>Compatible avec les formes WordPress et Gravity, assurant une int\u00e9gration en douceur et une configuration facile<\/li>\n<li>Offre le support client et les ressources pour aider au d\u00e9pannage et \u00e0 l&rsquo;utilisation optimale du produit.<\/li>\n<\/ul>\n","protected":false},"excerpt":{"rendered":"<p>View Gravity View Export est un outil incroyablement robuste et efficace qui facilite l&rsquo;exportation transparente et sans effort des donn\u00e9es de formes de gravit\u00e9. Cet addon remarquable pour la vue de Gravity permet aux utilisateurs d&rsquo;exporter sans effort leurs soumissions de formulaire dans un vaste \u00e9ventail de formats polyvalents, tels que CSV, PDF et Excel. Que votre objectif soit d&rsquo;exporter des donn\u00e9es pour une analyse compl\u00e8te, des rapports d\u00e9taill\u00e9s ou un partage transparent avec les autres membres de l&rsquo;\u00e9quipe, assurez-vous que la gravit\u00e9 View Gravity Export rationalise et simplifie ce processus complexe, le rendant remarquablement simple. De plus, cette solution remarquable offre l&rsquo;avantage inestimable de la personnalisation, vous permettant de personnaliser vos exportations pour englober des champs et des donn\u00e9es sp\u00e9cifiques qui s&rsquo;alignent parfaitement avec vos exigences uniques. Par cons\u00e9quent, l&rsquo;exportation de gravit\u00e9 de la vue de gravit\u00e9 appara\u00eet comme une solution exceptionnellement flexible et \u00e9minemment pratique, id\u00e9alement adapt\u00e9e aux entreprises ou aux organisations qui s&rsquo;appuient fortement sur l&rsquo;utilisation des formes de gravit\u00e9.<\/p>\n","protected":false},"featured_media":144137,"comment_status":"open","ping_status":"open","template":"","meta":[],"product_brand":[2568],"product_cat":[1189,1181,1186],"product_tag":[1279],"class_list":{"0":"post-120705","1":"product","2":"type-product","3":"status-publish","4":"has-post-thumbnail","6":"product_brand-gravityview","7":"product_cat-personnalisation","8":"product_cat-plugins","9":"product_cat-wordpress-plugins","10":"product_tag-gravityview","11":"member-discount","12":"discount-restricted","14":"first","15":"instock","16":"sale","17":"downloadable","18":"virtual","19":"sold-individually","20":"purchasable","21":"product-type-simple"},"_links":{"self":[{"href":"https:\/\/gpl-love.com\/fr\/wp-json\/wp\/v2\/product\/120705","targetHints":{"allow":["GET"]}}],"collection":[{"href":"https:\/\/gpl-love.com\/fr\/wp-json\/wp\/v2\/product"}],"about":[{"href":"https:\/\/gpl-love.com\/fr\/wp-json\/wp\/v2\/types\/product"}],"replies":[{"embeddable":true,"href":"https:\/\/gpl-love.com\/fr\/wp-json\/wp\/v2\/comments?post=120705"}],"wp:featuredmedia":[{"embeddable":true,"href":"https:\/\/gpl-love.com\/fr\/wp-json\/wp\/v2\/media\/144137"}],"wp:attachment":[{"href":"https:\/\/gpl-love.com\/fr\/wp-json\/wp\/v2\/media?parent=120705"}],"wp:term":[{"taxonomy":"product_brand","embeddable":true,"href":"https:\/\/gpl-love.com\/fr\/wp-json\/wp\/v2\/product_brand?post=120705"},{"taxonomy":"product_cat","embeddable":true,"href":"https:\/\/gpl-love.com\/fr\/wp-json\/wp\/v2\/product_cat?post=120705"},{"taxonomy":"product_tag","embeddable":true,"href":"https:\/\/gpl-love.com\/fr\/wp-json\/wp\/v2\/product_tag?post=120705"}],"curies":[{"name":"wp","href":"https:\/\/api.w.org\/{rel}","templated":true}]}}