{"id":120703,"date":"2023-07-05T00:00:00","date_gmt":"2023-07-04T22:00:00","guid":{"rendered":"https:\/\/gpl-love.com\/fr\/produit\/call-to-action-pour-amp-cta\/"},"modified":"2026-03-20T22:57:54","modified_gmt":"2026-03-20T21:57:54","slug":"call-to-action-pour-amp-cta","status":"publish","type":"product","link":"https:\/\/gpl-love.com\/fr\/produit\/call-to-action-pour-amp-cta\/","title":{"rendered":"Call To Action pour AMP CTA 2.3.32"},"content":{"rendered":"<h3>Call To Action pour AMP CTA Traits<\/h3>\n<p>L&rsquo;AMP CTA (appel \u00e0 l&rsquo;action), qui est un outil tr\u00e8s efficace utilis\u00e9 par les sp\u00e9cialistes du marketing visant \u00e0 am\u00e9liorer les taux de conversion sur leurs pages Web mobiles, pr\u00e9sente une solution qui permet la construction de boutons, de formulaires et de divers autres \u00e9l\u00e9ments interactifs qui servent \u00e0 motiver Les utilisateurs pour entreprendre une action sp\u00e9cifique, qu&rsquo;il soit souscrit \u00e0 une newsletter ou effectuer un achat. En utilisant AMP CTA, les pages Web sont en mesure de charger rapidement, offrant ainsi aux utilisateurs une exp\u00e9rience transparente qui minimise efficacement la frustration et maximise l&rsquo;engagement. Par cons\u00e9quent, cela donne des taux de clics plus \u00e9lev\u00e9s et des taux de conversion sup\u00e9rieurs, ce qui entra\u00eene finalement des revenus et une expansion augment\u00e9s pour les entreprises de toutes amplitudes. Essentiellement, l&rsquo;utilisation de l&rsquo;AMP CTA est un imp\u00e9ratif fondamental pour tout marketing cherchant \u00e0 optimiser ses taux de conversion mobile tout en \u00e9tablissant simultan\u00e9ment une exp\u00e9rience utilisateur am\u00e9lior\u00e9e.<\/p>\n<ul>\n<li>Int\u00e9gration facile avec n&rsquo;importe quel site Web compatible AMP<\/li>\n<li>Options de conception personnalisables pour correspondre \u00e0 l&rsquo;identit\u00e9 de la marque<\/li>\n<li>Augmente les taux de clics et les conversions<\/li>\n<li>Permet la messagerie dynamique et personnalis\u00e9e<\/li>\n<li>Prend en charge divers types de boutons CTA, y compris le texte, l&rsquo;image et les ic\u00f4nes<\/li>\n<li>Fournit des analyses d\u00e9taill\u00e9es et des informations sur l&rsquo;engagement des utilisateurs<\/li>\n<li>Compatible avec les plates-formes CMS populaires<\/li>\n<li>Option pour A \/ B Tester diff\u00e9rentes variations CTA<\/li>\n<li>Conception r\u00e9active pour les appareils mobiles et de bureau<\/li>\n<li>Interface conviviale pour une gestion et une optimisation faciles.<\/li>\n<\/ul>\n","protected":false},"excerpt":{"rendered":"<p>Pr\u00e9sentation de notre appel innovant \u00e0 l&rsquo;action pour les pages mobiles acc\u00e9l\u00e9r\u00e9es (AMP CTA), une solution r\u00e9volutionnaire con\u00e7ue pour am\u00e9liorer votre exp\u00e9rience Web mobile. Cet outil de pointe augmente efficacement vos taux de conversion en rendant vos appels \u00e0 l&rsquo;action plus visibles et engageants. Avec AMP CTA, vous pouvez incorporer sans effort des mots cl\u00e9s dans votre contenu de mani\u00e8re fluide et naturelle. Les fonctionnalit\u00e9s cl\u00e9s de l&rsquo;outil incluent une mise en \u00e9vidence des mots cl\u00e9s intuitifs, ce qui aide \u00e0 attirer plus de clients potentiels et \u00e0 augmenter votre classement de moteur de recherche. De plus, les avantages de l&rsquo;outil d\u00e9passent la simple visibilit\u00e9 et l&rsquo;engagement; Il fournit \u00e9galement des informations pr\u00e9cieuses pour \u00e9clairer votre strat\u00e9gie de marketing num\u00e9rique. D\u00e9couvrez la diff\u00e9rence AMP CTA aujourd&rsquo;hui et portez votre pr\u00e9sence sur le Web mobile \u00e0 un tout nouveau niveau.<\/p>\n","protected":false},"featured_media":143348,"comment_status":"open","ping_status":"open","template":"","meta":[],"product_brand":[2447],"product_cat":[1207,1181,1186],"product_tag":[2279],"class_list":{"0":"post-120703","1":"product","2":"type-product","3":"status-publish","4":"has-post-thumbnail","6":"product_brand-amp-wp","7":"product_cat-commercialisation-wordpress-plugins","8":"product_cat-plugins","9":"product_cat-wordpress-plugins","10":"product_tag-amp-wp","11":"member-discount","12":"discount-restricted","14":"first","15":"instock","16":"sale","17":"downloadable","18":"virtual","19":"sold-individually","20":"purchasable","21":"product-type-simple"},"_links":{"self":[{"href":"https:\/\/gpl-love.com\/fr\/wp-json\/wp\/v2\/product\/120703","targetHints":{"allow":["GET"]}}],"collection":[{"href":"https:\/\/gpl-love.com\/fr\/wp-json\/wp\/v2\/product"}],"about":[{"href":"https:\/\/gpl-love.com\/fr\/wp-json\/wp\/v2\/types\/product"}],"replies":[{"embeddable":true,"href":"https:\/\/gpl-love.com\/fr\/wp-json\/wp\/v2\/comments?post=120703"}],"wp:featuredmedia":[{"embeddable":true,"href":"https:\/\/gpl-love.com\/fr\/wp-json\/wp\/v2\/media\/143348"}],"wp:attachment":[{"href":"https:\/\/gpl-love.com\/fr\/wp-json\/wp\/v2\/media?parent=120703"}],"wp:term":[{"taxonomy":"product_brand","embeddable":true,"href":"https:\/\/gpl-love.com\/fr\/wp-json\/wp\/v2\/product_brand?post=120703"},{"taxonomy":"product_cat","embeddable":true,"href":"https:\/\/gpl-love.com\/fr\/wp-json\/wp\/v2\/product_cat?post=120703"},{"taxonomy":"product_tag","embeddable":true,"href":"https:\/\/gpl-love.com\/fr\/wp-json\/wp\/v2\/product_tag?post=120703"}],"curies":[{"name":"wp","href":"https:\/\/api.w.org\/{rel}","templated":true}]}}