{"id":120694,"date":"2026-02-05T00:00:00","date_gmt":"2026-02-04T23:00:00","guid":{"rendered":"https:\/\/gpl-love.com\/fr\/produit\/woocommerce-canada-post-shipping-method\/"},"modified":"2026-04-10T18:46:19","modified_gmt":"2026-04-10T16:46:19","slug":"woocommerce-canada-post-shipping-method","status":"publish","type":"product","link":"https:\/\/gpl-love.com\/fr\/produit\/woocommerce-canada-post-shipping-method\/","title":{"rendered":"WooCommerce Canada Post Shipping Method 3.2.5"},"content":{"rendered":"<h3>WooCommerce Canada Post Shipping Method Traits<\/h3>\n<p>Le WooCommerce Canada Post M\u00e9thode d&rsquo;exp\u00e9dition, un plugin robuste et commod\u00e9ment con\u00e7u, poss\u00e8de la capacit\u00e9 d&rsquo;int\u00e9grer sans couture et sans effort le Canada Post Shipping dans n&rsquo;importe quelle boutique en ligne WooCommerce. Ce plugin poss\u00e8de une gamme diversifi\u00e9e de fonctionnalit\u00e9s exquises, englobant le suivi en temps r\u00e9el, de nombreuses options d&rsquo;exp\u00e9dition, des calculs de taux automatis\u00e9s et l&rsquo;impression d&rsquo;\u00e9tiquettes sans effort. En raison de sa fonctionnalit\u00e9 remarquablement conviviale et de son interface intuitivement con\u00e7ue, ce plugin simplifie efficacement l&rsquo;int\u00e9gralit\u00e9 du processus d&rsquo;exp\u00e9dition, garantissant que les clients re\u00e7oivent leurs commandes rapidement et efficacement. Que vous soyez le propri\u00e9taire d&rsquo;une entreprise de taille modeste ou du surveillant d&rsquo;un vaste emporium en ligne, la m\u00e9thode de livraison WooCommerce Canada sert d&rsquo;outil indispensable pour optimiser et rationaliser vos op\u00e9rations d&rsquo;exp\u00e9dition tout en fournissant simultan\u00e9ment le service client superlatif.<\/p>\n<ul>\n<li>Permet aux utilisateurs de WooCommerce d&rsquo;int\u00e9grer facilement les options de livraison du Canada dans leur boutique en ligne<\/li>\n<li>Offre des tarifs en temps r\u00e9el et des estimations de livraison en fonction de l&rsquo;adresse d&rsquo;exp\u00e9dition du client et des produits s\u00e9lectionn\u00e9s<\/li>\n<li>Soutient les exp\u00e9ditions nationales et internationales du Canada vers diverses destinations du monde<\/li>\n<li>Donne aux clients la possibilit\u00e9 de choisir parmi diverses m\u00e9thodes d&rsquo;exp\u00e9dition et niveaux de service en fonction de leurs pr\u00e9f\u00e9rences et de leur budget<\/li>\n<li>Fournit des fonctionnalit\u00e9s int\u00e9gr\u00e9es pour calculer les frais d&rsquo;exp\u00e9dition, cr\u00e9er des \u00e9tiquettes d&rsquo;exp\u00e9dition et suivre les exp\u00e9ditions en temps r\u00e9el<\/li>\n<li>Livr\u00e9 avec une interface conviviale et une documentation d\u00e9taill\u00e9e pour aider les utilisateurs \u00e0 d\u00e9marrer rapidement et facilement<\/li>\n<li>Fonctionne de mani\u00e8re transparente avec d&rsquo;autres plugins et extensions WooCommerce pour am\u00e9liorer la fonctionnalit\u00e9 globale de la boutique en ligne<\/li>\n<li>Fournit des options d&rsquo;exp\u00e9dition fiables et s\u00e9curis\u00e9es pour garantir que les clients re\u00e7oivent leurs commandes en temps opportun et professionnel<\/li>\n<li>\u00c9conomise du temps et de l&rsquo;argent pour les commer\u00e7ants en automatisant l&rsquo;int\u00e9gralit\u00e9 du processus d&rsquo;exp\u00e9dition et en \u00e9liminant la n\u00e9cessit\u00e9 de calculer manuellement les frais d&rsquo;exp\u00e9dition et d&rsquo;imprimer les \u00e9tiquettes d&rsquo;exp\u00e9dition.<\/li>\n<\/ul>\n","protected":false},"excerpt":{"rendered":"<p>Le plugin WooCommerce Canada Post Method, connu pour ses immenses capacit\u00e9s, sert d&rsquo;important inestimable pour les propri\u00e9taires de magasins de commerce \u00e9lectronique souhaitant optimiser et simplifier leurs op\u00e9rations d&rsquo;exp\u00e9dition. En int\u00e9grant de mani\u00e8re transparente les magasins WooCommerce des fournisseurs canadiens avec le Canada Post, le transporteur d&rsquo;exp\u00e9dition pr\u00e9\u00e9minent au sein du pays, ce plugin permet aux clients d&rsquo;\u00e9lire sans effort leur m\u00e9thode d&rsquo;exp\u00e9dition pr\u00e9f\u00e9r\u00e9e au stade de paie poids, destination et plus encore. En vous profitant de ce plugin de pointe, non seulement vous r\u00e9colterez les r\u00e9compenses du temps et de l&rsquo;effort de sauvegarde, mais votre client\u00e8le sera \u00e9galement appr\u00e9ci\u00e9 dans une exp\u00e9rience d&rsquo;achat parfaitement fluide et gratifiante. Pascez pas de temps et propulsez votre entreprise en ligne \u00e0 des hauteurs sans pr\u00e9c\u00e9dent en acqu\u00e9rant la m\u00e9thode d&rsquo;exp\u00e9dition de WooCommerce Canada d\u00e8s aujourd&rsquo;hui!<\/p>\n","protected":false},"featured_media":145827,"comment_status":"open","ping_status":"open","template":"","meta":[],"product_brand":[2440],"product_cat":[1183,1182,1181],"product_tag":[1398],"class_list":{"0":"post-120694","1":"product","2":"type-product","3":"status-publish","4":"has-post-thumbnail","6":"product_brand-woocommerce","7":"product_cat-administration","8":"product_cat-commerce-electronique-plugins","9":"product_cat-plugins","10":"product_tag-woocommerce","11":"member-discount","12":"discount-restricted","14":"first","15":"instock","16":"sale","17":"downloadable","18":"virtual","19":"sold-individually","20":"purchasable","21":"product-type-simple"},"_links":{"self":[{"href":"https:\/\/gpl-love.com\/fr\/wp-json\/wp\/v2\/product\/120694","targetHints":{"allow":["GET"]}}],"collection":[{"href":"https:\/\/gpl-love.com\/fr\/wp-json\/wp\/v2\/product"}],"about":[{"href":"https:\/\/gpl-love.com\/fr\/wp-json\/wp\/v2\/types\/product"}],"replies":[{"embeddable":true,"href":"https:\/\/gpl-love.com\/fr\/wp-json\/wp\/v2\/comments?post=120694"}],"wp:featuredmedia":[{"embeddable":true,"href":"https:\/\/gpl-love.com\/fr\/wp-json\/wp\/v2\/media\/145827"}],"wp:attachment":[{"href":"https:\/\/gpl-love.com\/fr\/wp-json\/wp\/v2\/media?parent=120694"}],"wp:term":[{"taxonomy":"product_brand","embeddable":true,"href":"https:\/\/gpl-love.com\/fr\/wp-json\/wp\/v2\/product_brand?post=120694"},{"taxonomy":"product_cat","embeddable":true,"href":"https:\/\/gpl-love.com\/fr\/wp-json\/wp\/v2\/product_cat?post=120694"},{"taxonomy":"product_tag","embeddable":true,"href":"https:\/\/gpl-love.com\/fr\/wp-json\/wp\/v2\/product_tag?post=120694"}],"curies":[{"name":"wp","href":"https:\/\/api.w.org\/{rel}","templated":true}]}}