{"id":120674,"date":"2024-05-12T00:00:00","date_gmt":"2024-05-11T22:00:00","guid":{"rendered":"https:\/\/gpl-love.com\/fr\/produit\/wp-rss-aggregator-categories-addon\/"},"modified":"2026-03-20T23:50:33","modified_gmt":"2026-03-20T22:50:33","slug":"wp-rss-aggregator-categories-addon","status":"publish","type":"product","link":"https:\/\/gpl-love.com\/fr\/produit\/wp-rss-aggregator-categories-addon\/","title":{"rendered":"WP RSS Aggregator Categories Addon 1.3.3"},"content":{"rendered":"<h3>WP RSS Aggregator Categories Addon Traits<\/h3>\n<p>Les cat\u00e9gories de l&rsquo;agr\u00e9gateur WP RSS, Addon, un outil incroyablement puissant, donne aux utilisateurs la capacit\u00e9 de classer sans effort leurs \u00e9l\u00e9ments de flux RSS. Sp\u00e9cifiquement con\u00e7u pour s&rsquo;int\u00e9grer de mani\u00e8re transparente au plugin d&rsquo;agr\u00e9gateur WP RSS, cet addon augmente sa fonctionnalit\u00e9 en introduisant une organisation de contenu am\u00e9lior\u00e9e. Arm\u00e9s de cet outil ing\u00e9nieux, les utilisateurs poss\u00e8dent la capacit\u00e9 remarquable de g\u00e9n\u00e9rer de nombreuses cat\u00e9gories, d&rsquo;attribuer des \u00e9l\u00e9ments de flux \u00e0 des cat\u00e9gories d\u00e9sign\u00e9es et m\u00eame de pr\u00e9senter des flux sp\u00e9cifiques \u00e0 la cat\u00e9gorie sur leurs sites Web estim\u00e9s. Peu importe que vous occupiez le r\u00f4le d&rsquo;un blogueur diligent, d&rsquo;un conservateur de contenu m\u00e9ticuleux ou d&rsquo;un propri\u00e9taire de site Web astucieux, l&rsquo;indisppensabilit\u00e9 de l&rsquo;addon des cat\u00e9gories de l&rsquo;agr\u00e9gateur WP RSS dans la rationalisation de votre contenu et l&rsquo;\u00e9l\u00e9vation de l&rsquo;exp\u00e9rience utilisateur sur votre site Web ch\u00e9ris ne peut pas \u00eatre surestim\u00e9e.<\/p>\n<ul>\n<li>Classez et organisez facilement vos flux RSS import\u00e9s<\/li>\n<li>Ajoutez autant de cat\u00e9gories que vous devez garder votre contenu organis\u00e9<\/li>\n<li>Attribuer plusieurs cat\u00e9gories \u00e0 un seul message pour une plus grande flexibilit\u00e9<\/li>\n<li>Les \u00e9tiquettes de cat\u00e9gorie personnalisables vous permettent d&rsquo;utiliser vos propres conventions de d\u00e9nomination<\/li>\n<li>Fonctionne parfaitement avec le plugin d&rsquo;agr\u00e9gateur WP RSS pour am\u00e9liorer sa fonctionnalit\u00e9<\/li>\n<li>Met automatiquement \u00e0 jour la cat\u00e9gorie des publications lorsque le nouveau contenu est import\u00e9<\/li>\n<li>Simplifie le processus de gestion de plusieurs flux RSS sur votre site Web<\/li>\n<li>Un outil pr\u00e9cieux pour les conservateurs de contenu et les propri\u00e9taires de sites Web qui s&rsquo;appuient sur les flux RSS pour leur strat\u00e9gie de contenu<\/li>\n<li>L&rsquo;interface conviviale facilite la gestion des cat\u00e9gories et les affecter \u00e0 des messages en quelques clics<\/li>\n<li>Les mises \u00e0 jour logicielles r\u00e9guli\u00e8res garantissent que le plugin est fiable et compatible avec la derni\u00e8re version de WordPress<\/li>\n<\/ul>\n","protected":false},"excerpt":{"rendered":"<p>Les cat\u00e9gories de l&rsquo;agr\u00e9gateur WP RSS Addon, un outil robuste et efficace, pr\u00e9sente une solution transparente pour la cat\u00e9gorisation sans effort de vos flux RSS. En utilisant ce plugin, vous gagnez la possibilit\u00e9 de regrouper facilement vos aliments RSS dans diverses cat\u00e9gories, am\u00e9liorant ainsi la facilit\u00e9 de gestion du contenu et optimisant l&rsquo;exp\u00e9rience utilisateur sur votre site Web. L&rsquo;incorporation de cet addon facilite l&rsquo;ajout rapide et simple de nouvelles cat\u00e9gories, l&rsquo;organisation syst\u00e9matique de vos flux et l&rsquo;\u00e9tablissement d&rsquo;une structure de contenu coh\u00e9rente et rationalis\u00e9e. Que vous soyez un blogueur, un journaliste ou un sp\u00e9cialiste du marketing de contenu, l&rsquo;addon de cat\u00e9gories d&rsquo;agr\u00e9gateurs WP RSS appara\u00eet comme un outil indispensable, propulsant vos efforts de gestion de contenu \u00e0 des hauteurs in\u00e9gal\u00e9es.<\/p>\n","protected":false},"featured_media":146199,"comment_status":"open","ping_status":"open","template":"","meta":[],"product_brand":[2731],"product_cat":[1189,1181,1186],"product_tag":[2295],"class_list":{"0":"post-120674","1":"product","2":"type-product","3":"status-publish","4":"has-post-thumbnail","6":"product_brand-wp-rss-aggregator","7":"product_cat-personnalisation","8":"product_cat-plugins","9":"product_cat-wordpress-plugins","10":"product_tag-wp-rss-aggregator","11":"member-discount","12":"discount-restricted","14":"first","15":"instock","16":"sale","17":"downloadable","18":"virtual","19":"sold-individually","20":"purchasable","21":"product-type-simple"},"_links":{"self":[{"href":"https:\/\/gpl-love.com\/fr\/wp-json\/wp\/v2\/product\/120674","targetHints":{"allow":["GET"]}}],"collection":[{"href":"https:\/\/gpl-love.com\/fr\/wp-json\/wp\/v2\/product"}],"about":[{"href":"https:\/\/gpl-love.com\/fr\/wp-json\/wp\/v2\/types\/product"}],"replies":[{"embeddable":true,"href":"https:\/\/gpl-love.com\/fr\/wp-json\/wp\/v2\/comments?post=120674"}],"wp:featuredmedia":[{"embeddable":true,"href":"https:\/\/gpl-love.com\/fr\/wp-json\/wp\/v2\/media\/146199"}],"wp:attachment":[{"href":"https:\/\/gpl-love.com\/fr\/wp-json\/wp\/v2\/media?parent=120674"}],"wp:term":[{"taxonomy":"product_brand","embeddable":true,"href":"https:\/\/gpl-love.com\/fr\/wp-json\/wp\/v2\/product_brand?post=120674"},{"taxonomy":"product_cat","embeddable":true,"href":"https:\/\/gpl-love.com\/fr\/wp-json\/wp\/v2\/product_cat?post=120674"},{"taxonomy":"product_tag","embeddable":true,"href":"https:\/\/gpl-love.com\/fr\/wp-json\/wp\/v2\/product_tag?post=120674"}],"curies":[{"name":"wp","href":"https:\/\/api.w.org\/{rel}","templated":true}]}}