{"id":120673,"date":"2021-12-15T00:00:00","date_gmt":"2021-12-14T23:00:00","guid":{"rendered":"https:\/\/gpl-love.com\/fr\/produit\/wp-rss-aggregator-full-text-rss-feeds\/"},"modified":"2026-03-20T23:50:35","modified_gmt":"2026-03-20T22:50:35","slug":"wp-rss-aggregator-full-text-rss-feeds","status":"publish","type":"product","link":"https:\/\/gpl-love.com\/fr\/produit\/wp-rss-aggregator-full-text-rss-feeds\/","title":{"rendered":"WP RSS Aggregator Full Text RSS Feeds 1.3.2"},"content":{"rendered":"<h3>WP RSS Aggregator Full Text RSS Feeds Traits<\/h3>\n<p>WP RSS Aggregator Full Text RSS Feeds est un outil incroyablement robuste et efficace qui vous offre la capacit\u00e9 transparente pour importer et pr\u00e9senter sans effort RSS en texte complet sur votre site Web WordPress. Ce plugin remarquable vous permet non seulement d&rsquo;incorporer rapidement et sans effort de nouvelles sources de contenu captivantes sur votre site Web, mais il sert \u00e9galement \u00e0 renforcer consid\u00e9rablement les classements des moteurs de recherche de votre site Web, \u00e0 amplifier l&rsquo;engagement avec vos visiteurs estim\u00e9s et \u00e0 rehausser l&rsquo;exp\u00e9rience utilisateur globale. De plus, le plugin lui-m\u00eame poss\u00e8de une interface conviviale in\u00e9gal\u00e9e et un processus de configuration extr\u00eamement simple, garantissant que la gestion de vos flux et la personnalisation de l&rsquo;affichage de votre contenu est une brise absolue. Que vous soyez un blogueur passionn\u00e9, un sp\u00e9cialiste du marketing de contenu qualifi\u00e9 ou un propri\u00e9taire de site Web d\u00e9di\u00e9, WP RSS Aggregator Film Filds RSS est un outil indispensable et obligatoire qui am\u00e9liorera ind\u00e9niablement votre site Web en lui infusant un flux constant de victime et captivante contenu.<\/p>\n<ul>\n<li>Acc\u00e8s aux flux RSS en texte int\u00e9gral \u00e0 partir de n&rsquo;importe quel site Web<\/li>\n<li>Int\u00e9gration avec des sites WordPress<\/li>\n<li>Mises \u00e0 jour automatiques de contenu sur votre site<\/li>\n<li>Options d&rsquo;affichage personnalisables pour le contenu import\u00e9<\/li>\n<li>Interface conviviale pour la gestion des flux et du contenu<\/li>\n<li>Des performances fiables et efficaces pour g\u00e9rer de grandes quantit\u00e9s de contenu<\/li>\n<li>Options de filtrage et de tri flexibles<\/li>\n<li>Capacit\u00e9 \u00e0 importer du contenu \u00e0 partir de plusieurs sources<\/li>\n<li>Compatibilit\u00e9 avec les th\u00e8mes et plugins WordPress populaires<\/li>\n<li>Support client d\u00e9di\u00e9 et mises \u00e0 jour r\u00e9guli\u00e8res du plugin.<\/li>\n<\/ul>\n","protected":false},"excerpt":{"rendered":"<p>Le WP RSS Aggregator Full Text RSS Feeds est un outil incroyablement robuste et tr\u00e8s efficace qui poss\u00e8de la capacit\u00e9 remarquable d&rsquo;extraire du contenu complet de divers flux RSS et de le pr\u00e9senter de mani\u00e8re transparente sur votre site WordPress. Ce plugin exceptionnel vous offre la possibilit\u00e9 d&rsquo;importer et de pr\u00e9senter sans effort le contenu pertinent de nombreuses sources, servant ainsi de m\u00e9thode exceptionnelle pour mettre \u00e0 jour syst\u00e9matiquement votre site Web avec du mat\u00e9riel frais et captivant. De plus, gr\u00e2ce \u00e0 ses param\u00e8tres hautement personnalisables, vous avez la possibilit\u00e9 de manipuler sans effort l&rsquo;apparence de vos flux RSS afin de s&rsquo;aligner parfaitement sur le style unique de votre marque, en vous garantissant finalement que vos visiteurs estim\u00e9s restent pleinement engag\u00e9s tout au long de leur exp\u00e9rience de navigation. En r\u00e9sum\u00e9, il est ind\u00e9niable que WP RSS Aggregator Text RSS Feeds est une solution exemplaire pour quiconque s&rsquo;efforce d&rsquo;optimiser et de rationaliser leur processus de cr\u00e9ation de contenu, tout en conduisant efficacement une quantit\u00e9 substantielle de trafic vers son site Web estim\u00e9.<\/p>\n","protected":false},"featured_media":146201,"comment_status":"open","ping_status":"open","template":"","meta":[],"product_brand":[2731],"product_cat":[1189,1181,1186],"product_tag":[2295],"class_list":{"0":"post-120673","1":"product","2":"type-product","3":"status-publish","4":"has-post-thumbnail","6":"product_brand-wp-rss-aggregator","7":"product_cat-personnalisation","8":"product_cat-plugins","9":"product_cat-wordpress-plugins","10":"product_tag-wp-rss-aggregator","11":"member-discount","12":"discount-restricted","14":"first","15":"instock","16":"sale","17":"downloadable","18":"virtual","19":"sold-individually","20":"purchasable","21":"product-type-simple"},"_links":{"self":[{"href":"https:\/\/gpl-love.com\/fr\/wp-json\/wp\/v2\/product\/120673","targetHints":{"allow":["GET"]}}],"collection":[{"href":"https:\/\/gpl-love.com\/fr\/wp-json\/wp\/v2\/product"}],"about":[{"href":"https:\/\/gpl-love.com\/fr\/wp-json\/wp\/v2\/types\/product"}],"replies":[{"embeddable":true,"href":"https:\/\/gpl-love.com\/fr\/wp-json\/wp\/v2\/comments?post=120673"}],"wp:featuredmedia":[{"embeddable":true,"href":"https:\/\/gpl-love.com\/fr\/wp-json\/wp\/v2\/media\/146201"}],"wp:attachment":[{"href":"https:\/\/gpl-love.com\/fr\/wp-json\/wp\/v2\/media?parent=120673"}],"wp:term":[{"taxonomy":"product_brand","embeddable":true,"href":"https:\/\/gpl-love.com\/fr\/wp-json\/wp\/v2\/product_brand?post=120673"},{"taxonomy":"product_cat","embeddable":true,"href":"https:\/\/gpl-love.com\/fr\/wp-json\/wp\/v2\/product_cat?post=120673"},{"taxonomy":"product_tag","embeddable":true,"href":"https:\/\/gpl-love.com\/fr\/wp-json\/wp\/v2\/product_tag?post=120673"}],"curies":[{"name":"wp","href":"https:\/\/api.w.org\/{rel}","templated":true}]}}