{"id":120672,"date":"2021-12-15T00:00:00","date_gmt":"2021-12-14T23:00:00","guid":{"rendered":"https:\/\/gpl-love.com\/fr\/produit\/wp-rss-aggregator-keyword-filtering-addon\/"},"modified":"2026-03-20T23:50:35","modified_gmt":"2026-03-20T22:50:35","slug":"wp-rss-aggregator-keyword-filtering-addon","status":"publish","type":"product","link":"https:\/\/gpl-love.com\/fr\/produit\/wp-rss-aggregator-keyword-filtering-addon\/","title":{"rendered":"WP RSS Aggregator Keyword Filtering Addon 1.7"},"content":{"rendered":"<h3>WP RSS Aggregator Keyword Filtering Addon Traits<\/h3>\n<p>L&rsquo;addon de filtrage des mots cl\u00e9s de l&rsquo;agr\u00e9gateur WP RSS, qui est un outil tr\u00e8s utile et efficace, a \u00e9t\u00e9 sp\u00e9cifiquement d\u00e9velopp\u00e9 pour faciliter les utilisateurs dans le filtrage et l&rsquo;organisation sans effort de leurs flux RSS sur leur site Web WordPress. En utilisant des mots cl\u00e9s et des phrases, les utilisateurs peuvent passer efficacement les quantit\u00e9s importantes de contenu, \u00e9liminant efficacement le mat\u00e9riel ind\u00e9sirable. L&rsquo;interface conviviale et intuitive de cet addon fait du processus de configuration et de gestion des filtres une exp\u00e9rience transparente. De plus, le WP RSS Aggregator Key Motsword Filtring Addon offre aux utilisateurs un large \u00e9ventail d&rsquo;options de personnalisation, ce qui leur permet d&rsquo;adapter m\u00e9ticuleusement leurs filtres pour r\u00e9pondre \u00e0 leurs exigences individuelles. Que vous soyez un blogueur, un marketing de contenu ou un propri\u00e9taire de site Web, cet addon sert d&rsquo;atout indispensable, facilitant l&rsquo;optimisation de votre flux de travail de gestion de contenu et am\u00e9liorant la qualit\u00e9 globale et la pertinence de votre contenu.<\/p>\n<ul>\n<li>Filtrez sans effort le contenu non pertinent de vos flux RSS avec facilit\u00e9<\/li>\n<li>Rationalisez votre consommation de contenu en affichant uniquement du contenu qui correspond \u00e0 vos mots cl\u00e9s sp\u00e9cifiques<\/li>\n<li>Gagner du temps et augmenter la productivit\u00e9 en excluant automatiquement le contenu qui ne r\u00e9pond pas \u00e0 vos crit\u00e8res<\/li>\n<li>Restez au courant des d\u00e9veloppements dans votre industrie en recevant uniquement des articles, des nouvelles et des mises \u00e0 jour pertinentes<\/li>\n<li>Profitez d&rsquo;un contr\u00f4le complet sur le type de contenu que vous recevez via des flux RSS<\/li>\n<li>Stimulez la qualit\u00e9 du contenu que vous consommez en \u00e9liminant le bruit frustrant de votre flux<\/li>\n<li>Personnalisez facilement vos param\u00e8tres de filtrage pour refl\u00e9ter vos besoins sp\u00e9cifiques<\/li>\n<li>Am\u00e9liorez en continu votre strat\u00e9gie de contenu et restez en avance sur la concurrence avec le filtrage des mots cl\u00e9s strat\u00e9giques<\/li>\n<li>S&rsquo;int\u00e8gre parfaitement \u00e0 l&rsquo;agr\u00e9gateur WP RSS, am\u00e9liorant ses fonctionnalit\u00e9s et rendant votre exp\u00e9rience de consommation de contenu encore plus efficace<\/li>\n<li>B\u00e9n\u00e9ficier d&rsquo;un addon soutenu par un soutien technique impressionnant pour une tranquillit\u00e9 d&rsquo;esprit compl\u00e8te<\/li>\n<\/ul>\n","protected":false},"excerpt":{"rendered":"<p>L&rsquo;addon de filtrage des mots cl\u00e9s de l&rsquo;agr\u00e9gateur WP RSS est un outil indispensable et tr\u00e8s pr\u00e9cieux qui s&rsquo;adresse aux personnes qui ont un besoin urgent de filtrer le contenu des flux RSS. En utilisant ce plugin, les utilisateurs sont autoris\u00e9s \u00e0 \u00e9tablir et \u00e0 configurer des filtres de mots cl\u00e9s personnalis\u00e9s, garantissant l&rsquo;exposition de contenu uniquement pertinent et pertinents dans leurs flux. Avec la capacit\u00e9 remarquable d&rsquo;exclure des mots ou des phrases d\u00e9sign\u00e9s, les individus seront capables de calibrer m\u00e9ticuleusement leurs aliments pour s&rsquo;aligner parfaitement avec leurs exigences distinctes et sp\u00e9cifiques. Peu importe si un individu provient des domaines des blogs, du marketing ou de l&rsquo;agr\u00e9gation de contenu, cet addon extraordinaire servira sans aucun doute de ressources \u00e9conomes et indispensables, en veillant \u00e0 ce que son public estim\u00e9 ne soit condamn\u00e9 au contenu qu&rsquo;il en est.<\/p>\n","protected":false},"featured_media":146202,"comment_status":"open","ping_status":"open","template":"","meta":[],"product_brand":[2731],"product_cat":[1189,1181,1186],"product_tag":[2295],"class_list":{"0":"post-120672","1":"product","2":"type-product","3":"status-publish","4":"has-post-thumbnail","6":"product_brand-wp-rss-aggregator","7":"product_cat-personnalisation","8":"product_cat-plugins","9":"product_cat-wordpress-plugins","10":"product_tag-wp-rss-aggregator","11":"member-discount","12":"discount-restricted","14":"first","15":"instock","16":"sale","17":"downloadable","18":"virtual","19":"sold-individually","20":"purchasable","21":"product-type-simple"},"_links":{"self":[{"href":"https:\/\/gpl-love.com\/fr\/wp-json\/wp\/v2\/product\/120672","targetHints":{"allow":["GET"]}}],"collection":[{"href":"https:\/\/gpl-love.com\/fr\/wp-json\/wp\/v2\/product"}],"about":[{"href":"https:\/\/gpl-love.com\/fr\/wp-json\/wp\/v2\/types\/product"}],"replies":[{"embeddable":true,"href":"https:\/\/gpl-love.com\/fr\/wp-json\/wp\/v2\/comments?post=120672"}],"wp:featuredmedia":[{"embeddable":true,"href":"https:\/\/gpl-love.com\/fr\/wp-json\/wp\/v2\/media\/146202"}],"wp:attachment":[{"href":"https:\/\/gpl-love.com\/fr\/wp-json\/wp\/v2\/media?parent=120672"}],"wp:term":[{"taxonomy":"product_brand","embeddable":true,"href":"https:\/\/gpl-love.com\/fr\/wp-json\/wp\/v2\/product_brand?post=120672"},{"taxonomy":"product_cat","embeddable":true,"href":"https:\/\/gpl-love.com\/fr\/wp-json\/wp\/v2\/product_cat?post=120672"},{"taxonomy":"product_tag","embeddable":true,"href":"https:\/\/gpl-love.com\/fr\/wp-json\/wp\/v2\/product_tag?post=120672"}],"curies":[{"name":"wp","href":"https:\/\/api.w.org\/{rel}","templated":true}]}}