{"id":120671,"date":"2021-12-15T00:00:00","date_gmt":"2021-12-14T23:00:00","guid":{"rendered":"https:\/\/gpl-love.com\/fr\/produit\/wp-rss-aggregator-templates-addon\/"},"modified":"2026-03-20T23:50:36","modified_gmt":"2026-03-20T22:50:36","slug":"wp-rss-aggregator-templates-addon","status":"publish","type":"product","link":"https:\/\/gpl-love.com\/fr\/produit\/wp-rss-aggregator-templates-addon\/","title":{"rendered":"WP RSS Aggregator Templates Addon 0.2"},"content":{"rendered":"<h3>WP RSS Aggregator Templates Addon Traits<\/h3>\n<p>L&rsquo;addon de mod\u00e8les d&rsquo;agr\u00e9gateur WP RSS est un outil tr\u00e8s indispensable qui est absolument essentiel pour tous ceux qui utilisent le plugin d&rsquo;agr\u00e9gateur WP RSS. Cet addon remarquable est \u00e9quip\u00e9 d&rsquo;une vaste gamme de mod\u00e8les pr\u00e9-con\u00e7us qui offrent une large gamme d&rsquo;options pour vous personnaliser et modifier l&rsquo;apparence et l&rsquo;ambiance de vos flux RSS. Ce qui distingue cet addon, c&rsquo;est sa nature conviviale et l&rsquo;inclusion d&rsquo;une interface simple, ce qui simplifie consid\u00e9rablement le processus de s\u00e9lection du mod\u00e8le qui convient le plus \u00e0 vos exigences sp\u00e9cifiques. Gr\u00e2ce aux mod\u00e8les d&rsquo;agr\u00e9gateur WP RSS Addon, vous pouvez cr\u00e9er sans effort et de mani\u00e8re transparente des flux RSS qui poss\u00e8dent une apparence professionnelle et polie, m\u00e9ticuleusement adapt\u00e9e pour s&rsquo;aligner parfaitement sur le style et la voix uniques de votre marque. Que vous soyez un blogueur d\u00e9vou\u00e9, un sp\u00e9cialiste du marketing avis\u00e9 ou un \u00e9diteur en ligne astucieux, cet addon inestimable devrait \u00eatre un incontournable absolu pour quiconque souhaite augmenter et \u00e9lever l&rsquo;attrait visuel et l&rsquo;exp\u00e9rience utilisateur de leur flux RSS.<\/p>\n<ul>\n<li>Acc\u00e8s \u00e0 une biblioth\u00e8que de mod\u00e8les con\u00e7us par des professionnels pour l&rsquo;agr\u00e9gateur WP RSS<\/li>\n<li>Possibilit\u00e9 de personnaliser et de modifier des mod\u00e8les pour s&rsquo;adapter \u00e0 la marque et au style de votre site Web<\/li>\n<li>Int\u00e9gration facile avec le plugin d&rsquo;agr\u00e9gateur WP RSS<\/li>\n<li>Options pour afficher les \u00e9l\u00e9ments de flux, les images et les informations source de mani\u00e8re visuellement attrayante<\/li>\n<li>Mod\u00e8les sensibles aux mobiles pour une visualisation optimale sur tous les appareils<\/li>\n<li>Compatibilit\u00e9 avec d&rsquo;autres plugins WordPress populaires pour plus de fonctionnalit\u00e9s et de flexibilit\u00e9<\/li>\n<li>Mises \u00e0 jour r\u00e9guli\u00e8res et soutien de l&rsquo;\u00e9quipe d&rsquo;agr\u00e9gateurs WP RSS.<\/li>\n<\/ul>\n","protected":false},"excerpt":{"rendered":"<p>L&rsquo;ajout de l&rsquo;addon de mod\u00e8les d&rsquo;agr\u00e9gateurs WP RSS est tr\u00e8s avantageux pour votre site Web car il am\u00e9liore la pr\u00e9sentation de votre flux RSS gr\u00e2ce \u00e0 la fourniture de mod\u00e8les m\u00e9ticuleusement con\u00e7us. En utilisant cet addon, vous avez la possibilit\u00e9 de modifier sans effort l&rsquo;attrait esth\u00e9tique de votre flux RSS, garantissant ainsi qu&rsquo;il s&rsquo;harmonise parfaitement avec la conception globale de votre site Web. Par cons\u00e9quent, vous pouvez cr\u00e9er une exp\u00e9rience utilisateur gratifiante pour vos visiteurs qui est \u00e0 la fois captivante et immersive. Le large \u00e9ventail de mod\u00e8les disponibles vous permet de pr\u00e9senter le contenu de votre flux de mani\u00e8re visuellement attrayante et bien organis\u00e9e, facilitant ainsi la capacit\u00e9 de vos lecteurs \u00e0 rester bien inform\u00e9 avec les nouvelles et les mises \u00e0 jour les plus r\u00e9centes. Que vous op\u00e9rez un site d&rsquo;information ou un blog, l&rsquo;addon de mod\u00e8les d&rsquo;agr\u00e9gateur WP RSS est un outil indispensable pour tout site Web qui repose sur l&rsquo;utilisation des flux RSS.<\/p>\n","protected":false},"featured_media":146203,"comment_status":"open","ping_status":"open","template":"","meta":[],"product_brand":[2731],"product_cat":[1189,1181,1186],"product_tag":[2295],"class_list":{"0":"post-120671","1":"product","2":"type-product","3":"status-publish","4":"has-post-thumbnail","6":"product_brand-wp-rss-aggregator","7":"product_cat-personnalisation","8":"product_cat-plugins","9":"product_cat-wordpress-plugins","10":"product_tag-wp-rss-aggregator","11":"member-discount","12":"discount-restricted","14":"first","15":"instock","16":"sale","17":"downloadable","18":"virtual","19":"sold-individually","20":"purchasable","21":"product-type-simple"},"_links":{"self":[{"href":"https:\/\/gpl-love.com\/fr\/wp-json\/wp\/v2\/product\/120671","targetHints":{"allow":["GET"]}}],"collection":[{"href":"https:\/\/gpl-love.com\/fr\/wp-json\/wp\/v2\/product"}],"about":[{"href":"https:\/\/gpl-love.com\/fr\/wp-json\/wp\/v2\/types\/product"}],"replies":[{"embeddable":true,"href":"https:\/\/gpl-love.com\/fr\/wp-json\/wp\/v2\/comments?post=120671"}],"wp:featuredmedia":[{"embeddable":true,"href":"https:\/\/gpl-love.com\/fr\/wp-json\/wp\/v2\/media\/146203"}],"wp:attachment":[{"href":"https:\/\/gpl-love.com\/fr\/wp-json\/wp\/v2\/media?parent=120671"}],"wp:term":[{"taxonomy":"product_brand","embeddable":true,"href":"https:\/\/gpl-love.com\/fr\/wp-json\/wp\/v2\/product_brand?post=120671"},{"taxonomy":"product_cat","embeddable":true,"href":"https:\/\/gpl-love.com\/fr\/wp-json\/wp\/v2\/product_cat?post=120671"},{"taxonomy":"product_tag","embeddable":true,"href":"https:\/\/gpl-love.com\/fr\/wp-json\/wp\/v2\/product_tag?post=120671"}],"curies":[{"name":"wp","href":"https:\/\/api.w.org\/{rel}","templated":true}]}}