{"id":120669,"date":"2021-12-15T00:00:00","date_gmt":"2021-12-14T23:00:00","guid":{"rendered":"https:\/\/gpl-love.com\/fr\/produit\/wp-rss-aggregator-feed-to-post\/"},"modified":"2026-03-20T23:50:34","modified_gmt":"2026-03-20T22:50:34","slug":"wp-rss-aggregator-feed-to-post","status":"publish","type":"product","link":"https:\/\/gpl-love.com\/fr\/produit\/wp-rss-aggregator-feed-to-post\/","title":{"rendered":"WP RSS Aggregator Feed To Post 3.13.2"},"content":{"rendered":"<h3>WP RSS Aggregator Feed To Post Traits<\/h3>\n<p>Con\u00e7u pour am\u00e9liorer les capacit\u00e9s de gestion du contenu des utilisateurs de WordPress, le Feed Aggregator WP RSS pour publier le plugin poss\u00e8de une pl\u00e9thore de fonctionnalit\u00e9s qui en font un outil indispensable. En permettant aux utilisateurs d&rsquo;importer sans effort les flux RSS \u00e0 partir d&rsquo;une vari\u00e9t\u00e9 de sources, ce plugin permet aux propri\u00e9taires de sites Web de publier automatiquement du contenu \u00e0 jour et engageant sur leur plate-forme. Avec la possibilit\u00e9 de personnaliser les sources de flux, d&rsquo;appliquer des filtres et de planifier les importations, les utilisateurs peuvent \u00eatre assur\u00e9s que leur site Web offrira r\u00e9guli\u00e8rement du mat\u00e9riel frais et pertinent. De plus, ce plugin va au-del\u00e0 en permettant aux utilisateurs de cat\u00e9goriser les publications import\u00e9es, d&rsquo;int\u00e9grer des vid\u00e9os et des images de mani\u00e8re transparente, et d&rsquo;adapter les mod\u00e8les de publication \u00e0 leur go\u00fbt. Emball\u00e9 avec une interface intuitive et un \u00e9ventail de fonctionnalit\u00e9s avanc\u00e9es, le flux d&rsquo;agr\u00e9gateurs WP RSS \u00e0 publier sert un atout inestimable pour les propri\u00e9taires de sites Web cherchant \u00e0 optimiser leur strat\u00e9gie de marketing de contenu.<\/p>\n<ul>\n<li>Importer sans effort RSS Feeds dans votre blog ou site Web WordPress<\/li>\n<li>Cr\u00e9ez automatiquement de nouveaux articles \u00e0 l&rsquo;aide du contenu \u00e0 partir des flux import\u00e9s<\/li>\n<li>Choisissez parmi une vari\u00e9t\u00e9 de mod\u00e8les de publication et personnalisez la conception du contenu import\u00e9 pour correspondre \u00e0 votre marque<\/li>\n<li>Utilisez des options de filtrage avanc\u00e9es pour importer uniquement du contenu qui r\u00e9pond \u00e0 certains crit\u00e8res (par exemple des mots cl\u00e9s sp\u00e9cifiques)<\/li>\n<li>Planifiez l&rsquo;importation et la publication de messages \u00e0 des moments et des intervalles sp\u00e9cifiques<\/li>\n<li>Permettez \u00e0 vos lecteurs de s&rsquo;abonner aux flux import\u00e9s et de recevoir des notifications de nouveaux messages<\/li>\n<li>Augmentez le classement SEO de votre blog en publiant r\u00e9guli\u00e8rement un contenu frais et pertinent \u00e0 partir de sources de confiance<\/li>\n<li>Profitez de la tranquillit\u00e9 d&rsquo;esprit en sachant que le plugin est r\u00e9guli\u00e8rement mis \u00e0 jour et enti\u00e8rement soutenu<\/li>\n<\/ul>\n","protected":false},"excerpt":{"rendered":"<p>WP RSS Aggregator Feed to Post est un plugin exceptionnellement robuste qui vous offre la capacit\u00e9 remarquable pour importer automatiquement du contenu \u00e0 partir d&rsquo;une vari\u00e9t\u00e9 de flux RSS directement dans votre site WordPress. Gr\u00e2ce \u00e0 l&rsquo;utilisation de ce plugin, vous pouvez agr\u00e9ger sans effort une pl\u00e9thore de contenu diversifi\u00e9 \u00e0 partir de nombreuses sources et les publier rapidement sur votre site en quelques clics. Cela signifie finalement que vous pouvez rester de mani\u00e8re transparente \u00e0 jour avec les derni\u00e8res nouvelles, blogs et autres contenus significatifs particuli\u00e8rement pertinents pour votre cr\u00e9neau sp\u00e9cifique, vous permettant ainsi d&rsquo;engager et d&rsquo;\u00e9clairer constamment vos lecteurs ch\u00e9ris. En outre, les attributs exceptionnels de ce plugin vous permettent de personnaliser les param\u00e8tres d&rsquo;alimentation pour vous aligner pr\u00e9cis\u00e9ment avec vos exigences distinctes, englobant la possibilit\u00e9 d&rsquo;\u00e9tablir la fr\u00e9quence des importations, de d\u00e9terminer le type de poste et le format pr\u00e9f\u00e9r\u00e9, et de se livrer \u00e0 une pl\u00e9thore d&rsquo;options suppl\u00e9mentaires qui pr\u00e9f\u00e9r\u00e9es sont fabriqu\u00e9s sur mesure pour r\u00e9pondre \u00e0 vos pr\u00e9f\u00e9rences uniques. Avec la puissance incomparable du flux d&rsquo;agr\u00e9gateurs WP RSS \u00e0 publier, le concept de manquer d&rsquo;id\u00e9es de contenu innovantes devient une notion d\u00e9suet du pass\u00e9!<\/p>\n","protected":false},"featured_media":146200,"comment_status":"open","ping_status":"open","template":"","meta":[],"product_brand":[2731],"product_cat":[1189,1181,1186],"product_tag":[2295],"class_list":{"0":"post-120669","1":"product","2":"type-product","3":"status-publish","4":"has-post-thumbnail","6":"product_brand-wp-rss-aggregator","7":"product_cat-personnalisation","8":"product_cat-plugins","9":"product_cat-wordpress-plugins","10":"product_tag-wp-rss-aggregator","11":"member-discount","12":"discount-restricted","14":"first","15":"instock","16":"sale","17":"downloadable","18":"virtual","19":"sold-individually","20":"purchasable","21":"product-type-simple"},"_links":{"self":[{"href":"https:\/\/gpl-love.com\/fr\/wp-json\/wp\/v2\/product\/120669","targetHints":{"allow":["GET"]}}],"collection":[{"href":"https:\/\/gpl-love.com\/fr\/wp-json\/wp\/v2\/product"}],"about":[{"href":"https:\/\/gpl-love.com\/fr\/wp-json\/wp\/v2\/types\/product"}],"replies":[{"embeddable":true,"href":"https:\/\/gpl-love.com\/fr\/wp-json\/wp\/v2\/comments?post=120669"}],"wp:featuredmedia":[{"embeddable":true,"href":"https:\/\/gpl-love.com\/fr\/wp-json\/wp\/v2\/media\/146200"}],"wp:attachment":[{"href":"https:\/\/gpl-love.com\/fr\/wp-json\/wp\/v2\/media?parent=120669"}],"wp:term":[{"taxonomy":"product_brand","embeddable":true,"href":"https:\/\/gpl-love.com\/fr\/wp-json\/wp\/v2\/product_brand?post=120669"},{"taxonomy":"product_cat","embeddable":true,"href":"https:\/\/gpl-love.com\/fr\/wp-json\/wp\/v2\/product_cat?post=120669"},{"taxonomy":"product_tag","embeddable":true,"href":"https:\/\/gpl-love.com\/fr\/wp-json\/wp\/v2\/product_tag?post=120669"}],"curies":[{"name":"wp","href":"https:\/\/api.w.org\/{rel}","templated":true}]}}