{"id":120667,"date":"2025-07-25T00:00:00","date_gmt":"2025-07-24T22:00:00","guid":{"rendered":"https:\/\/gpl-love.com\/fr\/produit\/user-registration-mailchimp\/"},"modified":"2026-04-10T18:44:43","modified_gmt":"2026-04-10T16:44:43","slug":"user-registration-mailchimp","status":"publish","type":"product","link":"https:\/\/gpl-love.com\/fr\/produit\/user-registration-mailchimp\/","title":{"rendered":"User Registration MailChimp 2.0.9"},"content":{"rendered":"<h3>User Registration MailChimp Traits<\/h3>\n<p>L&rsquo;outil d&rsquo;enregistrement des utilisateurs MailChimp est une ressource incroyablement puissante qui offre aux entreprises la possibilit\u00e9 d&rsquo;augmenter la taille de leur liste de diffusion et de communiquer efficacement avec leurs abonn\u00e9s. Ce produit offre aux utilisateurs la commodit\u00e9 de cr\u00e9er des formulaires d&rsquo;inscription personnalis\u00e9s et des pages de destination sp\u00e9cifiquement con\u00e7ues pour capturer et recueillir des informations importantes sur leur public cible. De plus, la fonction d&rsquo;enregistrement des utilisateurs de MailChimp va au-del\u00e0 en mettant en \u0153uvre un processus \u00e0 double opt, ce qui garantit que les abonn\u00e9s ont explicitement autoris\u00e9 l&rsquo;autorisation de recevoir des messages marketing. Une fois qu&rsquo;un utilisateur s&rsquo;est enregistr\u00e9 avec succ\u00e8s, les entreprises peuvent profiter de la plate-forme de marketing par e-mail compl\u00e8te de MailChimp, ce qui leur permet d&rsquo;envoyer des messages tr\u00e8s cibl\u00e9s et de surveiller de pr\u00e8s l&rsquo;engagement des abonn\u00e9s. Dans l&rsquo;ensemble, l&rsquo;enregistrement des utilisateurs MailChimp est un outil indispensable que les entreprises ne peuvent pas se permettre de n\u00e9gliger s&rsquo;ils sont s\u00e9rieux au sujet de l&rsquo;\u00e9largissement de leur liste de diffusion et de s&rsquo;engager efficacement avec leurs abonn\u00e9s de mani\u00e8re vraiment percutante et significative.<\/p>\n<ul>\n<li>Processus rationalis\u00e9 pour enregistrer les utilisateurs sur un compte MailChimp<\/li>\n<li>Int\u00e9gration transparente avec la puissante plateforme de marketing par e-mail de MailChimp<\/li>\n<li>Outils de gestion des utilisateurs avanc\u00e9s pour cr\u00e9er et g\u00e9rer les comptes d&rsquo;utilisateurs<\/li>\n<li>Interface utilisateur simple et intuitive pour une inscription facile<\/li>\n<li>Possibilit\u00e9 de personnaliser les mod\u00e8les de messagerie et la marque pour correspondre \u00e0 votre entreprise<\/li>\n<li>Fonctions de s\u00e9curit\u00e9 am\u00e9lior\u00e9es pour assurer la protection des donn\u00e9es utilisateur<\/li>\n<li>Capacit\u00e9s avanc\u00e9es d&rsquo;automatisation des e-mails pour les communications utilisateur personnalis\u00e9es<\/li>\n<li>Capacit\u00e9 \u00e0 suivre l&rsquo;engagement des utilisateurs et \u00e0 mesurer le succ\u00e8s des campagnes par e-mail<\/li>\n<li>Outils de rapports et d&rsquo;analyse robustes pour optimiser les strat\u00e9gies de marketing par e-mail<\/li>\n<li>Soutien professionnel et ressources de l&rsquo;\u00e9quipe d&rsquo;experts de MailChimp.<\/li>\n<\/ul>\n","protected":false},"excerpt":{"rendered":"<p>L&rsquo;enregistrement des utilisateurs MailChimp offre aux propri\u00e9taires de sites Web une solution pratique pour incorporer de mani\u00e8re transparente MailChimp dans leur processus d&rsquo;enregistrement, facilitant ainsi l&rsquo;abonnement sans effort de nouveaux utilisateurs dans les listes de diffusion et leur permettant de recevoir de pr\u00e9cieuses newsletters et mises \u00e0 jour du site Web. Avec ses fonctionnalit\u00e9s conviviales et int\u00e9gr\u00e9es de mani\u00e8re transparente, cet outil s&rsquo;av\u00e8re \u00eatre un atout inestimable pour les sites Web cherchant \u00e0 am\u00e9liorer leurs efforts de marketing par e-mail.<\/p>\n","protected":false},"featured_media":145686,"comment_status":"open","ping_status":"open","template":"","meta":[],"product_brand":[2681],"product_cat":[1207,1181,1186],"product_tag":[2210],"class_list":{"0":"post-120667","1":"product","2":"type-product","3":"status-publish","4":"has-post-thumbnail","6":"product_brand-wpeverest","7":"product_cat-commercialisation-wordpress-plugins","8":"product_cat-plugins","9":"product_cat-wordpress-plugins","10":"product_tag-wpeverest","11":"member-discount","12":"discount-restricted","14":"first","15":"instock","16":"sale","17":"downloadable","18":"virtual","19":"sold-individually","20":"purchasable","21":"product-type-simple"},"_links":{"self":[{"href":"https:\/\/gpl-love.com\/fr\/wp-json\/wp\/v2\/product\/120667","targetHints":{"allow":["GET"]}}],"collection":[{"href":"https:\/\/gpl-love.com\/fr\/wp-json\/wp\/v2\/product"}],"about":[{"href":"https:\/\/gpl-love.com\/fr\/wp-json\/wp\/v2\/types\/product"}],"replies":[{"embeddable":true,"href":"https:\/\/gpl-love.com\/fr\/wp-json\/wp\/v2\/comments?post=120667"}],"wp:featuredmedia":[{"embeddable":true,"href":"https:\/\/gpl-love.com\/fr\/wp-json\/wp\/v2\/media\/145686"}],"wp:attachment":[{"href":"https:\/\/gpl-love.com\/fr\/wp-json\/wp\/v2\/media?parent=120667"}],"wp:term":[{"taxonomy":"product_brand","embeddable":true,"href":"https:\/\/gpl-love.com\/fr\/wp-json\/wp\/v2\/product_brand?post=120667"},{"taxonomy":"product_cat","embeddable":true,"href":"https:\/\/gpl-love.com\/fr\/wp-json\/wp\/v2\/product_cat?post=120667"},{"taxonomy":"product_tag","embeddable":true,"href":"https:\/\/gpl-love.com\/fr\/wp-json\/wp\/v2\/product_tag?post=120667"}],"curies":[{"name":"wp","href":"https:\/\/api.w.org\/{rel}","templated":true}]}}