{"id":120665,"date":"2026-01-23T00:00:00","date_gmt":"2026-01-22T23:00:00","guid":{"rendered":"https:\/\/gpl-love.com\/fr\/produit\/user-registration-invite-codes\/"},"modified":"2026-04-10T18:44:42","modified_gmt":"2026-04-10T16:44:42","slug":"user-registration-invite-codes","status":"publish","type":"product","link":"https:\/\/gpl-love.com\/fr\/produit\/user-registration-invite-codes\/","title":{"rendered":"User Registration Invite Codes 1.2.8"},"content":{"rendered":"<h3>User Registration Invite Codes Traits<\/h3>\n<p>Les codes d&rsquo;invitation d&rsquo;enregistrement des utilisateurs sont une solution logicielle tr\u00e8s efficace qui sert \u00e0 g\u00e9n\u00e9rer des codes exclusifs et in\u00e9gal\u00e9s, con\u00e7us sp\u00e9cifiquement pour inviter les nouveaux utilisateurs potentiels \u00e0 s&rsquo;inscrire \u00e0 un site Web ou \u00e0 une application de leur choix. Il s&rsquo;agit d&rsquo;un outil indispensable qui permet aux administrateurs de sites Web ou aux gestionnaires la possibilit\u00e9 d&rsquo;exercer une autorit\u00e9 compl\u00e8te et de maintenir une prise ferme sur qui a acc\u00e8s \u00e0 leur site estim\u00e9, garantissant ainsi que seules les personnes qui ont \u00e9t\u00e9 cordialement invit\u00e9es ont le privil\u00e8ge de s&rsquo;inscrire. Ces codes m\u00e9ticuleusement fabriqu\u00e9s et tr\u00e8s distinctifs peuvent \u00eatre commod\u00e9ment diffus\u00e9s aux utilisateurs potentiels via une multitude de canaux de communication tels que les e-mails, les plateformes de m\u00e9dias sociaux et divers autres moyens de communication. En d\u00e9ployant les codes d&rsquo;invitation d&rsquo;inscription des utilisateurs indispensables, les administrateurs de sites Web sont effectivement en mesure d&rsquo;augmenter la s\u00e9curit\u00e9 globale de leur formidable plate-forme num\u00e9rique, contrecarrant efficacement l&rsquo;intrusion des personnes ind\u00e9sirables qui peuvent demander un acc\u00e8s non autoris\u00e9. Cet outil inestimable est d&rsquo;une importance capitale pour les entreprises et les organisations qui d\u00e9finissent un grand magasin par un niveau de s\u00e9curit\u00e9 robuste et imprenable, coupl\u00e9 \u00e0 un niveau d&rsquo;autorit\u00e9 in\u00e9branlable, contr\u00f4lant ainsi efficacement l&rsquo;accessibilit\u00e9 \u00e0 leurs plateformes en ligne ch\u00e8res.<\/p>\n<ul>\n<li>Plateforme facile \u00e0 utiliser pour g\u00e9n\u00e9rer et distribuer des codes d&rsquo;enregistrement uniques aux utilisateurs.<\/li>\n<li>Mod\u00e8les de messagerie d&rsquo;invitation d&rsquo;enregistrement personnalisables pour maximiser les taux de r\u00e9ponse.<\/li>\n<li>Tableau de bord de reportage complet pour suivre les taux de rachat d&rsquo;invitation et l&rsquo;engagement des utilisateurs.<\/li>\n<li>Options d&rsquo;int\u00e9gration flexibles pour se connecter de mani\u00e8re transparente avec les syst\u00e8mes d&rsquo;enregistrement et de gestion des comptes existants.<\/li>\n<li>Des mesures de s\u00e9curit\u00e9 robustes pour prot\u00e9ger les codes d&rsquo;invitation de l&rsquo;utilisation ou de la distribution non autoris\u00e9e.<\/li>\n<li>Acc\u00e8s \u00e0 l&rsquo;API pour la personnalisation et l&rsquo;int\u00e9gration avanc\u00e9es avec d&rsquo;autres applications.<\/li>\n<li>Infrastructure \u00e9volutive pour prendre en charge une base d&rsquo;utilisateurs croissante et un volume \u00e9lev\u00e9 de demandes de code d&rsquo;invitation.<\/li>\n<li>Support client exceptionnel et ressources de formation pour assurer une mise en \u0153uvre et une adoption r\u00e9ussies.<\/li>\n<li>Un large \u00e9ventail de cas d&rsquo;utilisation, notamment l&rsquo;int\u00e9gration des employ\u00e9s de l&rsquo;entreprise, l&rsquo;enregistrement des \u00e9v\u00e9nements et le recrutement des membres pour les organisations.<\/li>\n<li>Exp\u00e9rience utilisateur rationalis\u00e9e avec un processus d&rsquo;enregistrement simple et intuitif qui anime les conversions et r\u00e9duit les taux d&rsquo;abandon.<\/li>\n<\/ul>\n","protected":false},"excerpt":{"rendered":"<p>Notre produit d&rsquo;invitation d&rsquo;enregistrement des utilisateurs est con\u00e7u pour am\u00e9liorer le processus d&rsquo;enregistrement des utilisateurs pour votre site Web ou votre application en le simplifiant consid\u00e9rablement. Au lieu de retirer les utilisateurs avec la t\u00e2che de remplir des formulaires \u00e9tendus ou de divulguer des informations personnelles, notre solution vous permet d&rsquo;envoyer des codes d&rsquo;invitation aux utilisateurs potentiels, leur accordant un acc\u00e8s exclusif \u00e0 votre plateforme. Cela acc\u00e9l\u00e8re non seulement le processus d&rsquo;enregistrement, mais fortifie \u00e9galement les mesures de s\u00e9curit\u00e9 mises en \u0153uvre sur votre plate-forme. Offrez des adieux \u00e0 exasp\u00e9rer les rencontres d&rsquo;enregistrement et \u00e0 adopter un parcours d&rsquo;int\u00e9gration sans faille avec l&rsquo;utilisation de notre produit d&rsquo;invitation d&rsquo;enregistrement des utilisateurs.<\/p>\n","protected":false},"featured_media":145684,"comment_status":"open","ping_status":"open","template":"","meta":[],"product_brand":[2681],"product_cat":[1189,1181,1186],"product_tag":[2210],"class_list":{"0":"post-120665","1":"product","2":"type-product","3":"status-publish","4":"has-post-thumbnail","6":"product_brand-wpeverest","7":"product_cat-personnalisation","8":"product_cat-plugins","9":"product_cat-wordpress-plugins","10":"product_tag-wpeverest","11":"member-discount","12":"discount-restricted","14":"first","15":"instock","16":"sale","17":"downloadable","18":"virtual","19":"sold-individually","20":"purchasable","21":"product-type-simple"},"_links":{"self":[{"href":"https:\/\/gpl-love.com\/fr\/wp-json\/wp\/v2\/product\/120665","targetHints":{"allow":["GET"]}}],"collection":[{"href":"https:\/\/gpl-love.com\/fr\/wp-json\/wp\/v2\/product"}],"about":[{"href":"https:\/\/gpl-love.com\/fr\/wp-json\/wp\/v2\/types\/product"}],"replies":[{"embeddable":true,"href":"https:\/\/gpl-love.com\/fr\/wp-json\/wp\/v2\/comments?post=120665"}],"wp:featuredmedia":[{"embeddable":true,"href":"https:\/\/gpl-love.com\/fr\/wp-json\/wp\/v2\/media\/145684"}],"wp:attachment":[{"href":"https:\/\/gpl-love.com\/fr\/wp-json\/wp\/v2\/media?parent=120665"}],"wp:term":[{"taxonomy":"product_brand","embeddable":true,"href":"https:\/\/gpl-love.com\/fr\/wp-json\/wp\/v2\/product_brand?post=120665"},{"taxonomy":"product_cat","embeddable":true,"href":"https:\/\/gpl-love.com\/fr\/wp-json\/wp\/v2\/product_cat?post=120665"},{"taxonomy":"product_tag","embeddable":true,"href":"https:\/\/gpl-love.com\/fr\/wp-json\/wp\/v2\/product_tag?post=120665"}],"curies":[{"name":"wp","href":"https:\/\/api.w.org\/{rel}","templated":true}]}}