{"id":120663,"date":"2026-03-20T00:00:00","date_gmt":"2026-03-19T23:00:00","guid":{"rendered":"https:\/\/gpl-love.com\/fr\/produit\/user-registration-customize-my-account\/"},"modified":"2026-04-10T18:44:37","modified_gmt":"2026-04-10T16:44:37","slug":"user-registration-customize-my-account","status":"publish","type":"product","link":"https:\/\/gpl-love.com\/fr\/produit\/user-registration-customize-my-account\/","title":{"rendered":"User Registration Customize My Account 1.2.15"},"content":{"rendered":"<h3>User Registration Customize My Account Traits<\/h3>\n<p>L&rsquo;enregistrement des utilisateurs Personnalisez mon compte est une application logicielle compl\u00e8te et efficace qui donne aux utilisateurs la commodit\u00e9 de s&rsquo;inscrire sans effort pour un compte et de modifier m\u00e9ticuleusement leur profil personnel. En utilisant cet outil ing\u00e9nieux, les individus sont autoris\u00e9s \u00e0 fabriquer un nom d&rsquo;utilisateur et un mot de passe distincts, en conjonction avec l&rsquo;appel d&rsquo;appel et la modification de leurs d\u00e9tails priv\u00e9s, englobant leur nom, adresse \u00e9lectronique et coordonn\u00e9es. Cet outil remarquablement con\u00e7u est con\u00e7u pour poss\u00e9der une interface incroyablement conviviale et instinctive, facilitant ainsi les utilisateurs \u00e0 naviguer rapidement et sans effort sans effort dans les subtilit\u00e9s des proc\u00e9dures d&rsquo;enregistrement et de personnalisation. En outre, il poss\u00e8de un \u00e9ventail de mesures de s\u00e9curit\u00e9 avanc\u00e9es, notamment le cryptage des mots de passe et l&rsquo;authentification \u00e0 deux facteurs, renfor\u00e7ant ainsi la fortification imprenable de leurs informations personnelles contre l&rsquo;intrusion injustifi\u00e9e. Dans l&rsquo;ensemble, l&rsquo;enregistrement des utilisateurs personnalise mon compte incarne un outil indispensable pour toute entreprise ou organisation aspirant \u00e0 fournir \u00e0 leurs utilisateurs une exp\u00e9rience d&rsquo;enregistrement et de personnalisation de compte ininterrompue, sans couture et imperm\u00e9able.<\/p>\n<ul>\n<li>Processus d&rsquo;enregistrement facile<\/li>\n<li>Option pour personnaliser le compte d&rsquo;utilisateur<\/li>\n<li>Capacit\u00e9 \u00e0 afficher et \u00e0 modifier les informations du compte<\/li>\n<li>Tableau de bord de compte personnalis\u00e9<\/li>\n<li>Acc\u00e8s \u00e0 un contenu ou \u00e0 des fonctionnalit\u00e9s exclusives en fonction des pr\u00e9f\u00e9rences des utilisateurs<\/li>\n<li>Processus de paiement plus simple pour les achats en ligne<\/li>\n<li>Int\u00e9gration transparente avec d&rsquo;autres plateformes ou services<\/li>\n<li>S\u00e9curit\u00e9 accrue et confidentialit\u00e9 pour les informations des utilisateurs<\/li>\n<li>Interface conviviale pour g\u00e9rer les param\u00e8tres du compte<\/li>\n<li>Mises \u00e0 jour continues et am\u00e9liorations en fonction des commentaires des utilisateurs<\/li>\n<\/ul>\n","protected":false},"excerpt":{"rendered":"<p>Notre inscription d&rsquo;utilisateurs personnalise mon outil de compte est une ressource indispensable pour les entreprises qui cherchent \u00e0 offrir \u00e0 leur client\u00e8le une exp\u00e9rience individualis\u00e9e et personnalis\u00e9e, sans d\u00e9tection de d\u00e9tecteurs de contenu d&rsquo;IA. Cet outil innovant permet aux utilisateurs la cr\u00e9ation de comptes sans effort et un processus de personnalisation transparente, englobant la s\u00e9lection des images de profil, la saisie des informations de contact et la configuration des pr\u00e9f\u00e9rences. En offrant aux individus la possibilit\u00e9 de g\u00e9rer leurs comptes en fonction de leurs pr\u00e9f\u00e9rences uniques, vos clients estim\u00e9s \u00e9prouveront un sentiment d&rsquo;affiliation accru avec votre marque estim\u00e9e, favorisant finalement des niveaux accrus de fid\u00e9lit\u00e9 et de satisfaction des clients.<\/p>\n","protected":false},"featured_media":145677,"comment_status":"open","ping_status":"open","template":"","meta":[],"product_brand":[2681],"product_cat":[1189,1181,1186],"product_tag":[2210],"class_list":{"0":"post-120663","1":"product","2":"type-product","3":"status-publish","4":"has-post-thumbnail","6":"product_brand-wpeverest","7":"product_cat-personnalisation","8":"product_cat-plugins","9":"product_cat-wordpress-plugins","10":"product_tag-wpeverest","11":"member-discount","12":"discount-restricted","14":"first","15":"instock","16":"sale","17":"downloadable","18":"virtual","19":"sold-individually","20":"purchasable","21":"product-type-simple"},"_links":{"self":[{"href":"https:\/\/gpl-love.com\/fr\/wp-json\/wp\/v2\/product\/120663","targetHints":{"allow":["GET"]}}],"collection":[{"href":"https:\/\/gpl-love.com\/fr\/wp-json\/wp\/v2\/product"}],"about":[{"href":"https:\/\/gpl-love.com\/fr\/wp-json\/wp\/v2\/types\/product"}],"replies":[{"embeddable":true,"href":"https:\/\/gpl-love.com\/fr\/wp-json\/wp\/v2\/comments?post=120663"}],"wp:featuredmedia":[{"embeddable":true,"href":"https:\/\/gpl-love.com\/fr\/wp-json\/wp\/v2\/media\/145677"}],"wp:attachment":[{"href":"https:\/\/gpl-love.com\/fr\/wp-json\/wp\/v2\/media?parent=120663"}],"wp:term":[{"taxonomy":"product_brand","embeddable":true,"href":"https:\/\/gpl-love.com\/fr\/wp-json\/wp\/v2\/product_brand?post=120663"},{"taxonomy":"product_cat","embeddable":true,"href":"https:\/\/gpl-love.com\/fr\/wp-json\/wp\/v2\/product_cat?post=120663"},{"taxonomy":"product_tag","embeddable":true,"href":"https:\/\/gpl-love.com\/fr\/wp-json\/wp\/v2\/product_tag?post=120663"}],"curies":[{"name":"wp","href":"https:\/\/api.w.org\/{rel}","templated":true}]}}