{"id":120661,"date":"2025-11-20T00:00:00","date_gmt":"2025-11-19T23:00:00","guid":{"rendered":"https:\/\/gpl-love.com\/fr\/produit\/user-registration-pdf-form-submission\/"},"modified":"2026-03-20T23:42:36","modified_gmt":"2026-03-20T22:42:36","slug":"user-registration-pdf-form-submission","status":"publish","type":"product","link":"https:\/\/gpl-love.com\/fr\/produit\/user-registration-pdf-form-submission\/","title":{"rendered":"User Registration PDF Form Submission 1.2.6"},"content":{"rendered":"<h3>User Registration PDF Form Submission Traits<\/h3>\n<p>Notre solution, la soumission du formulaire PDF d&rsquo;enregistrement des utilisateurs, propose un processus d&rsquo;enregistrement rationalis\u00e9 et transparent pour vos utilisateurs. Cette solution innovante simplifie l&rsquo;int\u00e9gralit\u00e9 de la proc\u00e9dure d&rsquo;enregistrement en pr\u00e9sentant un formulaire PDF intuitif et convivial que les utilisateurs peuvent remplir et soumettre sans effort. En tirant parti de cette technologie, vous pouvez \u00e9liminer efficacement la t\u00e2che fastidieuse de la saisie manuelle des donn\u00e9es, am\u00e9liorant ainsi consid\u00e9rablement l&rsquo;efficacit\u00e9 de votre processus d&rsquo;enregistrement. De plus, cette solution garantit \u00e9galement la pr\u00e9cision des informations fournies par les utilisateurs, car elle automatise les \u00e9tapes cruciales pour capturer les donn\u00e9es des utilisateurs, la valider et les stocker en toute s\u00e9curit\u00e9 dans votre syst\u00e8me. Par cons\u00e9quent, ce processus d&rsquo;enregistrement tr\u00e8s efficace et fiable contribue non seulement \u00e0 am\u00e9liorer la satisfaction des utilisateurs, mais r\u00e9duit \u00e9galement consid\u00e9rablement la charge de travail administrative associ\u00e9e \u00e0 la gestion des inscriptions.<\/p>\n<ul>\n<li>Rationalise le processus d&rsquo;enregistrement des utilisateurs<\/li>\n<li>\u00c9limine les erreurs et la saisie de donn\u00e9es qui prend du temps<\/li>\n<li>Permet un traitement et int\u00e9gration plus rapides<\/li>\n<li>Am\u00e9liore la s\u00e9curit\u00e9 des donn\u00e9es en supprimant le besoin de transfert de donn\u00e9es manuel<\/li>\n<li>Assure une capture d&rsquo;informations pr\u00e9cises et compl\u00e8te<\/li>\n<li>Peut \u00eatre facilement int\u00e9gr\u00e9 aux syst\u00e8mes existants<\/li>\n<li>Offre une exp\u00e9rience plus conviviale<\/li>\n<li>Augmente l&rsquo;efficacit\u00e9 op\u00e9rationnelle et r\u00e9duit les frais g\u00e9n\u00e9raux administratifs<\/li>\n<li>Fournit des capacit\u00e9s de suivi et de rapports de donn\u00e9es en temps r\u00e9el.<\/li>\n<\/ul>\n","protected":false},"excerpt":{"rendered":"<p>Avec l&rsquo;aide de notre fonctionnalit\u00e9 de soumission de formulaire PDF d&rsquo;enregistrement des utilisateurs, vous pouvez sans effort amasser les informations utilisateur pertinentes, rationalisant ainsi la t\u00e2che ardue de collecter et de conserver les donn\u00e9es des nouveaux utilisateurs. En manipulant simplement quelques boutons, vous avez la possibilit\u00e9 d&rsquo;adapter votre formulaire d&rsquo;enregistrement pour r\u00e9pondre \u00e0 vos besoins sp\u00e9cifiques, permettant aux utilisateurs de le remplir de mani\u00e8re transparente et de le transmettre dans le format PDF universellement accessible. Cette proc\u00e9dure remarquablement fluide garantit l&rsquo;ach\u00e8vement de tous les champs obligatoires et garantit que vous acqu\u00e9rez les donn\u00e9es utilisateur indispensables de mani\u00e8re hautement s\u00e9curis\u00e9e.<\/p>\n","protected":false},"featured_media":145689,"comment_status":"open","ping_status":"open","template":"","meta":[],"product_brand":[2681],"product_cat":[1189,1181,1186],"product_tag":[2210],"class_list":{"0":"post-120661","1":"product","2":"type-product","3":"status-publish","4":"has-post-thumbnail","6":"product_brand-wpeverest","7":"product_cat-personnalisation","8":"product_cat-plugins","9":"product_cat-wordpress-plugins","10":"product_tag-wpeverest","11":"member-discount","12":"discount-restricted","14":"first","15":"instock","16":"sale","17":"downloadable","18":"virtual","19":"sold-individually","20":"purchasable","21":"product-type-simple"},"_links":{"self":[{"href":"https:\/\/gpl-love.com\/fr\/wp-json\/wp\/v2\/product\/120661","targetHints":{"allow":["GET"]}}],"collection":[{"href":"https:\/\/gpl-love.com\/fr\/wp-json\/wp\/v2\/product"}],"about":[{"href":"https:\/\/gpl-love.com\/fr\/wp-json\/wp\/v2\/types\/product"}],"replies":[{"embeddable":true,"href":"https:\/\/gpl-love.com\/fr\/wp-json\/wp\/v2\/comments?post=120661"}],"wp:featuredmedia":[{"embeddable":true,"href":"https:\/\/gpl-love.com\/fr\/wp-json\/wp\/v2\/media\/145689"}],"wp:attachment":[{"href":"https:\/\/gpl-love.com\/fr\/wp-json\/wp\/v2\/media?parent=120661"}],"wp:term":[{"taxonomy":"product_brand","embeddable":true,"href":"https:\/\/gpl-love.com\/fr\/wp-json\/wp\/v2\/product_brand?post=120661"},{"taxonomy":"product_cat","embeddable":true,"href":"https:\/\/gpl-love.com\/fr\/wp-json\/wp\/v2\/product_cat?post=120661"},{"taxonomy":"product_tag","embeddable":true,"href":"https:\/\/gpl-love.com\/fr\/wp-json\/wp\/v2\/product_tag?post=120661"}],"curies":[{"name":"wp","href":"https:\/\/api.w.org\/{rel}","templated":true}]}}