{"id":120659,"date":"2024-02-12T00:00:00","date_gmt":"2024-02-11T23:00:00","guid":{"rendered":"https:\/\/gpl-love.com\/fr\/produit\/user-registration-payments-paypal\/"},"modified":"2026-04-10T18:44:45","modified_gmt":"2026-04-10T16:44:45","slug":"user-registration-payments-paypal","status":"publish","type":"product","link":"https:\/\/gpl-love.com\/fr\/produit\/user-registration-payments-paypal\/","title":{"rendered":"User Registration Payments PayPal 1.5.4"},"content":{"rendered":"<h3>User Registration Payments PayPal Traits<\/h3>\n<p>Notre outil PayPal de paiements d&rsquo;enregistrement des utilisateurs fournit une solution de sauvegarde remarquablement simple et impr\u00e9gnable pour les clients souhaitant s&rsquo;inscrire \u00e0 votre site Web ou service, ce qui leur permet de l&rsquo;utiliser leur compte PayPal pour les transactions de paiement transparentes. Avec son int\u00e9gration sans effort et ses grandes capacit\u00e9s de personnalisation, cet outil vous permet d&rsquo;adapter sans effort le processus d&rsquo;enregistrement pour s&rsquo;aligner pr\u00e9cis\u00e9ment avec vos exigences uniques, tout en garantissant un parcours utilisateur sans faille et gratifiant. De plus, cet outil prend en charge les subtilit\u00e9s complexes de traitement des paiements, fournissant \u00e0 la fois vous et vos clients estim\u00e9s avec des confirmations de paiement compl\u00e8tes. En tirant parti des avantages in\u00e9gal\u00e9s offerts par notre outil PayPal de paiements d&rsquo;enregistrement des utilisateurs, vous pouvez rationaliser sans effort votre proc\u00e9dure d&rsquo;enregistrement, augmentant ainsi le contentement des clients \u00e0 des hauteurs sans pr\u00e9c\u00e9dent.<\/p>\n<ul>\n<li>Processus d&rsquo;enregistrement des utilisateurs rationalis\u00e9<\/li>\n<li>Traitement des paiements s\u00e9curis\u00e9s avec int\u00e9gration PayPal<\/li>\n<li>Possibilit\u00e9 d&rsquo;accepter le paiement pour l&rsquo;enregistrement des utilisateurs<\/li>\n<li>Suivi de paiement automatis\u00e9 et g\u00e9n\u00e9ration de r\u00e9ception<\/li>\n<li>Exp\u00e9rience utilisateur am\u00e9lior\u00e9e pour les propri\u00e9taires de sites et les utilisateurs<\/li>\n<li>Flexibilit\u00e9 des m\u00e9thodes de paiement pour les utilisateurs<\/li>\n<li>Augmentation du potentiel de revenus pour les propri\u00e9taires de sites<\/li>\n<li>Confirmation et v\u00e9rification de paiement en temps r\u00e9el<\/li>\n<li>Mesures de s\u00e9curit\u00e9 am\u00e9lior\u00e9es pour prot\u00e9ger les donn\u00e9es des utilisateurs<\/li>\n<\/ul>\n","protected":false},"excerpt":{"rendered":"<p>Notre syst\u00e8me de paiement d&rsquo;enregistrement des utilisateurs est int\u00e9gr\u00e9 de mani\u00e8re transparente \u00e0 PayPal, offrant une exp\u00e9rience transparente et efficace pour que les nouveaux utilisateurs s&rsquo;inscrivent et effectuent en toute s\u00e9curit\u00e9 les paiements. Non seulement notre syst\u00e8me est convivial et facile \u00e0 naviguer, mais il garantit \u00e9galement une exp\u00e9rience sans tracas pour vous et vos clients. Gr\u00e2ce \u00e0 notre int\u00e9gration fiable avec PayPal, les transactions sont trait\u00e9es avec la vitesse et la plus grande s\u00e9curit\u00e9, inculquant un sentiment de tranquillit\u00e9 d&rsquo;esprit pour vos clients tout en effectuant un achat. Optez pour notre syst\u00e8me de paiement PayPal pour rationaliser votre processus d&rsquo;enregistrement des utilisateurs et am\u00e9liorer votre exp\u00e9rience client globale.<\/p>\n","protected":false},"featured_media":145688,"comment_status":"open","ping_status":"open","template":"","meta":[],"product_brand":[2681],"product_cat":[1253,1181,1186],"product_tag":[2210],"class_list":{"0":"post-120659","1":"product","2":"type-product","3":"status-publish","4":"has-post-thumbnail","6":"product_brand-wpeverest","7":"product_cat-paiement","8":"product_cat-plugins","9":"product_cat-wordpress-plugins","10":"product_tag-wpeverest","11":"member-discount","12":"discount-restricted","14":"first","15":"instock","16":"sale","17":"downloadable","18":"virtual","19":"sold-individually","20":"purchasable","21":"product-type-simple"},"_links":{"self":[{"href":"https:\/\/gpl-love.com\/fr\/wp-json\/wp\/v2\/product\/120659","targetHints":{"allow":["GET"]}}],"collection":[{"href":"https:\/\/gpl-love.com\/fr\/wp-json\/wp\/v2\/product"}],"about":[{"href":"https:\/\/gpl-love.com\/fr\/wp-json\/wp\/v2\/types\/product"}],"replies":[{"embeddable":true,"href":"https:\/\/gpl-love.com\/fr\/wp-json\/wp\/v2\/comments?post=120659"}],"wp:featuredmedia":[{"embeddable":true,"href":"https:\/\/gpl-love.com\/fr\/wp-json\/wp\/v2\/media\/145688"}],"wp:attachment":[{"href":"https:\/\/gpl-love.com\/fr\/wp-json\/wp\/v2\/media?parent=120659"}],"wp:term":[{"taxonomy":"product_brand","embeddable":true,"href":"https:\/\/gpl-love.com\/fr\/wp-json\/wp\/v2\/product_brand?post=120659"},{"taxonomy":"product_cat","embeddable":true,"href":"https:\/\/gpl-love.com\/fr\/wp-json\/wp\/v2\/product_cat?post=120659"},{"taxonomy":"product_tag","embeddable":true,"href":"https:\/\/gpl-love.com\/fr\/wp-json\/wp\/v2\/product_tag?post=120659"}],"curies":[{"name":"wp","href":"https:\/\/api.w.org\/{rel}","templated":true}]}}