{"id":120657,"date":"2026-03-20T00:00:00","date_gmt":"2026-03-19T23:00:00","guid":{"rendered":"https:\/\/gpl-love.com\/fr\/produit\/user-registration-conditional-logic\/"},"modified":"2026-04-10T18:44:35","modified_gmt":"2026-04-10T16:44:35","slug":"user-registration-conditional-logic","status":"publish","type":"product","link":"https:\/\/gpl-love.com\/fr\/produit\/user-registration-conditional-logic\/","title":{"rendered":"User Registration Conditional Logic 1.5.7"},"content":{"rendered":"<h3>User Registration Conditional Logic Traits<\/h3>\n<p>La mise en \u0153uvre de la logique conditionnelle de l&rsquo;enregistrement des utilisateurs est un m\u00e9canisme extr\u00eamement puissant et influent qui confonde les propri\u00e9taires de sites Web la capacit\u00e9 d&rsquo;exercer un contr\u00f4le sur le processus complexe de l&rsquo;enregistrement des utilisateurs. En vertu de cet outil remarquable, les propri\u00e9taires de sites Web sont autoris\u00e9s \u00e0 \u00e9tablir et \u00e0 appliquer une myriade de r\u00e8gles conditionnelles qui d\u00e9terminent de mani\u00e8re d\u00e9cisive les individus qui poss\u00e8dent le privil\u00e8ge de s&rsquo;inscrire, tout en dictant simultan\u00e9ment les informations imp\u00e9ratives qui doivent \u00eatre fournies tout au long du processus d&rsquo;enregistrement. Ergo, cet outil inestimable d\u00e9gage une aura de l&rsquo;opportunit\u00e9 et de l&rsquo;efficacit\u00e9, car elle permet aux propri\u00e9taires de sites Web d&rsquo;administrer avec comp\u00e9tence les comptes d&rsquo;utilisateurs, inculquant ainsi la plus grande certitude que seuls les utilisateurs qui satisfont aux crit\u00e8res d&rsquo;\u00e9ligibilit\u00e9 prescrits peuvent participer \u00e0 l&rsquo;effort d&rsquo;enregistrement. Par cons\u00e9quent, la logique conditionnelle de l&rsquo;enregistrement des utilisateurs sert de conduit exceptionnel \u00e0 la personnalisation de l&rsquo;exp\u00e9rience utilisateur, engendrer une atmosph\u00e8re d&rsquo;exclusivit\u00e9 et de traitement sur mesure. De plus, cet outil rationalise consid\u00e9rablement le processus d&rsquo;enregistrement pour les utilisateurs et les propri\u00e9taires de sites Web, aboutissant ainsi \u00e0 un modus operandi pratique et \u00e0 \u00e9conomiser du temps, qui augmente invariablement la fonctionnalit\u00e9 globale et les performances de leurs sites Web respectifs.<\/p>\n<ul>\n<li>Exp\u00e9rience d&rsquo;enregistrement des utilisateurs personnalis\u00e9e<\/li>\n<li>Capacit\u00e9 \u00e0 cr\u00e9er des champs d&rsquo;enregistrement personnalis\u00e9s et conditionnels<\/li>\n<li>Processus d&rsquo;enregistrement rationalis\u00e9 pour les utilisateurs<\/li>\n<li>Pr\u00e9cision accrue et pertinence des donn\u00e9es utilisateur collect\u00e9es<\/li>\n<li>Am\u00e9lioration de l&rsquo;analyse des donn\u00e9es et ciblage des efforts de marketing<\/li>\n<li>Engagement et satisfaction am\u00e9lior\u00e9s des utilisateurs<\/li>\n<li>Optimiser les performances du site Web ou de l&rsquo;application en supprimant les champs inutiles<\/li>\n<li>Meilleure compr\u00e9hension du comportement et des pr\u00e9f\u00e9rences des utilisateurs<\/li>\n<\/ul>\n","protected":false},"excerpt":{"rendered":"<p>La logique conditionnelle d&rsquo;enregistrement de l&rsquo;utilisateur est un outil extr\u00eamement influent qui permet aux utilisateurs de construire des formulaires d&rsquo;enregistrement personnalis\u00e9s avec des champs conditionnels avanc\u00e9s qui se manifestent exclusivement lorsque des crit\u00e8res sp\u00e9cifiques sont satisfaits. En se pr\u00e9voyant de cette fonctionnalit\u00e9 remarquable, on peut fa\u00e7onner une rencontre d&rsquo;enregistrement plus rationalis\u00e9e et conviviale pour les visiteurs de leur site Web, amassant simultan\u00e9ment toutes les donn\u00e9es requises n\u00e9cessaires pour cr\u00e9er des campagnes de marketing cibl\u00e9es et personnaliser les efforts de sensibilisation. Ce produit exceptionnel s&rsquo;int\u00e8gre sans effort aux conceptions de sites Web pr\u00e9existantes et aux utilitaires d&rsquo;agr\u00e9gation de donn\u00e9es, tout en offrant une assistance r\u00e9active et des mises \u00e0 jour p\u00e9riodiques pour garantir l&rsquo;exp\u00e9rience utilisateur la plus optimale possible. Par cons\u00e9quent, si ses aspirations incluent l&rsquo;\u00e9l\u00e9vation de leur processus d&rsquo;enregistrement des utilisateurs \u00e0 des hauteurs sans pr\u00e9c\u00e9dent, la logique conditionnelle d&rsquo;enregistrement de l&rsquo;utilisateur sert de solution par excellence.<\/p>\n","protected":false},"featured_media":145675,"comment_status":"open","ping_status":"open","template":"","meta":[],"product_brand":[2681],"product_cat":[1189,1181,1186],"product_tag":[2210],"class_list":{"0":"post-120657","1":"product","2":"type-product","3":"status-publish","4":"has-post-thumbnail","6":"product_brand-wpeverest","7":"product_cat-personnalisation","8":"product_cat-plugins","9":"product_cat-wordpress-plugins","10":"product_tag-wpeverest","11":"member-discount","12":"discount-restricted","14":"first","15":"instock","16":"sale","17":"downloadable","18":"virtual","19":"sold-individually","20":"purchasable","21":"product-type-simple"},"_links":{"self":[{"href":"https:\/\/gpl-love.com\/fr\/wp-json\/wp\/v2\/product\/120657","targetHints":{"allow":["GET"]}}],"collection":[{"href":"https:\/\/gpl-love.com\/fr\/wp-json\/wp\/v2\/product"}],"about":[{"href":"https:\/\/gpl-love.com\/fr\/wp-json\/wp\/v2\/types\/product"}],"replies":[{"embeddable":true,"href":"https:\/\/gpl-love.com\/fr\/wp-json\/wp\/v2\/comments?post=120657"}],"wp:featuredmedia":[{"embeddable":true,"href":"https:\/\/gpl-love.com\/fr\/wp-json\/wp\/v2\/media\/145675"}],"wp:attachment":[{"href":"https:\/\/gpl-love.com\/fr\/wp-json\/wp\/v2\/media?parent=120657"}],"wp:term":[{"taxonomy":"product_brand","embeddable":true,"href":"https:\/\/gpl-love.com\/fr\/wp-json\/wp\/v2\/product_brand?post=120657"},{"taxonomy":"product_cat","embeddable":true,"href":"https:\/\/gpl-love.com\/fr\/wp-json\/wp\/v2\/product_cat?post=120657"},{"taxonomy":"product_tag","embeddable":true,"href":"https:\/\/gpl-love.com\/fr\/wp-json\/wp\/v2\/product_tag?post=120657"}],"curies":[{"name":"wp","href":"https:\/\/api.w.org\/{rel}","templated":true}]}}