{"id":120655,"date":"2025-09-06T00:00:00","date_gmt":"2025-09-05T22:00:00","guid":{"rendered":"https:\/\/gpl-love.com\/fr\/produit\/user-registration-field-visibility\/"},"modified":"2026-04-10T18:44:39","modified_gmt":"2026-04-10T16:44:39","slug":"user-registration-field-visibility","status":"publish","type":"product","link":"https:\/\/gpl-love.com\/fr\/produit\/user-registration-field-visibility\/","title":{"rendered":"User Registration Field Visibility 1.1.10"},"content":{"rendered":"<h3>User Registration Field Visibility Traits<\/h3>\n<p>L&rsquo;outil connu sous le nom de visibilit\u00e9 sur le terrain d&rsquo;enregistrement des utilisateurs a \u00e9t\u00e9 sp\u00e9cifiquement d\u00e9velopp\u00e9 afin d&rsquo;accorder aux propri\u00e9taires de sites Web la possibilit\u00e9 d&rsquo;exercer un contr\u00f4le sur la visibilit\u00e9 de divers domaines pendant le processus d&rsquo;enregistrement men\u00e9 par les utilisateurs. En recourant \u00e0 cet outil, il devient possible pour les individus de manipuler sans effort le formulaire d&rsquo;enregistrement afin d&rsquo;inclure uniquement les domaines qui sont jug\u00e9s indispensables, facilitant ainsi une exp\u00e9rience plus opportun et efficace pour l&rsquo;utilisateur, ainsi que le propri\u00e9taire du site Web . Cet outil sert \u00e0 am\u00e9liorer l&rsquo;exp\u00e9rience utilisateur globale et \u00e0 r\u00e9duire la fr\u00e9quence avec laquelle les individus abandonnent le processus d&rsquo;enregistrement en leur fournissant un processus d&rsquo;enregistrement caract\u00e9ris\u00e9 par sa simplicit\u00e9 et sa convivialit\u00e9. Il n&rsquo;est pas en cons\u00e9quence si l&rsquo;on se trouve en train d&rsquo;exploiter un blog diminutif ou une vaste plate-forme de commerce \u00e9lectronique, car l&rsquo;inclusion de la visibilit\u00e9 sur le champ des utilisateurs dans son arsenal d&rsquo;outils de gestion de sites Web est forc\u00e9ment \u00e0 prouver extr\u00eamement avantageux.<\/p>\n<ul>\n<li>Contr\u00f4lez la visibilit\u00e9 des champs d&rsquo;enregistrement des utilisateurs<\/li>\n<li>Personnalisez la disposition du formulaire d&rsquo;enregistrement sans codage<\/li>\n<li>Permettez aux utilisateurs de ne voir que les champs pertinents pour un processus d&rsquo;enregistrement plus lisse<\/li>\n<li>Ajouter ou supprimer facilement les champs du formulaire d&rsquo;inscription<\/li>\n<li>Augmenter l&rsquo;engagement des utilisateurs en adaptant les champs d&rsquo;enregistrement aux donn\u00e9es d\u00e9mographiques des utilisateurs<\/li>\n<li>Am\u00e9liorer la pr\u00e9cision de la collecte des donn\u00e9es en affichant uniquement les champs n\u00e9cessaires<\/li>\n<li>Simplifier l&rsquo;enregistrement de l&rsquo;utilisateur avec une disposition de formulaire rationalis\u00e9e<\/li>\n<li>R\u00e9duisez la frustration des utilisateurs en \u00e9vitant les questions non pertinentes lors de l&rsquo;enregistrement<\/li>\n<li>Prot\u00e9ger la confidentialit\u00e9 des utilisateurs en ne collectant que les informations n\u00e9cessaires<\/li>\n<\/ul>\n","protected":false},"excerpt":{"rendered":"<p>Avec la fonctionnalit\u00e9 de la visibilit\u00e9 du champ d&rsquo;enregistrement des utilisateurs, vous avez la capacit\u00e9 pratique de personnaliser sans effort vos formulaires d&rsquo;enregistrement des utilisateurs en fonction de vos exigences sp\u00e9cifiques, vous permettant de pr\u00e9senter ou de cacher des champs de formulaire particuliers selon votre pouvoir discr\u00e9tionnaire. Cette fonctionnalit\u00e9 exceptionnelle garantit la facilitation d&rsquo;un processus d&rsquo;enregistrement transparent et tr\u00e8s efficace pour vos utilisateurs estim\u00e9s, assurant leur plus grande satisfaction et leur commodit\u00e9.<\/p>\n","protected":false},"featured_media":145680,"comment_status":"open","ping_status":"open","template":"","meta":[],"product_brand":[2681],"product_cat":[1189,1181,1186],"product_tag":[2210],"class_list":{"0":"post-120655","1":"product","2":"type-product","3":"status-publish","4":"has-post-thumbnail","6":"product_brand-wpeverest","7":"product_cat-personnalisation","8":"product_cat-plugins","9":"product_cat-wordpress-plugins","10":"product_tag-wpeverest","11":"member-discount","12":"discount-restricted","14":"first","15":"instock","16":"sale","17":"downloadable","18":"virtual","19":"sold-individually","20":"purchasable","21":"product-type-simple"},"_links":{"self":[{"href":"https:\/\/gpl-love.com\/fr\/wp-json\/wp\/v2\/product\/120655","targetHints":{"allow":["GET"]}}],"collection":[{"href":"https:\/\/gpl-love.com\/fr\/wp-json\/wp\/v2\/product"}],"about":[{"href":"https:\/\/gpl-love.com\/fr\/wp-json\/wp\/v2\/types\/product"}],"replies":[{"embeddable":true,"href":"https:\/\/gpl-love.com\/fr\/wp-json\/wp\/v2\/comments?post=120655"}],"wp:featuredmedia":[{"embeddable":true,"href":"https:\/\/gpl-love.com\/fr\/wp-json\/wp\/v2\/media\/145680"}],"wp:attachment":[{"href":"https:\/\/gpl-love.com\/fr\/wp-json\/wp\/v2\/media?parent=120655"}],"wp:term":[{"taxonomy":"product_brand","embeddable":true,"href":"https:\/\/gpl-love.com\/fr\/wp-json\/wp\/v2\/product_brand?post=120655"},{"taxonomy":"product_cat","embeddable":true,"href":"https:\/\/gpl-love.com\/fr\/wp-json\/wp\/v2\/product_cat?post=120655"},{"taxonomy":"product_tag","embeddable":true,"href":"https:\/\/gpl-love.com\/fr\/wp-json\/wp\/v2\/product_tag?post=120655"}],"curies":[{"name":"wp","href":"https:\/\/api.w.org\/{rel}","templated":true}]}}