{"id":120653,"date":"2025-11-20T00:00:00","date_gmt":"2025-11-19T23:00:00","guid":{"rendered":"https:\/\/gpl-love.com\/fr\/produit\/user-registration-style-customizer\/"},"modified":"2026-03-20T23:42:42","modified_gmt":"2026-03-20T22:42:42","slug":"user-registration-style-customizer","status":"publish","type":"product","link":"https:\/\/gpl-love.com\/fr\/produit\/user-registration-style-customizer\/","title":{"rendered":"User Registration Style Customizer 1.1.3"},"content":{"rendered":"<h3>User Registration Style Customizer Traits<\/h3>\n<p>Le personnalisateur de style d&rsquo;enregistrement des utilisateurs, un outil incroyablement puissant, permet aux utilisateurs de personnaliser largement le processus d&rsquo;enregistrement sur leur site Web en fonction de leurs exigences et pr\u00e9f\u00e9rences individuelles. En tirant parti de cet outil exceptionnel, les utilisateurs peuvent concevoir et cr\u00e9er sans effort un formulaire d&rsquo;enregistrement qui s&rsquo;aligne parfaitement avec leurs besoins sp\u00e9cifiques. Le r\u00e9sultat? Un formulaire d&rsquo;enregistrement m\u00e9ticuleusement con\u00e7u et parfaitement fonctionnel qui s&rsquo;int\u00e8gre de mani\u00e8re transparente dans n&rsquo;importe quel site Web, garantissant une exp\u00e9rience d&rsquo;enregistrement vraiment exceptionnelle et personnalis\u00e9e. Ce produit exceptionnel est particuli\u00e8rement bien adapt\u00e9 aux d\u00e9veloppeurs Web qualifi\u00e9s et aux propri\u00e9taires de sites diligents qui aspirent \u00e0 fournir un processus d&rsquo;enregistrement in\u00e9gal\u00e9 et sur mesure pour leurs utilisateurs estim\u00e9s. Avec les capacit\u00e9s remarquables de la personnalisation du style d&rsquo;enregistrement des utilisateurs, les utilisateurs peuvent infliger sans effort un formulaire d&rsquo;enregistrement visuellement captivant et incroyablement convivial qui garantit un parcours d&rsquo;enregistrement rationalis\u00e9 et sans stress sans effort pour tous leurs visiteurs estim\u00e9s du site.<\/p>\n<ul>\n<li>Interface utilisateur facile et intuitive<\/li>\n<li>Formulaires d&rsquo;inscription des utilisateurs personnalisables<\/li>\n<li>Options de champ de formulaire multiple (entr\u00e9e de texte, d\u00e9routes, boutons radio, etc.)<\/li>\n<li>Option pour ajouter des champs personnalis\u00e9s<\/li>\n<li>Possibilit\u00e9 d&rsquo;ajouter des r\u00e8gles de validation pour assurer une collecte de donn\u00e9es pr\u00e9cises<\/li>\n<li>Int\u00e9gration avec des outils de marketing par e-mail populaires<\/li>\n<li>Les donn\u00e9es de l&rsquo;utilisateur sont stock\u00e9es en toute s\u00e9curit\u00e9<\/li>\n<li>Fournit des analyses et des rapports d\u00e9taill\u00e9s<\/li>\n<li>\u00c9conomise du temps et des ressources en automatisant le processus d&rsquo;enregistrement<\/li>\n<li>Am\u00e9liore l&rsquo;exp\u00e9rience utilisateur en permettant la personnalisation du processus d&rsquo;enregistrement.<\/li>\n<\/ul>\n","protected":false},"excerpt":{"rendered":"<p>Le personnalisateur de style d&rsquo;enregistrement utilisateur est un outil incroyablement convivial qui vous offre la possibilit\u00e9 de personnaliser l&rsquo;apparence visuelle et l&rsquo;ambiance globale de vos formulaires d&rsquo;enregistrement d&rsquo;utilisateur. Son interface est con\u00e7ue avec la plus grande simplicit\u00e9, vous permettant de s\u00e9lectionner sans effort parmi un vaste \u00e9ventail d&rsquo;\u00e9l\u00e9ments pr\u00e9-con\u00e7us ou m\u00eame de fa\u00e7onner le v\u00f4tre \u00e0 partir de z\u00e9ro \u00e0 travers un m\u00e9canisme de glisser-d\u00e9poser simple. Que votre objectif soit de s&rsquo;harmoniser avec le sch\u00e9ma de couleurs distinct de votre marque ou de forger une exp\u00e9rience utilisateur vraiment distincte et sans pr\u00e9c\u00e9dent, le personnalisateur de style d&rsquo;enregistrement utilisateur rationalise le processus de fabrication d&rsquo;une forme \u00e0 la fois esth\u00e9tique et pleinement fonctionnelle. Ce qui est encore plus remarquable, c&rsquo;est sa compatibilit\u00e9 avec toutes les principales plateformes Web, garantissant qu&rsquo;il s&rsquo;int\u00e8gre de mani\u00e8re transparente avec le syst\u00e8me que vous pouvez fonctionner. Ne perdez pas de temps et vous lancez dans le voyage de personnalisation de vos formulaires d&rsquo;enregistrement des utilisateurs d\u00e8s aujourd&rsquo;hui!<\/p>\n","protected":false},"featured_media":145694,"comment_status":"open","ping_status":"open","template":"","meta":[],"product_brand":[2681],"product_cat":[1189,1181,1186],"product_tag":[2210],"class_list":{"0":"post-120653","1":"product","2":"type-product","3":"status-publish","4":"has-post-thumbnail","6":"product_brand-wpeverest","7":"product_cat-personnalisation","8":"product_cat-plugins","9":"product_cat-wordpress-plugins","10":"product_tag-wpeverest","11":"member-discount","12":"discount-restricted","14":"first","15":"instock","16":"sale","17":"downloadable","18":"virtual","19":"sold-individually","20":"purchasable","21":"product-type-simple"},"_links":{"self":[{"href":"https:\/\/gpl-love.com\/fr\/wp-json\/wp\/v2\/product\/120653","targetHints":{"allow":["GET"]}}],"collection":[{"href":"https:\/\/gpl-love.com\/fr\/wp-json\/wp\/v2\/product"}],"about":[{"href":"https:\/\/gpl-love.com\/fr\/wp-json\/wp\/v2\/types\/product"}],"replies":[{"embeddable":true,"href":"https:\/\/gpl-love.com\/fr\/wp-json\/wp\/v2\/comments?post=120653"}],"wp:featuredmedia":[{"embeddable":true,"href":"https:\/\/gpl-love.com\/fr\/wp-json\/wp\/v2\/media\/145694"}],"wp:attachment":[{"href":"https:\/\/gpl-love.com\/fr\/wp-json\/wp\/v2\/media?parent=120653"}],"wp:term":[{"taxonomy":"product_brand","embeddable":true,"href":"https:\/\/gpl-love.com\/fr\/wp-json\/wp\/v2\/product_brand?post=120653"},{"taxonomy":"product_cat","embeddable":true,"href":"https:\/\/gpl-love.com\/fr\/wp-json\/wp\/v2\/product_cat?post=120653"},{"taxonomy":"product_tag","embeddable":true,"href":"https:\/\/gpl-love.com\/fr\/wp-json\/wp\/v2\/product_tag?post=120653"}],"curies":[{"name":"wp","href":"https:\/\/api.w.org\/{rel}","templated":true}]}}