{"id":120640,"date":"2021-12-14T00:00:00","date_gmt":"2021-12-13T23:00:00","guid":{"rendered":"https:\/\/gpl-love.com\/fr\/produit\/user-registration-extras\/"},"modified":"2026-03-20T23:42:27","modified_gmt":"2026-03-20T22:42:27","slug":"user-registration-extras","status":"publish","type":"product","link":"https:\/\/gpl-love.com\/fr\/produit\/user-registration-extras\/","title":{"rendered":"User Registration Extras 1.1.0"},"content":{"rendered":"<h3>User Registration Extras Traits<\/h3>\n<p>Les extras d&rsquo;enregistrement des utilisateurs englobent une pl\u00e9thore de fonctionnalit\u00e9s et de fonctionnalit\u00e9s suppl\u00e9mentaires qui ont le potentiel d&rsquo;augmenter et d&rsquo;affiner le processus d&rsquo;enregistrement des utilisateurs. Ces \u00e9l\u00e9ments suppl\u00e9mentaires peuvent englober un \u00e9ventail d&rsquo;options, y compris, mais sans s&rsquo;y limiter, une int\u00e9gration transparente avec diverses plateformes de m\u00e9dias sociaux, des m\u00e9canismes de confirmation par e-mail robustes, des indicateurs de force de mot de passe judicieux et un assortiment d&rsquo;autres attributs b\u00e9n\u00e9fiques. En incorporant de mani\u00e8re transparente ces composants suppl\u00e9mentaires dans leur processus d&rsquo;enregistrement des utilisateurs, les entreprises et les organisations peuvent cultiver efficacement une exp\u00e9rience plus rationalis\u00e9e et ax\u00e9e sur l&rsquo;utilisateur pour leurs clients estim\u00e9s ou leurs membres appr\u00e9ci\u00e9s. Par cons\u00e9quent, l&rsquo;inclusion d&rsquo;extras d&rsquo;enregistrement des utilisateurs peut renforcer efficacement la pr\u00e9cision des donn\u00e9es et fortifier les mesures de s\u00e9curit\u00e9, att\u00e9nuant ainsi consid\u00e9rablement la survenue d&rsquo;activit\u00e9s frauduleuses et finalement culminant dans un processus d&rsquo;enregistrement plus prosp\u00e8re et triomphant.<\/p>\n<ul>\n<li>Fournit des champs suppl\u00e9mentaires pour l&rsquo;enregistrement des utilisateurs<\/li>\n<li>Augmente les options de personnalisation pour les formulaires d&rsquo;inscription<\/li>\n<li>Permet de collecter des informations plus d\u00e9taill\u00e9es aupr\u00e8s des utilisateurs<\/li>\n<li>Peut \u00eatre utilis\u00e9 pour recueillir des donn\u00e9es d\u00e9mographiques \u00e0 des fins de marketing<\/li>\n<li>Rationalise la collecte des donn\u00e9es et l&rsquo;organisation pour les administrateurs de sites Web<\/li>\n<li>Am\u00e9liore l&rsquo;exp\u00e9rience utilisateur globale en permettant aux utilisateurs de fournir des informations plus pertinentes<\/li>\n<li>Aide \u00e0 pr\u00e9venir les inscriptions au spam en incluant des mesures anti-spam suppl\u00e9mentaires<\/li>\n<li>Am\u00e9liore la s\u00e9curit\u00e9 en permettant des \u00e9tapes de v\u00e9rification suppl\u00e9mentaires pendant l&rsquo;enregistrement<\/li>\n<li>Peut \u00eatre facilement int\u00e9gr\u00e9 aux processus d&rsquo;enregistrement existants<\/li>\n<li>Am\u00e9liore la fonctionnalit\u00e9 globale et l&rsquo;engagement des utilisateurs des sites Web ou des applications.<\/li>\n<\/ul>\n","protected":false},"excerpt":{"rendered":"<p>En incorporant des extras d&rsquo;enregistrement des utilisateurs dans votre processus d&rsquo;enregistrement, vous avez la possibilit\u00e9 de l&rsquo;\u00e9lever et d&rsquo;acqu\u00e9rir une pl\u00e9thore d&rsquo;informations suppl\u00e9mentaires de vos utilisateurs. Cette fonctionnalit\u00e9 vous permet d&rsquo;int\u00e9grer de mani\u00e8re transparente des champs personnalis\u00e9s dans votre formulaire d&rsquo;enregistrement, offrant une gamme diversifi\u00e9e de types de champs. De plus, vous avez la flexibilit\u00e9 de personnaliser le formulaire d&rsquo;inscription conform\u00e9ment \u00e0 l&rsquo;identit\u00e9 unique de votre marque. Cette ressource inestimable vous permet d&rsquo;amasser des donn\u00e9es importantes sur vos utilisateurs, en am\u00e9liorant par cons\u00e9quent leur exp\u00e9rience globale avec votre plateforme.<\/p>\n","protected":false},"featured_media":145679,"comment_status":"open","ping_status":"open","template":"","meta":[],"product_brand":[2681],"product_cat":[1189,1181,1186],"product_tag":[2210],"class_list":{"0":"post-120640","1":"product","2":"type-product","3":"status-publish","4":"has-post-thumbnail","6":"product_brand-wpeverest","7":"product_cat-personnalisation","8":"product_cat-plugins","9":"product_cat-wordpress-plugins","10":"product_tag-wpeverest","11":"member-discount","12":"discount-restricted","14":"first","15":"instock","16":"sale","17":"downloadable","18":"virtual","19":"sold-individually","20":"purchasable","21":"product-type-simple"},"_links":{"self":[{"href":"https:\/\/gpl-love.com\/fr\/wp-json\/wp\/v2\/product\/120640","targetHints":{"allow":["GET"]}}],"collection":[{"href":"https:\/\/gpl-love.com\/fr\/wp-json\/wp\/v2\/product"}],"about":[{"href":"https:\/\/gpl-love.com\/fr\/wp-json\/wp\/v2\/types\/product"}],"replies":[{"embeddable":true,"href":"https:\/\/gpl-love.com\/fr\/wp-json\/wp\/v2\/comments?post=120640"}],"wp:featuredmedia":[{"embeddable":true,"href":"https:\/\/gpl-love.com\/fr\/wp-json\/wp\/v2\/media\/145679"}],"wp:attachment":[{"href":"https:\/\/gpl-love.com\/fr\/wp-json\/wp\/v2\/media?parent=120640"}],"wp:term":[{"taxonomy":"product_brand","embeddable":true,"href":"https:\/\/gpl-love.com\/fr\/wp-json\/wp\/v2\/product_brand?post=120640"},{"taxonomy":"product_cat","embeddable":true,"href":"https:\/\/gpl-love.com\/fr\/wp-json\/wp\/v2\/product_cat?post=120640"},{"taxonomy":"product_tag","embeddable":true,"href":"https:\/\/gpl-love.com\/fr\/wp-json\/wp\/v2\/product_tag?post=120640"}],"curies":[{"name":"wp","href":"https:\/\/api.w.org\/{rel}","templated":true}]}}