{"id":120638,"date":"2026-03-20T00:00:00","date_gmt":"2026-03-19T23:00:00","guid":{"rendered":"https:\/\/gpl-love.com\/fr\/produit\/user-registration-email-templates\/"},"modified":"2026-04-10T18:44:38","modified_gmt":"2026-04-10T16:44:38","slug":"user-registration-email-templates","status":"publish","type":"product","link":"https:\/\/gpl-love.com\/fr\/produit\/user-registration-email-templates\/","title":{"rendered":"User Registration Email Templates 1.2.11"},"content":{"rendered":"<h3>User Registration Email Templates Traits<\/h3>\n<p>Nos mod\u00e8les d&rsquo;e-mails d&rsquo;enregistrement des utilisateurs offrent aux entreprises une solution pratique et efficace pour g\u00e9n\u00e9rer des e-mails professionnels et personnalis\u00e9s pour leurs utilisateurs. Ces mod\u00e8les pr\u00e9sentent une s\u00e9lection diversifi\u00e9e d&rsquo;options personnalisables, permettant aux entreprises d&rsquo;aligner sans effort leurs e-mails avec leur image de marque et leur messagerie. Con\u00e7us avec une convivialit\u00e9 \u00e0 l&rsquo;esprit, nos mod\u00e8les facilitent la cr\u00e9ation et la distribution et la distribution des e-mails sans couture pour les entreprises de toutes tailles, que ce soit une petite entreprise ou une grande entreprise. En utilisant nos mod\u00e8les de messagerie d&rsquo;enregistrement des utilisateurs, les entreprises peuvent optimiser leurs processus de communication et \u00e9lever l&rsquo;exp\u00e9rience utilisateur globale.<\/p>\n<ul>\n<li>Une collection de mod\u00e8les de messagerie personnalisables \u00e0 des fins d&rsquo;enregistrement des utilisateurs<\/li>\n<li>Comprend des mod\u00e8les pour les e-mails de bienvenue, les e-mails de confirmation du compte, les e-mails de r\u00e9initialisation du mot de passe et plus encore<\/li>\n<li>Gave le temps et les efforts en offrant des options de copie et de conception pr\u00e9-\u00e9crites<\/li>\n<li>Permet aux entreprises et aux organisations de cr\u00e9er un processus d&rsquo;enregistrement professionnel et rationalis\u00e9<\/li>\n<li>Peut \u00eatre adapt\u00e9 pour s&rsquo;adapter \u00e0 la marque et au ton de toute entreprise ou industrie<\/li>\n<li>Aide \u00e0 accro\u00eetre l&rsquo;engagement des clients en offrant une exp\u00e9rience d&rsquo;int\u00e9gration am\u00e9lior\u00e9e<\/li>\n<li>Simple et facile \u00e0 utiliser, id\u00e9al pour les petites entreprises et les startups<\/li>\n<li>Am\u00e9liore l&rsquo;exp\u00e9rience utilisateur globale, conduisant \u00e0 une am\u00e9lioration de la r\u00e9tention et de la fid\u00e9lit\u00e9<\/li>\n<\/ul>\n","protected":false},"excerpt":{"rendered":"<p>Nos mod\u00e8les de messagerie d&rsquo;enregistrement des utilisateurs ont \u00e9t\u00e9 m\u00e9ticuleusement con\u00e7us pour vous aider \u00e0 optimiser l&rsquo;efficacit\u00e9 de votre processus d&rsquo;enregistrement des utilisateurs. Ces mod\u00e8les m\u00e9ticuleusement organis\u00e9s offrent des brouillons \u00e9lectroniques pr\u00e9-compos\u00e9s qui sont non seulement personnalisables mais servent \u00e9galement de moyen de faciliter une communication efficace avec vos utilisateurs nouvellement enregistr\u00e9s. Entra\u00eenement d&rsquo;un large \u00e9ventail de formats de messagerie tels que des messages de bienvenue, des liens d&rsquo;activation et des e-mails de confirmation, nos mod\u00e8les visent \u00e0 garantir que le processus d&rsquo;enregistrement est aussi sans effort et rationalis\u00e9 que possible pour vous et vos utilisateurs. En utilisant nos mod\u00e8les de messagerie d&rsquo;enregistrement des utilisateurs, vous pourrez non seulement gagner un temps consid\u00e9rable, mais aussi minimiser consid\u00e9rablement la survenue d&rsquo;erreurs, ce qui conduit finalement \u00e0 une exp\u00e9rience utilisateur am\u00e9lior\u00e9e.<\/p>\n","protected":false},"featured_media":145678,"comment_status":"open","ping_status":"open","template":"","meta":[],"product_brand":[2681],"product_cat":[1189,1181,1186],"product_tag":[2210],"class_list":{"0":"post-120638","1":"product","2":"type-product","3":"status-publish","4":"has-post-thumbnail","6":"product_brand-wpeverest","7":"product_cat-personnalisation","8":"product_cat-plugins","9":"product_cat-wordpress-plugins","10":"product_tag-wpeverest","11":"member-discount","12":"discount-restricted","14":"first","15":"instock","16":"sale","17":"downloadable","18":"virtual","19":"sold-individually","20":"purchasable","21":"product-type-simple"},"_links":{"self":[{"href":"https:\/\/gpl-love.com\/fr\/wp-json\/wp\/v2\/product\/120638","targetHints":{"allow":["GET"]}}],"collection":[{"href":"https:\/\/gpl-love.com\/fr\/wp-json\/wp\/v2\/product"}],"about":[{"href":"https:\/\/gpl-love.com\/fr\/wp-json\/wp\/v2\/types\/product"}],"replies":[{"embeddable":true,"href":"https:\/\/gpl-love.com\/fr\/wp-json\/wp\/v2\/comments?post=120638"}],"wp:featuredmedia":[{"embeddable":true,"href":"https:\/\/gpl-love.com\/fr\/wp-json\/wp\/v2\/media\/145678"}],"wp:attachment":[{"href":"https:\/\/gpl-love.com\/fr\/wp-json\/wp\/v2\/media?parent=120638"}],"wp:term":[{"taxonomy":"product_brand","embeddable":true,"href":"https:\/\/gpl-love.com\/fr\/wp-json\/wp\/v2\/product_brand?post=120638"},{"taxonomy":"product_cat","embeddable":true,"href":"https:\/\/gpl-love.com\/fr\/wp-json\/wp\/v2\/product_cat?post=120638"},{"taxonomy":"product_tag","embeddable":true,"href":"https:\/\/gpl-love.com\/fr\/wp-json\/wp\/v2\/product_tag?post=120638"}],"curies":[{"name":"wp","href":"https:\/\/api.w.org\/{rel}","templated":true}]}}