{"id":120636,"date":"2025-11-20T00:00:00","date_gmt":"2025-11-19T23:00:00","guid":{"rendered":"https:\/\/gpl-love.com\/fr\/produit\/user-registration-advanced-fields\/"},"modified":"2026-03-20T23:42:22","modified_gmt":"2026-03-20T22:42:22","slug":"user-registration-advanced-fields","status":"publish","type":"product","link":"https:\/\/gpl-love.com\/fr\/produit\/user-registration-advanced-fields\/","title":{"rendered":"User Registration Advanced Fields 1.6.17"},"content":{"rendered":"<h3>User Registration Advanced Fields Traits<\/h3>\n<p>L&rsquo;enregistrement des utilisateurs Advanced Fields est un produit tr\u00e8s sophistiqu\u00e9 sp\u00e9cialement con\u00e7u pour fournir aux entreprises et aux organisations une solution globale pour am\u00e9liorer leur processus d&rsquo;enregistrement des utilisateurs. Ce produit exceptionnel permet la collecte de d\u00e9tails complexes des utilisateurs au moment de l&rsquo;enregistrement, englobant des domaines avanc\u00e9s tels que les ant\u00e9c\u00e9dents de l&#8217;emploi, l&rsquo;\u00e9ducation et d&rsquo;autres informations pertinentes. En outre, les donn\u00e9es m\u00e9ticuleusement collect\u00e9es sont stock\u00e9es en toute s\u00e9curit\u00e9 et facilement accessibles via une interface conviviale, facilitant ainsi l&rsquo;analyse et l&rsquo;utilisation transparente par les entreprises et les organisations pour des campagnes de marketing efficaces, des strat\u00e9gies de communication et une multitude d&rsquo;autres fins. En tirant parti de la puissance de l&rsquo;enregistrement des utilisateurs, les champs avanc\u00e9s, les entreprises et les organisations peuvent rationaliser sans effort leur processus d&rsquo;enregistrement des utilisateurs, tout en obtenant des informations inestimables sur leur base d&rsquo;utilisateurs.<\/p>\n<ul>\n<li>Permet la personnalisation des champs d&rsquo;enregistrement au-del\u00e0 des informations de base telles que le nom et le courrier \u00e9lectronique<\/li>\n<li>Permet aux entreprises de recueillir des informations plus sp\u00e9cifiques et pertinentes de leurs utilisateurs lors de l&rsquo;inscription<\/li>\n<li>Aide \u00e0 am\u00e9liorer la segmentation des utilisateurs et les efforts de marketing cibles<\/li>\n<li>Rationalise le processus d&rsquo;enregistrement en \u00e9liminant la n\u00e9cessit\u00e9 de questions de suivi suppl\u00e9mentaires ou de formulaires suppl\u00e9mentaires<\/li>\n<li>Fournit une exp\u00e9rience utilisateur plus personnalis\u00e9e et adapt\u00e9e<\/li>\n<li>Augmente les chances d&rsquo;engagement et de r\u00e9tention des utilisateurs<\/li>\n<li>Peut \u00eatre int\u00e9gr\u00e9 de mani\u00e8re transparente dans les processus d&rsquo;enregistrement existants et les syst\u00e8mes logiciels<\/li>\n<li>Permet aux entreprises de maintenir la conformit\u00e9 aux r\u00e9glementations de confidentialit\u00e9 et de donn\u00e9es \u00e0 mesure qu&rsquo;elles collectent et g\u00e9rent les informations utilisateur potentiellement sensibles.<\/li>\n<li>Stimule la qualit\u00e9 globale et la pr\u00e9cision des donn\u00e9es des utilisateurs, am\u00e9liorant l&rsquo;analyse et les capacit\u00e9s de rapport.<\/li>\n<\/ul>\n","protected":false},"excerpt":{"rendered":"<p>La fonctionnalit\u00e9 Advanced Fields Advanced Fields offre une vaste gamme de capacit\u00e9s et de flexibilit\u00e9, accordant aux propri\u00e9taires de sites Web une multitude d&rsquo;options pour personnaliser leurs formulaires d&rsquo;enregistrement des utilisateurs de mani\u00e8re compl\u00e8te. En utilisant cet outil, les utilisateurs sont autoris\u00e9s \u00e0 construire des champs sur mesure, \u00e0 incorporer des cases \u00e0 cocher, \u00e0 impl\u00e9menter des menus d\u00e9roulants, et bien plus encore, leur permettant ainsi d&rsquo;obtenir toutes les informations pertinentes requises de leur public cible. Ce produit remarquable facilite l&rsquo;adaptation des formulaires d&rsquo;enregistrement pour r\u00e9pondre aux exigences sp\u00e9cifiques et automatise \u00e9galement le processus de collecte de contenu. Ind\u00e9pendamment de savoir si l&rsquo;utilisateur exploite une entreprise, g\u00e9rant un forum communautaire ou supervisant une organisation \u00e0 but non lucratif, l&rsquo;utilisation des champs avanc\u00e9s d&rsquo;enregistrement des utilisateurs sert \u00e0 \u00e9lever l&rsquo;exp\u00e9rience utilisateur globale tout en rationalisant simultan\u00e9ment l&rsquo;effort de la collecte de donn\u00e9es cruciales.<\/p>\n","protected":false},"featured_media":145674,"comment_status":"open","ping_status":"open","template":"","meta":[],"product_brand":[2681],"product_cat":[1189,1181,1186],"product_tag":[2210],"class_list":{"0":"post-120636","1":"product","2":"type-product","3":"status-publish","4":"has-post-thumbnail","6":"product_brand-wpeverest","7":"product_cat-personnalisation","8":"product_cat-plugins","9":"product_cat-wordpress-plugins","10":"product_tag-wpeverest","11":"member-discount","12":"discount-restricted","14":"first","15":"instock","16":"sale","17":"downloadable","18":"virtual","19":"sold-individually","20":"purchasable","21":"product-type-simple"},"_links":{"self":[{"href":"https:\/\/gpl-love.com\/fr\/wp-json\/wp\/v2\/product\/120636","targetHints":{"allow":["GET"]}}],"collection":[{"href":"https:\/\/gpl-love.com\/fr\/wp-json\/wp\/v2\/product"}],"about":[{"href":"https:\/\/gpl-love.com\/fr\/wp-json\/wp\/v2\/types\/product"}],"replies":[{"embeddable":true,"href":"https:\/\/gpl-love.com\/fr\/wp-json\/wp\/v2\/comments?post=120636"}],"wp:featuredmedia":[{"embeddable":true,"href":"https:\/\/gpl-love.com\/fr\/wp-json\/wp\/v2\/media\/145674"}],"wp:attachment":[{"href":"https:\/\/gpl-love.com\/fr\/wp-json\/wp\/v2\/media?parent=120636"}],"wp:term":[{"taxonomy":"product_brand","embeddable":true,"href":"https:\/\/gpl-love.com\/fr\/wp-json\/wp\/v2\/product_brand?post=120636"},{"taxonomy":"product_cat","embeddable":true,"href":"https:\/\/gpl-love.com\/fr\/wp-json\/wp\/v2\/product_cat?post=120636"},{"taxonomy":"product_tag","embeddable":true,"href":"https:\/\/gpl-love.com\/fr\/wp-json\/wp\/v2\/product_tag?post=120636"}],"curies":[{"name":"wp","href":"https:\/\/api.w.org\/{rel}","templated":true}]}}