{"id":120634,"date":"2025-11-20T00:00:00","date_gmt":"2025-11-19T23:00:00","guid":{"rendered":"https:\/\/gpl-love.com\/fr\/produit\/user-registration-social-connect\/"},"modified":"2026-03-20T23:42:38","modified_gmt":"2026-03-20T22:42:38","slug":"user-registration-social-connect","status":"publish","type":"product","link":"https:\/\/gpl-love.com\/fr\/produit\/user-registration-social-connect\/","title":{"rendered":"User Registration Social Connect 1.5.5"},"content":{"rendered":"<h3>User Registration Social Connect Traits<\/h3>\n<p>L&rsquo;enregistrement de l&rsquo;utilisateur Social Connect est un outil ing\u00e9nieux m\u00e9ticuleusement con\u00e7u pour rationaliser le processus d&rsquo;enregistrement des utilisateurs, ce qui en fait une entreprise sans effort. En vertu de cet outil, les utilisateurs sont autoris\u00e9s \u00e0 s&rsquo;inscrire sans effort aux comptes sur les sites Web et les applications en utilisant facilement leurs comptes de m\u00e9dias sociaux. Par cons\u00e9quent, les utilisateurs sont absous de la t\u00e2che ardue de cr\u00e9er de nouveaux comptes et de m\u00e9moriser des d\u00e9tails de connexion suppl\u00e9mentaires. En outre, le Social Connect de l&rsquo;utilisateur s&rsquo;av\u00e8re \u00eatre un atout inestimable pour les entreprises et les propri\u00e9taires de sites Web, les donnant des informations et des donn\u00e9es inestimables concernant leurs utilisateurs. Arm\u00e9s de cet outil, les entreprises peuvent am\u00e9liorer leurs efforts de marketing et fournir un service client in\u00e9gal\u00e9 \u00e0 leurs utilisateurs. Ergo, il peut \u00eatre indiqu\u00e9 sans \u00e9quivoque que la connexion \u00e0 l&rsquo;enregistrement des utilisateurs incarne une solution mutuellement b\u00e9n\u00e9fique pour les utilisateurs et les entreprises, \u00e9tablissant une symbiose harmonieuse entre les deux.<\/p>\n<ul>\n<li>Permet aux utilisateurs de s&rsquo;inscrire facilement \u00e0 un site Web ou \u00e0 une application via leurs comptes de m\u00e9dias sociaux<\/li>\n<li>Prend en charge des plateformes populaires telles que Facebook, Twitter, Google et LinkedIn<\/li>\n<li>Gave du temps et des efforts pour les utilisateurs qui ne veulent pas cr\u00e9er un nouveau compte \u00e0 partir de z\u00e9ro<\/li>\n<li>Peut augmenter les inscriptions du site Web \/ application et l&rsquo;engagement des utilisateurs en supprimant les obstacles \u00e0 l&rsquo;entr\u00e9e<\/li>\n<li>Fournit un processus d&rsquo;enregistrement rationalis\u00e9 facile \u00e0 naviguer<\/li>\n<li>Importe automatiquement les donn\u00e9es des utilisateurs \u00e0 partir de la plate-forme de m\u00e9dias sociaux choisie, telle que le nom et la photo de profil<\/li>\n<li>Offre des options personnalisables pour s&rsquo;inscrire avec ou sans int\u00e9gration des m\u00e9dias sociaux<\/li>\n<li>Am\u00e9liore la s\u00e9curit\u00e9 en v\u00e9rifiant l&rsquo;identit\u00e9 des utilisateurs via leurs comptes de m\u00e9dias sociaux<\/li>\n<li>Fournit des donn\u00e9es et des informations pr\u00e9cieuses sur l&rsquo;utilisation et les pr\u00e9f\u00e9rences des m\u00e9dias sociaux des utilisateurs.<\/li>\n<\/ul>\n","protected":false},"excerpt":{"rendered":"<p>L&rsquo;enregistrement des utilisateurs Social Connect est un outil extr\u00eamement sophistiqu\u00e9 et efficace qui offre une exp\u00e9rience d&rsquo;enregistrement des m\u00e9dias sociaux sans couture et sans effort sur votre site Web ou votre application. Ce plugin remarquable accorde \u00e0 vos utilisateurs la possibilit\u00e9 de s&rsquo;inscrire rapidement et facilement en utilisant leurs profils de m\u00e9dias sociaux pr\u00e9existants. En incorporant l&rsquo;inscription des utilisateurs Social Connect \u00e0 votre plate-forme, vous \u00e9conomiserez non seulement une quantit\u00e9 substantielle de temps pr\u00e9cieux, mais am\u00e9liorerez \u00e9galement l&rsquo;engagement des utilisateurs en \u00e9liminant compl\u00e8tement l&rsquo;exigence de cr\u00e9ation de nouveaux comptes. De plus, ce plugin exceptionnel offre une large gamme d&rsquo;options pour personnaliser votre processus d&rsquo;enregistrement, vous permettant de d\u00e9terminer les plateformes de m\u00e9dias sociaux accessibles \u00e0 des fins d&rsquo;enregistrement ainsi que les donn\u00e9es sp\u00e9cifiques collect\u00e9es aupr\u00e8s de vos utilisateurs. Par cons\u00e9quent, vous pouvez garantir une exp\u00e9rience impeccablement fluide et sans tracas pour les utilisateurs nouveaux et renvoy\u00e9s, am\u00e9liorant ainsi la satisfaction globale de la satisfaction et la r\u00e9tention sur votre plateforme.<\/p>\n","protected":false},"featured_media":145692,"comment_status":"open","ping_status":"open","template":"","meta":[],"product_brand":[2681],"product_cat":[1232,1181,1186],"product_tag":[2210],"class_list":{"0":"post-120634","1":"product","2":"type-product","3":"status-publish","4":"has-post-thumbnail","6":"product_brand-wpeverest","7":"product_cat-social","8":"product_cat-plugins","9":"product_cat-wordpress-plugins","10":"product_tag-wpeverest","11":"member-discount","12":"discount-restricted","14":"first","15":"instock","16":"sale","17":"downloadable","18":"virtual","19":"sold-individually","20":"purchasable","21":"product-type-simple"},"_links":{"self":[{"href":"https:\/\/gpl-love.com\/fr\/wp-json\/wp\/v2\/product\/120634","targetHints":{"allow":["GET"]}}],"collection":[{"href":"https:\/\/gpl-love.com\/fr\/wp-json\/wp\/v2\/product"}],"about":[{"href":"https:\/\/gpl-love.com\/fr\/wp-json\/wp\/v2\/types\/product"}],"replies":[{"embeddable":true,"href":"https:\/\/gpl-love.com\/fr\/wp-json\/wp\/v2\/comments?post=120634"}],"wp:featuredmedia":[{"embeddable":true,"href":"https:\/\/gpl-love.com\/fr\/wp-json\/wp\/v2\/media\/145692"}],"wp:attachment":[{"href":"https:\/\/gpl-love.com\/fr\/wp-json\/wp\/v2\/media?parent=120634"}],"wp:term":[{"taxonomy":"product_brand","embeddable":true,"href":"https:\/\/gpl-love.com\/fr\/wp-json\/wp\/v2\/product_brand?post=120634"},{"taxonomy":"product_cat","embeddable":true,"href":"https:\/\/gpl-love.com\/fr\/wp-json\/wp\/v2\/product_cat?post=120634"},{"taxonomy":"product_tag","embeddable":true,"href":"https:\/\/gpl-love.com\/fr\/wp-json\/wp\/v2\/product_tag?post=120634"}],"curies":[{"name":"wp","href":"https:\/\/api.w.org\/{rel}","templated":true}]}}