{"id":120632,"date":"2026-01-23T00:00:00","date_gmt":"2026-01-22T23:00:00","guid":{"rendered":"https:\/\/gpl-love.com\/fr\/produit\/user-registration-import-users\/"},"modified":"2026-04-10T18:44:42","modified_gmt":"2026-04-10T16:44:42","slug":"user-registration-import-users","status":"publish","type":"product","link":"https:\/\/gpl-love.com\/fr\/produit\/user-registration-import-users\/","title":{"rendered":"User Registration Import Users 1.0.12"},"content":{"rendered":"<h3>User Registration Import Users Traits<\/h3>\n<p>Le produit des utilisateurs d&rsquo;importation des utilisateurs des utilisateurs a \u00e9t\u00e9 ing\u00e9nieusement con\u00e7u pour rationaliser et faciliter le processus complexe d&rsquo;importation des enregistrements d&rsquo;utilisateurs dans un syst\u00e8me. Cet outil ing\u00e9nieux acc\u00e9l\u00e8re non seulement le processus, mais assure \u00e9galement la plus grande s\u00e9curit\u00e9, fournissant ainsi un moyen fiable et efficace d&rsquo;ajouter plusieurs utilisateurs \u00e0 une base de donn\u00e9es ou un site Web. Son indispensabilit\u00e9 devient particuli\u00e8rement \u00e9vidente en ce qui concerne les entreprises ou les organisations qui sont confront\u00e9es \u00e0 la t\u00e2che complexe d&rsquo;importer un volume substantiel d&rsquo;enregistrements des utilisateurs \u00e0 la fois. Avec la mise en \u0153uvre des utilisateurs d&rsquo;importation d&rsquo;enregistrement des utilisateurs, les utilisateurs se voient offrir un niveau de commodit\u00e9 in\u00e9gal\u00e9 car ils sont en mesure de t\u00e9l\u00e9charger sans effort un fichier CSV complet contenant tous les d\u00e9tails pertinents sur les utilisateurs, englobant leurs noms, leurs coordonn\u00e9es et toutes les autres donn\u00e9es pertinentes. Il convient de noter que l&rsquo;outil est \u00e9quip\u00e9 d&rsquo;un m\u00e9canisme automatis\u00e9 qui mappe astucieusement les diff\u00e9rents champs de donn\u00e9es \u00e0 leurs champs de base de donn\u00e9es correspondants, acc\u00e9l\u00e9rant ainsi le processus d&rsquo;importation et garantissant sa plus grande pr\u00e9cision. En substance, le produit des utilisateurs d&rsquo;importation d&rsquo;enregistrement des utilisateurs est un outil formidable qui rationalise efficacement le processus d&rsquo;enregistrement des utilisateurs, att\u00e9nuant ainsi consid\u00e9rablement le temps et les efforts requis par les entreprises et les organisations.<\/p>\n<ul>\n<li>Simplifie le processus d&rsquo;enregistrement des utilisateurs<\/li>\n<li>Permet une importation facile de donn\u00e9es utilisateur existantes<\/li>\n<li>R\u00e9duit le temps et les efforts requis pour la saisie des donn\u00e9es<\/li>\n<li>Aide \u00e0 \u00e9viter les erreurs et les incoh\u00e9rences dans les donn\u00e9es des utilisateurs<\/li>\n<li>Permet une meilleure gestion des comptes d&rsquo;utilisateurs<\/li>\n<li>Facilite une communication fluide avec les utilisateurs<\/li>\n<li>Fournit une solution \u00e9volutive pour maintenir et mettre \u00e0 jour les donn\u00e9es utilisateur<\/li>\n<li>Am\u00e9liore l&rsquo;exp\u00e9rience et la satisfaction de l&rsquo;utilisateur global<\/li>\n<li>Am\u00e9liore la s\u00e9curit\u00e9 des donn\u00e9es et la confidentialit\u00e9 en r\u00e9duisant la gestion manuelle des donn\u00e9es utilisateur<\/li>\n<li>Peut \u00eatre personnalis\u00e9 pour r\u00e9pondre aux exigences sp\u00e9cifiques de l&rsquo;enregistrement des utilisateurs et d&rsquo;importation.<\/li>\n<\/ul>\n","protected":false},"excerpt":{"rendered":"<p>En utilisant notre entr\u00e9e de pointe: le syst\u00e8me des utilisateurs d&rsquo;importation d&rsquo;enregistrement des utilisateurs, vous aurez la capacit\u00e9 remarquable d&rsquo;incorporer sans effort les donn\u00e9es utilisateur dans votre base de donn\u00e9es. Offrez des adieux \u00e0 l&rsquo;effort laborieux et monotone de saisir manuellement les utilisateurs individuellement &#8211; notre syst\u00e8me con\u00e7u finement vise \u00e0 am\u00e9liorer l&rsquo;efficacit\u00e9 et l&rsquo;opportunit\u00e9. T\u00e9l\u00e9chargez simplement un fichier CSV englobant toutes les informations utilisateur requises, et voient notre syst\u00e8me diss\u00e9que et int\u00e8gre les donn\u00e9es, tout en prot\u00e9geant simultan\u00e9ment la pr\u00e9cision et la s\u00e9curit\u00e9 des informations. \u00c9levez votre productivit\u00e9 et allouez votre attention aux questions par excellence en capitalisant sur les avantages in\u00e9gal\u00e9s accord\u00e9s par notre contribution: le syst\u00e8me des utilisateurs d&rsquo;importation de l&rsquo;utilisateur.<\/p>\n","protected":false},"featured_media":145683,"comment_status":"open","ping_status":"open","template":"","meta":[],"product_brand":[2681],"product_cat":[1187,1181,1186],"product_tag":[2210],"class_list":{"0":"post-120632","1":"product","2":"type-product","3":"status-publish","4":"has-post-thumbnail","6":"product_brand-wpeverest","7":"product_cat-administration-wordpress-plugins","8":"product_cat-plugins","9":"product_cat-wordpress-plugins","10":"product_tag-wpeverest","11":"member-discount","12":"discount-restricted","14":"first","15":"instock","16":"sale","17":"downloadable","18":"virtual","19":"sold-individually","20":"purchasable","21":"product-type-simple"},"_links":{"self":[{"href":"https:\/\/gpl-love.com\/fr\/wp-json\/wp\/v2\/product\/120632","targetHints":{"allow":["GET"]}}],"collection":[{"href":"https:\/\/gpl-love.com\/fr\/wp-json\/wp\/v2\/product"}],"about":[{"href":"https:\/\/gpl-love.com\/fr\/wp-json\/wp\/v2\/types\/product"}],"replies":[{"embeddable":true,"href":"https:\/\/gpl-love.com\/fr\/wp-json\/wp\/v2\/comments?post=120632"}],"wp:featuredmedia":[{"embeddable":true,"href":"https:\/\/gpl-love.com\/fr\/wp-json\/wp\/v2\/media\/145683"}],"wp:attachment":[{"href":"https:\/\/gpl-love.com\/fr\/wp-json\/wp\/v2\/media?parent=120632"}],"wp:term":[{"taxonomy":"product_brand","embeddable":true,"href":"https:\/\/gpl-love.com\/fr\/wp-json\/wp\/v2\/product_brand?post=120632"},{"taxonomy":"product_cat","embeddable":true,"href":"https:\/\/gpl-love.com\/fr\/wp-json\/wp\/v2\/product_cat?post=120632"},{"taxonomy":"product_tag","embeddable":true,"href":"https:\/\/gpl-love.com\/fr\/wp-json\/wp\/v2\/product_tag?post=120632"}],"curies":[{"name":"wp","href":"https:\/\/api.w.org\/{rel}","templated":true}]}}