{"id":120630,"date":"2026-03-20T00:00:00","date_gmt":"2026-03-19T23:00:00","guid":{"rendered":"https:\/\/gpl-love.com\/fr\/produit\/user-registration-file-upload\/"},"modified":"2026-04-10T18:44:40","modified_gmt":"2026-04-10T16:44:40","slug":"user-registration-file-upload","status":"publish","type":"product","link":"https:\/\/gpl-love.com\/fr\/produit\/user-registration-file-upload\/","title":{"rendered":"User Registration File Upload 1.4"},"content":{"rendered":"<h3>User Registration File Upload Traits<\/h3>\n<p>Le t\u00e9l\u00e9chargement de fichiers d&rsquo;enregistrement des utilisateurs sert d&rsquo;outil incroyablement puissant et inestimable, rationalisant et acc\u00e9l\u00e9rant efficacement la proc\u00e9dure d&rsquo;enregistrement pour les entreprises et les sites Web. Gr\u00e2ce \u00e0 cet outil remarquable, les utilisateurs obtiennent la capacit\u00e9 remarquable de t\u00e9l\u00e9charger sans effort et rapidement leurs informations d&rsquo;enregistrement inestimables, englobant des donn\u00e9es vitales telles que leur nom estim\u00e9, l&rsquo;adresse courrier \u00e9lectronique, l&#8217;emplacement physique et diverses autres coordonn\u00e9es pivots, directement dans le syst\u00e8me \u00e9tendu de la vaste \u00e9tendue de la part du syst\u00e8me \u00e9tendu de la main. Par cons\u00e9quent, l&rsquo;utilisation diligente de cette fonction de t\u00e9l\u00e9chargement de fichiers permet aux entreprises de conserver judicieusement leur temps inestimable et d&rsquo;optimiser efficacement leur processus d&rsquo;enregistrement, minimisant ainsi consid\u00e9rablement le potentiel d&rsquo;erreurs tout en renfor\u00e7ant simultan\u00e9ment l&rsquo;efficacit\u00e9 globale. En outre, le t\u00e9l\u00e9chargement de fichiers d&rsquo;enregistrement des utilisateurs contribue profond\u00e9ment \u00e0 la pr\u00e9servation de donn\u00e9es utilisateur pr\u00e9cises et \u00e0 jour, facilitant ainsi de mani\u00e8re transparente une communication sans entrave et efficace entre les entreprises et leur client\u00e8le estim\u00e9e, ainsi que leur client\u00e8le inestimable. En r\u00e9sum\u00e9, cet outil in\u00e9gal\u00e9 fournit une solution ind\u00e9niablement pratique et supr\u00eamement efficace pour les entreprises aspirant \u00e0 rationaliser leur processus d&rsquo;enregistrement et \u00e0 augmenter simultan\u00e9ment l&rsquo;exp\u00e9rience utilisateur globale.<\/p>\n<ul>\n<li>Processus d&rsquo;inscription facile pour les utilisateurs<\/li>\n<li>Processus d&rsquo;enregistrement acc\u00e9l\u00e9r\u00e9 pour les utilisateurs<\/li>\n<li>Cr\u00e9ation de compte utilisateur rationalis\u00e9<\/li>\n<li>Am\u00e9lioration de la pr\u00e9cision des donn\u00e9es pour les informations des utilisateurs<\/li>\n<li>S\u00e9curit\u00e9 des donn\u00e9es am\u00e9lior\u00e9e pour les informations des utilisateurs<\/li>\n<li>Augmentation de l&rsquo;engagement et de la fid\u00e9lit\u00e9 des utilisateurs<\/li>\n<li>Exp\u00e9rience utilisateur am\u00e9lior\u00e9e<\/li>\n<\/ul>\n","protected":false},"excerpt":{"rendered":"<p>Le t\u00e9l\u00e9chargement de fichiers d&rsquo;enregistrement de l&rsquo;utilisateur est un outil incroyablement polyvalent qui vous donne la possibilit\u00e9 de t\u00e9l\u00e9charger rapidement et sans effort des quantit\u00e9s copieuses de donn\u00e9es utilisateur dans votre syst\u00e8me avec la plus grande commodit\u00e9. En utilisant cet outil convivial, vous pouvez rationaliser le processus d&rsquo;enregistrement des utilisateurs et ainsi conserver un temps et des ressources pr\u00e9cieux. T\u00e9l\u00e9chargez simplement votre fichier d\u00e9sign\u00e9, et notre syst\u00e8me tr\u00e8s efficace traitera de mani\u00e8re autonome les donn\u00e9es et remplira votre vaste base de donn\u00e9es d&rsquo;utilisateurs. Par cons\u00e9quent, vous aurez la capacit\u00e9 d&rsquo;administrer rapidement et sans effort sans effort vos comptes d&rsquo;utilisateurs, de surveiller l&rsquo;activit\u00e9 des utilisateurs et de g\u00e9n\u00e9rer des rapports complets &#8211; le tout dans un seul emplacement centralis\u00e9. Que vous soyez exploit\u00e9 une entreprise modeste ou que vous supervisiez une organisation substantielle, le t\u00e9l\u00e9chargement de fichiers d&rsquo;enregistrement des utilisateurs sert de solution par excellence pour simplifier et am\u00e9liorer votre processus d&rsquo;enregistrement des utilisateurs.<\/p>\n","protected":false},"featured_media":145681,"comment_status":"open","ping_status":"open","template":"","meta":[],"product_brand":[2681],"product_cat":[1189,1181,1186],"product_tag":[2210],"class_list":{"0":"post-120630","1":"product","2":"type-product","3":"status-publish","4":"has-post-thumbnail","6":"product_brand-wpeverest","7":"product_cat-personnalisation","8":"product_cat-plugins","9":"product_cat-wordpress-plugins","10":"product_tag-wpeverest","11":"member-discount","12":"discount-restricted","14":"first","15":"instock","16":"sale","17":"downloadable","18":"virtual","19":"sold-individually","20":"purchasable","21":"product-type-simple"},"_links":{"self":[{"href":"https:\/\/gpl-love.com\/fr\/wp-json\/wp\/v2\/product\/120630","targetHints":{"allow":["GET"]}}],"collection":[{"href":"https:\/\/gpl-love.com\/fr\/wp-json\/wp\/v2\/product"}],"about":[{"href":"https:\/\/gpl-love.com\/fr\/wp-json\/wp\/v2\/types\/product"}],"replies":[{"embeddable":true,"href":"https:\/\/gpl-love.com\/fr\/wp-json\/wp\/v2\/comments?post=120630"}],"wp:featuredmedia":[{"embeddable":true,"href":"https:\/\/gpl-love.com\/fr\/wp-json\/wp\/v2\/media\/145681"}],"wp:attachment":[{"href":"https:\/\/gpl-love.com\/fr\/wp-json\/wp\/v2\/media?parent=120630"}],"wp:term":[{"taxonomy":"product_brand","embeddable":true,"href":"https:\/\/gpl-love.com\/fr\/wp-json\/wp\/v2\/product_brand?post=120630"},{"taxonomy":"product_cat","embeddable":true,"href":"https:\/\/gpl-love.com\/fr\/wp-json\/wp\/v2\/product_cat?post=120630"},{"taxonomy":"product_tag","embeddable":true,"href":"https:\/\/gpl-love.com\/fr\/wp-json\/wp\/v2\/product_tag?post=120630"}],"curies":[{"name":"wp","href":"https:\/\/api.w.org\/{rel}","templated":true}]}}