{"id":120628,"date":"2024-04-18T00:00:00","date_gmt":"2024-04-17T22:00:00","guid":{"rendered":"https:\/\/gpl-love.com\/fr\/produit\/user-registration-geolocation\/"},"modified":"2026-04-10T18:44:41","modified_gmt":"2026-04-10T16:44:41","slug":"user-registration-geolocation","status":"publish","type":"product","link":"https:\/\/gpl-love.com\/fr\/produit\/user-registration-geolocation\/","title":{"rendered":"User Registration Geolocation 1.2.1"},"content":{"rendered":"<h3>User Registration Geolocation Traits<\/h3>\n<p>La g\u00e9olocalisation de l&rsquo;enregistrement des utilisateurs, un outil tr\u00e8s efficace, a m\u00e9ticuleusement con\u00e7u pour faciliter les entreprises en train d&rsquo;enregistrer les emplacements de leurs clients lorsqu&rsquo;ils s&rsquo;inscrivent aux services, garantissant ainsi une exp\u00e9rience unique et sur mesure unique. La valeur inh\u00e9rente de cet outil de pointe r\u00e9side dans sa capacit\u00e9 \u00e0 permettre aux entreprises de collecter un large \u00e9ventail de donn\u00e9es de localisation de leurs clients estim\u00e9s, qui peuvent par la suite \u00eatre exploit\u00e9s pour affiner et optimiser leurs campagnes de marketing \u00e0 multiples face Promotions cibl\u00e9es et m\u00e9ticuleusement con\u00e7ues. The profound significance of the User Registration Geolocation is underscored by its capacity to empower businesses to meticulously track and analyze customer behavior patterns, subsequently allowing for the provision of a truly bespoke suite of services that are specifically curated to cater to the unique preferences and requirements of Chaque client individuel, tout en prenant en compte son emplacement actuel. En substance, la g\u00e9olocalisation d&rsquo;enregistrement des utilisateurs repr\u00e9sente un actif inestimable pour les entreprises qui cherchent \u00e0 augmenter leurs taux d&rsquo;engagement et de r\u00e9tention des clients, car il fournit une richesse in\u00e9gal\u00e9e de id\u00e9es et de donn\u00e9es inestimables qui peuvent \u00eatre utilis\u00e9es pour fortifier et am\u00e9liorer leurs strat\u00e9gies commerciales globales. En exploitant adroitement la puissance transformatrice et la sp\u00e9cificit\u00e9 granulaire des donn\u00e9es de localisation, les entreprises peuvent se positionner efficacement \u00e0 l&rsquo;avant-garde de leurs industries respectives, se propulsant ainsi vers le succ\u00e8s \u00e0 long terme et assurant un formidable avantage concurrentiel.<\/p>\n<ul>\n<li>Capture avec pr\u00e9cision et en toute s\u00e9curit\u00e9 l&#8217;emplacement de l&rsquo;utilisateur pendant le processus d&rsquo;enregistrement<\/li>\n<li>Permet aux entreprises d&rsquo;offrir des services et des promotions bas\u00e9s sur la localisation aux utilisateurs enregistr\u00e9s<\/li>\n<li>Fournit des informations d\u00e9mographiques pr\u00e9cieuses sur les utilisateurs en fonction de leurs donn\u00e9es de g\u00e9olocalisation<\/li>\n<li>Peut \u00eatre int\u00e9gr\u00e9 aux processus d&rsquo;enregistrement existants avec facilit\u00e9<\/li>\n<li>R\u00e9pond aux r\u00e9glementations de s\u00e9curit\u00e9 et de confidentialit\u00e9 pour prot\u00e9ger les donn\u00e9es des utilisateurs<\/li>\n<li>Les param\u00e8tres personnalisables permettent aux entreprises de contr\u00f4ler comment les donn\u00e9es de g\u00e9olocalisation sont utilis\u00e9es et partag\u00e9es<\/li>\n<li>Augmente l&rsquo;engagement et la r\u00e9tention des utilisateurs en fournissant un contenu personnalis\u00e9 et bas\u00e9 sur la localisation<\/li>\n<li>Am\u00e9liore l&rsquo;exp\u00e9rience client globale en rationalisant l&rsquo;enregistrement et en am\u00e9liorant les interactions utilisateur.<\/li>\n<\/ul>\n","protected":false},"excerpt":{"rendered":"<p>En utilisant notre produit de g\u00e9olocalisation des utilisateurs, les entreprises et les organisations sont autoris\u00e9s \u00e0 recueillir pr\u00e9cis\u00e9ment les donn\u00e9es de localisation des utilisateurs tout au long de leur processus d&rsquo;enregistrement, facilitant ainsi les efforts de ciblage am\u00e9lior\u00e9s et favorisant une compr\u00e9hension compl\u00e8te de leur d\u00e9mographie de l&rsquo;utilisateur. Par cons\u00e9quent, cela donne invariablement des campagnes de marketing plus r\u00e9ussies et cultive un degr\u00e9 accru d&rsquo;engagement client. De plus, notre syst\u00e8me de transport int\u00e9grable poss\u00e8de une pl\u00e9thore de fonctionnalit\u00e9s personnalisables, garantissant un ajustement sur mesure pour vos besoins commerciaux uniques.<\/p>\n","protected":false},"featured_media":145682,"comment_status":"open","ping_status":"open","template":"","meta":[],"product_brand":[2681],"product_cat":[1189,1181,1186],"product_tag":[2210],"class_list":{"0":"post-120628","1":"product","2":"type-product","3":"status-publish","4":"has-post-thumbnail","6":"product_brand-wpeverest","7":"product_cat-personnalisation","8":"product_cat-plugins","9":"product_cat-wordpress-plugins","10":"product_tag-wpeverest","11":"member-discount","12":"discount-restricted","14":"first","15":"instock","16":"sale","17":"downloadable","18":"virtual","19":"sold-individually","20":"purchasable","21":"product-type-simple"},"_links":{"self":[{"href":"https:\/\/gpl-love.com\/fr\/wp-json\/wp\/v2\/product\/120628","targetHints":{"allow":["GET"]}}],"collection":[{"href":"https:\/\/gpl-love.com\/fr\/wp-json\/wp\/v2\/product"}],"about":[{"href":"https:\/\/gpl-love.com\/fr\/wp-json\/wp\/v2\/types\/product"}],"replies":[{"embeddable":true,"href":"https:\/\/gpl-love.com\/fr\/wp-json\/wp\/v2\/comments?post=120628"}],"wp:featuredmedia":[{"embeddable":true,"href":"https:\/\/gpl-love.com\/fr\/wp-json\/wp\/v2\/media\/145682"}],"wp:attachment":[{"href":"https:\/\/gpl-love.com\/fr\/wp-json\/wp\/v2\/media?parent=120628"}],"wp:term":[{"taxonomy":"product_brand","embeddable":true,"href":"https:\/\/gpl-love.com\/fr\/wp-json\/wp\/v2\/product_brand?post=120628"},{"taxonomy":"product_cat","embeddable":true,"href":"https:\/\/gpl-love.com\/fr\/wp-json\/wp\/v2\/product_cat?post=120628"},{"taxonomy":"product_tag","embeddable":true,"href":"https:\/\/gpl-love.com\/fr\/wp-json\/wp\/v2\/product_tag?post=120628"}],"curies":[{"name":"wp","href":"https:\/\/api.w.org\/{rel}","templated":true}]}}