{"id":120626,"date":"2025-09-06T00:00:00","date_gmt":"2025-09-05T22:00:00","guid":{"rendered":"https:\/\/gpl-love.com\/fr\/produit\/user-registration-multipart\/"},"modified":"2026-04-10T18:44:44","modified_gmt":"2026-04-10T16:44:44","slug":"user-registration-multipart","status":"publish","type":"product","link":"https:\/\/gpl-love.com\/fr\/produit\/user-registration-multipart\/","title":{"rendered":"User Registration Multipart 1.3.2"},"content":{"rendered":"<h3>User Registration Multipart Traits<\/h3>\n<p>Le multipart d&rsquo;enregistrement des utilisateurs, un outil incroyablement robuste, offre aux propri\u00e9taires de sites Web la possibilit\u00e9 d&rsquo;enregistrer rapidement et sans effort les utilisateurs sur leurs sites Web. Son objectif principal est de rationaliser la proc\u00e9dure d&rsquo;enregistrement des utilisateurs en consolidant toutes les informations requises dans un formulaire unique et convivial, att\u00e9nuant ainsi les inconv\u00e9nients associ\u00e9s \u00e0 la r\u00e9alisation de plusieurs formulaires. Gr\u00e2ce \u00e0 l&rsquo;utilisation du multiparte d&rsquo;enregistrement des utilisateurs, les propri\u00e9taires de sites Web sont autoris\u00e9s \u00e0 modeler des formulaires d&rsquo;enregistrement sur mesure qui peuvent \u00eatre int\u00e9gr\u00e9s de mani\u00e8re transparente dans leurs sites Web. De plus, cet outil poss\u00e8de une myriade de fonctionnalit\u00e9s qui offrent aux propri\u00e9taires de sites Web la possibilit\u00e9 de personnaliser le processus d&rsquo;enregistrement, y compris la cr\u00e9ation d&rsquo;e-mails de confirmation et la configuration des r\u00f4les utilisateur. En r\u00e9sum\u00e9, pour tout propri\u00e9taire de site Web cherchant \u00e0 acc\u00e9l\u00e9rer, simplifier et optimiser le processus d&rsquo;enregistrement des utilisateurs, le multipartiel d&rsquo;enregistrement des utilisateurs est un outil indispensable.<\/p>\n<ul>\n<li>Un processus d&rsquo;enregistrement des utilisateurs plus intuitif et rationalis\u00e9<\/li>\n<li>Soumission de formulaire en multiparant pour la collecte compl\u00e8te des donn\u00e9es des utilisateurs<\/li>\n<li>Pr\u00e9cision accrue dans la collecte des donn\u00e9es des utilisateurs<\/li>\n<li>Exp\u00e9rience utilisateur am\u00e9lior\u00e9e gr\u00e2ce \u00e0 une disposition de formulaire plus propre et plus organis\u00e9e<\/li>\n<li>\u00c9conomie de temps pour l&rsquo;utilisateur avec des champs pr\u00e9-peupl\u00e9s et des barres de progression<\/li>\n<li>Am\u00e9lioration des mesures de confidentialit\u00e9 de la s\u00e9curit\u00e9 et des donn\u00e9es<\/li>\n<li>Flexibilit\u00e9 pour la personnalisation pour r\u00e9pondre aux besoins commerciaux uniques<\/li>\n<li>Int\u00e9gration avec les bases de donn\u00e9es et les syst\u00e8mes CRM existants<\/li>\n<li>Erreurs et doublons r\u00e9duits avec validation et v\u00e9rification en temps r\u00e9el<\/li>\n<li>Une meilleure perspicacit\u00e9 et analyse gr\u00e2ce \u00e0 des profils d&rsquo;utilisateurs et des donn\u00e9es d\u00e9mographiques d\u00e9taill\u00e9s, permettant une meilleure prise de d\u00e9cision.<\/li>\n<\/ul>\n","protected":false},"excerpt":{"rendered":"<p>Le multipartiel d&rsquo;enregistrement des utilisateurs est un outil global qui permet efficacement le processus lisse d&rsquo;enregistrement des utilisateurs pour votre site Web ou votre application, en fournissant des formulaires d&rsquo;enregistrement en plusieurs \u00e9tapes qui facilitent la collecte facile et s\u00e9curis\u00e9e de donn\u00e9es utilisateur et la cr\u00e9ation de nouveaux comptes. La sortie r\u00e9sultante de ce produit exceptionnel comprend des donn\u00e9es d&rsquo;enregistrement des utilisateurs, qui peuvent \u00eatre stock\u00e9es facilement dans votre base de donn\u00e9es ou utilis\u00e9es pour des actions suppl\u00e9mentaires, rationalisant ainsi l&rsquo;ensemble du processus d&rsquo;int\u00e9gration et am\u00e9liorant l&rsquo;exp\u00e9rience client globale. Cet outil remarquable offre un degr\u00e9 \u00e9lev\u00e9 de personnalisation, car il vous permet d&rsquo;incorporer des champs personnalis\u00e9s et des r\u00e8gles de validation, tout en vous int\u00e9grant de mani\u00e8re transparente \u00e0 vos syst\u00e8mes pr\u00e9existants, l&rsquo;\u00e9tablissant ainsi comme un composant indispensable pour toute application Web contemporaine.<\/p>\n","protected":false},"featured_media":145687,"comment_status":"open","ping_status":"open","template":"","meta":[],"product_brand":[2681],"product_cat":[1189,1181,1186],"product_tag":[2210],"class_list":{"0":"post-120626","1":"product","2":"type-product","3":"status-publish","4":"has-post-thumbnail","6":"product_brand-wpeverest","7":"product_cat-personnalisation","8":"product_cat-plugins","9":"product_cat-wordpress-plugins","10":"product_tag-wpeverest","11":"member-discount","12":"discount-restricted","14":"first","15":"instock","16":"sale","17":"downloadable","18":"virtual","19":"sold-individually","20":"purchasable","21":"product-type-simple"},"_links":{"self":[{"href":"https:\/\/gpl-love.com\/fr\/wp-json\/wp\/v2\/product\/120626","targetHints":{"allow":["GET"]}}],"collection":[{"href":"https:\/\/gpl-love.com\/fr\/wp-json\/wp\/v2\/product"}],"about":[{"href":"https:\/\/gpl-love.com\/fr\/wp-json\/wp\/v2\/types\/product"}],"replies":[{"embeddable":true,"href":"https:\/\/gpl-love.com\/fr\/wp-json\/wp\/v2\/comments?post=120626"}],"wp:featuredmedia":[{"embeddable":true,"href":"https:\/\/gpl-love.com\/fr\/wp-json\/wp\/v2\/media\/145687"}],"wp:attachment":[{"href":"https:\/\/gpl-love.com\/fr\/wp-json\/wp\/v2\/media?parent=120626"}],"wp:term":[{"taxonomy":"product_brand","embeddable":true,"href":"https:\/\/gpl-love.com\/fr\/wp-json\/wp\/v2\/product_brand?post=120626"},{"taxonomy":"product_cat","embeddable":true,"href":"https:\/\/gpl-love.com\/fr\/wp-json\/wp\/v2\/product_cat?post=120626"},{"taxonomy":"product_tag","embeddable":true,"href":"https:\/\/gpl-love.com\/fr\/wp-json\/wp\/v2\/product_tag?post=120626"}],"curies":[{"name":"wp","href":"https:\/\/api.w.org\/{rel}","templated":true}]}}