{"id":120624,"date":"2025-11-20T00:00:00","date_gmt":"2025-11-19T23:00:00","guid":{"rendered":"https:\/\/gpl-love.com\/fr\/produit\/user-registration-learndash\/"},"modified":"2026-03-20T23:42:33","modified_gmt":"2026-03-20T22:42:33","slug":"user-registration-learndash","status":"publish","type":"product","link":"https:\/\/gpl-love.com\/fr\/produit\/user-registration-learndash\/","title":{"rendered":"User Registration LearnDash 1.1.12"},"content":{"rendered":"<h3>User Registration LearnDash Traits<\/h3>\n<p>Le plugin d&rsquo;enregistrement des utilisateurs pour LearnDash est un outil incroyablement robuste et convivial qui vous permet de g\u00e9n\u00e9rer sans effort des formulaires d&rsquo;enregistrement personnalis\u00e9s pour votre plate-forme d&rsquo;apprentissage en ligne. Ce plugin exceptionnel propose une multitude de champs de formulaire, y compris, mais sans s&rsquo;y limiter, le nom, le courrier \u00e9lectronique, le mot de passe et d&rsquo;innombrables autres, qui peuvent tous \u00eatre adapt\u00e9s de mani\u00e8re transparente pour s&rsquo;harmoniser avec l&rsquo;esth\u00e9tique globale de votre site Web. En outre, ce plugin remarquable vous donne m\u00eame la possibilit\u00e9 d&rsquo;ins\u00e9rer des pages d&rsquo;enregistrement sur mesure et de rediriger sans effort les utilisateurs vers des pages d\u00e9sign\u00e9es apr\u00e8s leur enregistrement r\u00e9ussi. En mettant en \u0153uvre l&rsquo;enregistrement des utilisateurs pour le plugin LearnDash, vous avez la possibilit\u00e9 d&rsquo;optimiser et de simplifier votre processus d&rsquo;enregistrement des utilisateurs, offrant ainsi une exp\u00e9rience transparente et sophistiqu\u00e9e sur vos apprenants impatients.<\/p>\n<ul>\n<li>Processus d&rsquo;enregistrement des utilisateurs simple et efficace<\/li>\n<li>Int\u00e9grez de mani\u00e8re transparente avec LearnDash LMS<\/li>\n<li>Champs d&rsquo;enregistrement personnalisables pour r\u00e9pondre \u00e0 vos besoins<\/li>\n<li>Possibilit\u00e9 d&rsquo;exiger des informations suppl\u00e9mentaires des utilisateurs pendant l&rsquo;inscription<\/li>\n<li>Option pour les utilisateurs pour recevoir des liens de confirmation et \/ ou d&rsquo;activation par e-mail<\/li>\n<li>Interface utilisateur intuitive pour faciliter l&rsquo;enregistrement<\/li>\n<li>Contr\u00f4le complet sur les options et param\u00e8tres d&rsquo;enregistrement des utilisateurs<\/li>\n<li>Compatible avec les th\u00e8mes et plugins WordPress les plus populaires<\/li>\n<li>Prise en charge multilingue pour le public mondial<\/li>\n<li>Syst\u00e8me de gestion des donn\u00e9es utilisateur fiable et s\u00e9curis\u00e9.<\/li>\n<\/ul>\n","protected":false},"excerpt":{"rendered":"<p>L&rsquo;enregistrement des utilisateurs pour LearnDash est un outil extr\u00eamement puissant qui accorde aux administrateurs la possibilit\u00e9 de g\u00e9n\u00e9rer des formulaires d&rsquo;enregistrement personnalis\u00e9s et de superviser de mani\u00e8re transparente les comptes d&rsquo;utilisateurs. Ce plugin exceptionnel offre la capacit\u00e9 de recueillir des d\u00e9tails pr\u00e9cis des utilisateurs lors de l&rsquo;enregistrement, tels que des champs personnalis\u00e9s, et offre la possibilit\u00e9 d&rsquo;activer ou de d\u00e9sactiver la cr\u00e9ation de compte automatique. De plus, l&rsquo;interface facilement navigable int\u00e8gre des fonctionnalit\u00e9s avantageuses telles que les notifications par e-mail, la gestion des mots de passe et la possibilit\u00e9 d&rsquo;imposer des restrictions \u00e0 l&rsquo;accessibilit\u00e9 du cours conform\u00e9ment aux r\u00f4les utilisateur. En incorporant cet outil robuste dans votre flux de travail, vous pouvez rationaliser le processus d&rsquo;enregistrement des utilisateurs et am\u00e9liorer votre rencontre Learndash eLearning dans une mesure sans pr\u00e9c\u00e9dent.<\/p>\n","protected":false},"featured_media":145685,"comment_status":"open","ping_status":"open","template":"","meta":[],"product_brand":[2681],"product_cat":[1189,1181,1186],"product_tag":[2210],"class_list":{"0":"post-120624","1":"product","2":"type-product","3":"status-publish","4":"has-post-thumbnail","6":"product_brand-wpeverest","7":"product_cat-personnalisation","8":"product_cat-plugins","9":"product_cat-wordpress-plugins","10":"product_tag-wpeverest","11":"member-discount","12":"discount-restricted","14":"first","15":"instock","16":"sale","17":"downloadable","18":"virtual","19":"sold-individually","20":"purchasable","21":"product-type-simple"},"_links":{"self":[{"href":"https:\/\/gpl-love.com\/fr\/wp-json\/wp\/v2\/product\/120624","targetHints":{"allow":["GET"]}}],"collection":[{"href":"https:\/\/gpl-love.com\/fr\/wp-json\/wp\/v2\/product"}],"about":[{"href":"https:\/\/gpl-love.com\/fr\/wp-json\/wp\/v2\/types\/product"}],"replies":[{"embeddable":true,"href":"https:\/\/gpl-love.com\/fr\/wp-json\/wp\/v2\/comments?post=120624"}],"wp:featuredmedia":[{"embeddable":true,"href":"https:\/\/gpl-love.com\/fr\/wp-json\/wp\/v2\/media\/145685"}],"wp:attachment":[{"href":"https:\/\/gpl-love.com\/fr\/wp-json\/wp\/v2\/media?parent=120624"}],"wp:term":[{"taxonomy":"product_brand","embeddable":true,"href":"https:\/\/gpl-love.com\/fr\/wp-json\/wp\/v2\/product_brand?post=120624"},{"taxonomy":"product_cat","embeddable":true,"href":"https:\/\/gpl-love.com\/fr\/wp-json\/wp\/v2\/product_cat?post=120624"},{"taxonomy":"product_tag","embeddable":true,"href":"https:\/\/gpl-love.com\/fr\/wp-json\/wp\/v2\/product_tag?post=120624"}],"curies":[{"name":"wp","href":"https:\/\/api.w.org\/{rel}","templated":true}]}}