{"id":120622,"date":"2025-11-20T00:00:00","date_gmt":"2025-11-19T23:00:00","guid":{"rendered":"https:\/\/gpl-love.com\/fr\/produit\/user-registration-stripe\/"},"modified":"2026-03-20T23:42:39","modified_gmt":"2026-03-20T22:42:39","slug":"user-registration-stripe","status":"publish","type":"product","link":"https:\/\/gpl-love.com\/fr\/produit\/user-registration-stripe\/","title":{"rendered":"User Registration Stripe 1.3.14"},"content":{"rendered":"<h3>User Registration Stripe Traits<\/h3>\n<p>La bande d&rsquo;enregistrement des utilisateurs, un outil incroyablement puissant, est con\u00e7ue pour permettre aux entreprises d&rsquo;optimiser leur processus d&rsquo;enregistrement et de rassembler efficacement les donn\u00e9es des clients de mani\u00e8re s\u00e9curis\u00e9e. En tirant parti des capacit\u00e9s de cet outil, les utilisateurs sont autoris\u00e9s \u00e0 \u00e9tablir sans effort un compte et \u00e0 saisir leurs d\u00e9tails de paiement via Stripe, un fournisseur de passerelles de paiement de pointe. Cela fait non seulement gagner un temps pr\u00e9cieux, mais att\u00e9nue \u00e9galement le risque d&rsquo;inexactitudes potentielles, permettant ainsi aux entreprises de hi\u00e9rarchiser la culture de relations clients significatives. De plus, l&rsquo;enregistrement de l&rsquo;utilisateur Stripe prot\u00e9ge avec diligence la confidentialit\u00e9 et l&rsquo;int\u00e9grit\u00e9 des donn\u00e9es des clients, inculquant un profond sentiment de tranquillit\u00e9 chez les utilisateurs qui peuvent \u00eatre assur\u00e9s que leurs informations personnelles sont bien conserv\u00e9es. De toute \u00e9vidence, cet outil r\u00e9volutionnaire est un atout indispensable pour toute entreprise aspirant \u00e0 affiner son processus d&rsquo;enregistrement et \u00e0 amplifier le contentement des clients.<\/p>\n<ul>\n<li>Processus d&rsquo;enregistrement des utilisateurs faciles et rapide<\/li>\n<li>D\u00e9pendance \u00e0 la s\u00e9curit\u00e9 et \u00e0 la s\u00e9curit\u00e9 du syst\u00e8me de traitement des paiements de rayures<\/li>\n<li>Int\u00e9gration avec diverses plateformes et sites Web<\/li>\n<li>Option pour configurer des formulaires personnalisables demandant des informations utilisateur sp\u00e9cifiques<\/li>\n<li>Capacit\u00e9 \u00e0 rationaliser la collecte des donn\u00e9es et la gestion des utilisateurs<\/li>\n<li>Int\u00e9gration fluide avec des applications et des outils tiers<\/li>\n<li>Analyse d\u00e9taill\u00e9e pour suivre le comportement des utilisateurs et la d\u00e9mographie<\/li>\n<li>Options de personnalisation et de personnalisation du processus d&rsquo;enregistrement<\/li>\n<li>Traitement des paiements et gestion des transactions transparentes<\/li>\n<li>Options de paiement polyvalentes pour les utilisateurs, y compris la carte de cr\u00e9dit, Apple Pay et Google Pay.<\/li>\n<\/ul>\n","protected":false},"excerpt":{"rendered":"<p>La bande d&rsquo;enregistrement des utilisateurs est une solution tr\u00e8s efficace et s\u00e9curis\u00e9e qui offre une gestion transparente des comptes d&rsquo;utilisateurs sur votre site Web. Ce produit exceptionnel permet aux utilisateurs d&rsquo;enregistrer sans effort leurs comptes et de traiter commod\u00e9ment les paiements via la passerelle de paiement fiable et digne de confiance. En mettant en \u0153uvre ce syst\u00e8me remarquable, vous pouvez assurer un processus d&rsquo;enregistrement rationalis\u00e9 et sans effort qui minimise les inconv\u00e9nients ou complications potentielles. En outre, ce syst\u00e8me avanc\u00e9 poss\u00e8de des mesures de s\u00e9curit\u00e9 avanc\u00e9es qui dissuadent efficacement et emp\u00eachent toute activit\u00e9 frauduleuse, garantissant la plus grande protection pour votre entreprise ou service en ligne. Par cons\u00e9quent, si vous recherchez un syst\u00e8me d&rsquo;enregistrement des utilisateurs qui est non seulement efficace mais aussi tr\u00e8s fiable, il n&rsquo;est pas n\u00e9cessaire de rechercher plus loin que la bande d&rsquo;enregistrement de l&rsquo;utilisateur remarquable.<\/p>\n","protected":false},"featured_media":145693,"comment_status":"open","ping_status":"open","template":"","meta":[],"product_brand":[2681],"product_cat":[1253,1181,1186],"product_tag":[2210],"class_list":{"0":"post-120622","1":"product","2":"type-product","3":"status-publish","4":"has-post-thumbnail","6":"product_brand-wpeverest","7":"product_cat-paiement","8":"product_cat-plugins","9":"product_cat-wordpress-plugins","10":"product_tag-wpeverest","11":"member-discount","12":"discount-restricted","14":"first","15":"instock","16":"sale","17":"downloadable","18":"virtual","19":"sold-individually","20":"purchasable","21":"product-type-simple"},"_links":{"self":[{"href":"https:\/\/gpl-love.com\/fr\/wp-json\/wp\/v2\/product\/120622","targetHints":{"allow":["GET"]}}],"collection":[{"href":"https:\/\/gpl-love.com\/fr\/wp-json\/wp\/v2\/product"}],"about":[{"href":"https:\/\/gpl-love.com\/fr\/wp-json\/wp\/v2\/types\/product"}],"replies":[{"embeddable":true,"href":"https:\/\/gpl-love.com\/fr\/wp-json\/wp\/v2\/comments?post=120622"}],"wp:featuredmedia":[{"embeddable":true,"href":"https:\/\/gpl-love.com\/fr\/wp-json\/wp\/v2\/media\/145693"}],"wp:attachment":[{"href":"https:\/\/gpl-love.com\/fr\/wp-json\/wp\/v2\/media?parent=120622"}],"wp:term":[{"taxonomy":"product_brand","embeddable":true,"href":"https:\/\/gpl-love.com\/fr\/wp-json\/wp\/v2\/product_brand?post=120622"},{"taxonomy":"product_cat","embeddable":true,"href":"https:\/\/gpl-love.com\/fr\/wp-json\/wp\/v2\/product_cat?post=120622"},{"taxonomy":"product_tag","embeddable":true,"href":"https:\/\/gpl-love.com\/fr\/wp-json\/wp\/v2\/product_tag?post=120622"}],"curies":[{"name":"wp","href":"https:\/\/api.w.org\/{rel}","templated":true}]}}