{"id":120620,"date":"2025-11-20T00:00:00","date_gmt":"2025-11-19T23:00:00","guid":{"rendered":"https:\/\/gpl-love.com\/fr\/produit\/user-registration-zapier\/"},"modified":"2026-03-20T23:42:44","modified_gmt":"2026-03-20T22:42:44","slug":"user-registration-zapier","status":"publish","type":"product","link":"https:\/\/gpl-love.com\/fr\/produit\/user-registration-zapier\/","title":{"rendered":"User Registration Zapier 1.0.6"},"content":{"rendered":"<h3>User Registration Zapier Traits<\/h3>\n<p>L&rsquo;enregistrement des utilisateurs Zapier, qui est un outil d&rsquo;automatisation tr\u00e8s puissant, a \u00e9t\u00e9 d\u00e9velopp\u00e9 afin de simplifier et de rationaliser l&rsquo;ensemble du processus d&rsquo;enregistrement de l&rsquo;utilisateur. En utilisant cet outil remarquable, les individus ont la possibilit\u00e9 de s&rsquo;inscrire sans effort \u00e0 un compte, l&rsquo;avantage suppl\u00e9mentaire de leurs informations pertinentes \u00e9tant automatiquement entr\u00e9es dans votre vaste base de donn\u00e9es. Gr\u00e2ce \u00e0 l&rsquo;int\u00e9gration remarquable de Zapier, vous avez la possibilit\u00e9 de fabriquer des int\u00e9grations personnalis\u00e9es qui entrelacent de mani\u00e8re transparente avec votre flux de travail pr\u00e9existant. En utilisant le Zapier d&rsquo;enregistrement des utilisateurs, vous \u00eates en mesure de conserver facilement le temps et les ressources, vous permettant ainsi de vous concentrer sur l&rsquo;augmentation et l&rsquo;expansion de vos efforts commerciaux. Peu importe que vous op\u00e9rez une startup en plein essor, une petite entreprise modeste ou m\u00eame une entreprise colossale, le Zapier d&rsquo;enregistrement des utilisateurs est un outil indispensable sp\u00e9cialement con\u00e7u pour faciliter la formation d&rsquo;un processus d&rsquo;enregistrement plus efficace et efficace.<\/p>\n<ul>\n<li>Enregistrez de mani\u00e8re transparente de nouveaux utilisateurs au sein de votre application<\/li>\n<li>Int\u00e9grez facilement \u00e0 d&rsquo;autres applications via Zapier<\/li>\n<li>Rationaliser la collecte et la gestion des donn\u00e9es des utilisateurs<\/li>\n<li>\u00c9liminer la saisie manuelle des donn\u00e9es et les erreurs potentielles<\/li>\n<li>Augmenter l&rsquo;efficacit\u00e9 et la productivit\u00e9 au sein de votre \u00e9quipe<\/li>\n<li>Am\u00e9liorer l&rsquo;exp\u00e9rience client gr\u00e2ce \u00e0 un processus d&rsquo;enregistrement plus lisse<\/li>\n<li>Personnalisez le formulaire d&rsquo;inscription des utilisateurs pour r\u00e9pondre \u00e0 vos besoins sp\u00e9cifiques<\/li>\n<li>Obtenir des informations pr\u00e9cieuses sur le comportement et les pr\u00e9f\u00e9rences des utilisateurs gr\u00e2ce \u00e0 la collecte de donn\u00e9es<\/li>\n<li>Connectez-vous avec une vari\u00e9t\u00e9 d&rsquo;applications populaires, y compris les plateformes de marketing par e-mail et les outils de gestion de la relation client<\/li>\n<li>Stocker en toute s\u00e9curit\u00e9 les donn\u00e9es des utilisateurs et prot\u00e9ger les informations sensibles<\/li>\n<\/ul>\n","protected":false},"excerpt":{"rendered":"<p>L&rsquo;enregistrement des utilisateurs Zapier est un outil extr\u00eamement robuste et efficace qui vous permet d&rsquo;optimiser et de rationaliser le processus d&rsquo;enregistrement des utilisateurs pour votre application ou site Web estim\u00e9. En tirant parti de cette remarquable int\u00e9gration Zapier, vous pouvez compiler et accumuler rapidement et accumuler des informations utilisateur \u00e0 partir d&rsquo;une multitude de sources diverses, par la suite et automatiquement l&rsquo;assimiler dans votre base de donn\u00e9es d&rsquo;enregistrement m\u00e9ticuleusement organis\u00e9e. Cette ressource inestimable vous permet d&rsquo;\u00e9conomiser du temps et de l&rsquo;\u00e9nergie tout en garantissant simultan\u00e9ment que votre proc\u00e9dure d&rsquo;enregistrement des utilisateurs est transparente et d\u00e9pourvue de toute complication inutile. Que vous soyez le propri\u00e9taire d&rsquo;une entreprise minuscule et en plein essor ou d&rsquo;une soci\u00e9t\u00e9 multinationale Titanic, l&rsquo;enregistrement des utilisateurs Zapier repr\u00e9sente la solution par excellence pour la gestion m\u00e9ticuleusement et comp\u00e9tentement de la vaste gamme d&rsquo;informations utilisateur et, ce faisant, l&rsquo;am\u00e9lioration sans aucun doute de l&rsquo;exp\u00e9rience utilisateur globale. Ne perdez pas de temps et lancez ce voyage transformateur aujourd&rsquo;hui, et se pr\u00e9lasse dans la multitude d&rsquo;avantages d\u00e9riv\u00e9s du processus de l&rsquo;enregistrement des utilisateurs harmonieux et ininterrompu!<\/p>\n","protected":false},"featured_media":145696,"comment_status":"open","ping_status":"open","template":"","meta":[],"product_brand":[2681],"product_cat":[1189,1181,1186],"product_tag":[2210],"class_list":{"0":"post-120620","1":"product","2":"type-product","3":"status-publish","4":"has-post-thumbnail","6":"product_brand-wpeverest","7":"product_cat-personnalisation","8":"product_cat-plugins","9":"product_cat-wordpress-plugins","10":"product_tag-wpeverest","11":"member-discount","12":"discount-restricted","14":"first","15":"instock","16":"sale","17":"downloadable","18":"virtual","19":"sold-individually","20":"purchasable","21":"product-type-simple"},"_links":{"self":[{"href":"https:\/\/gpl-love.com\/fr\/wp-json\/wp\/v2\/product\/120620","targetHints":{"allow":["GET"]}}],"collection":[{"href":"https:\/\/gpl-love.com\/fr\/wp-json\/wp\/v2\/product"}],"about":[{"href":"https:\/\/gpl-love.com\/fr\/wp-json\/wp\/v2\/types\/product"}],"replies":[{"embeddable":true,"href":"https:\/\/gpl-love.com\/fr\/wp-json\/wp\/v2\/comments?post=120620"}],"wp:featuredmedia":[{"embeddable":true,"href":"https:\/\/gpl-love.com\/fr\/wp-json\/wp\/v2\/media\/145696"}],"wp:attachment":[{"href":"https:\/\/gpl-love.com\/fr\/wp-json\/wp\/v2\/media?parent=120620"}],"wp:term":[{"taxonomy":"product_brand","embeddable":true,"href":"https:\/\/gpl-love.com\/fr\/wp-json\/wp\/v2\/product_brand?post=120620"},{"taxonomy":"product_cat","embeddable":true,"href":"https:\/\/gpl-love.com\/fr\/wp-json\/wp\/v2\/product_cat?post=120620"},{"taxonomy":"product_tag","embeddable":true,"href":"https:\/\/gpl-love.com\/fr\/wp-json\/wp\/v2\/product_tag?post=120620"}],"curies":[{"name":"wp","href":"https:\/\/api.w.org\/{rel}","templated":true}]}}