{"id":120618,"date":"2024-02-12T00:00:00","date_gmt":"2024-02-11T23:00:00","guid":{"rendered":"https:\/\/gpl-love.com\/fr\/produit\/user-registration-content-restriction\/"},"modified":"2026-04-10T18:44:36","modified_gmt":"2026-04-10T16:44:36","slug":"user-registration-content-restriction","status":"publish","type":"product","link":"https:\/\/gpl-love.com\/fr\/produit\/user-registration-content-restriction\/","title":{"rendered":"User Registration Content Restriction 1.3.4"},"content":{"rendered":"<h3>User Registration Content Restriction Traits<\/h3>\n<p>La fonction de restriction de contenu d&rsquo;enregistrement des utilisateurs est un outil incroyablement puissant qui accorde aux administrateurs du site Web la possibilit\u00e9 d&rsquo;imposer des limitations \u00e0 l&rsquo;acc\u00e8s \u00e0 un contenu sp\u00e9cifique, le tout conform\u00e9ment aux r\u00f4les et autorisations utilisateur. Gr\u00e2ce \u00e0 l&rsquo;utilisation de cette fonctionnalit\u00e9 avanc\u00e9e, les propri\u00e9taires de sites Web b\u00e9n\u00e9ficient d&rsquo;un moyen sans effort d&rsquo;exercer un contr\u00f4le sur les personnes qui ont acc\u00e8s \u00e0 des pages ou des sections particuli\u00e8res de leur site, garantissant ainsi que seules les personnes poss\u00e9dant l&rsquo;autorisation n\u00e9cessaire peuvent voir les mat\u00e9riaux d&rsquo;un sensible nature. Cette fonctionnalit\u00e9 particuli\u00e8re a une signification particuli\u00e8re pour les sites qui n\u00e9cessitent l&rsquo;enregistrement des utilisateurs, tels que les sites d&rsquo;adh\u00e9sion ou les plateformes de commerce \u00e9lectronique. En mettant en \u0153uvre des restrictions sur l&rsquo;acc\u00e8s \u00e0 certains contenus, les propri\u00e9taires de sites peuvent renforcer efficacement les mesures de s\u00e9curit\u00e9, prot\u00e9ger la propri\u00e9t\u00e9 intellectuelle et cultiver une exp\u00e9rience utilisateur plus personnalis\u00e9e. Que vous cherchiez \u00e0 fortifier votre site contre une entr\u00e9e non autoris\u00e9e ou que vous soyez simplement impatient de fournir \u00e0 vos utilisateurs une exp\u00e9rience plus personnalis\u00e9e, il est incontestable que la restriction du contenu d&rsquo;enregistrement des utilisateurs constitue un outil indispensable pour toute personne qui pr\u00e9side un site Web.<\/p>\n<ul>\n<li>Permet aux propri\u00e9taires de sites Web de restreindre l&rsquo;acc\u00e8s \u00e0 un contenu sp\u00e9cifique en fonction de l&rsquo;enregistrement des utilisateurs<\/li>\n<li>Aide \u00e0 inciter les visiteurs \u00e0 cr\u00e9er un compte afin d&rsquo;acc\u00e9der \u00e0 un contenu restreint<\/li>\n<li>Augmente l&rsquo;engagement et l&rsquo;interaction des utilisateurs sur le site Web<\/li>\n<li>Offre une s\u00e9curit\u00e9 am\u00e9lior\u00e9e en limitant l&rsquo;acc\u00e8s \u00e0 un contenu sensible ou priv\u00e9<\/li>\n<li>Offre des param\u00e8tres personnalisables pour restreindre le contenu en fonction des r\u00f4les utilisateur ou des niveaux d&rsquo;adh\u00e9sion<\/li>\n<li>Peut \u00eatre int\u00e9gr\u00e9 aux plugins d&rsquo;adh\u00e9sion populaires pour des fonctionnalit\u00e9s suppl\u00e9mentaires<\/li>\n<li>Interface simple et conviviale pour g\u00e9rer les restrictions de contenu<\/li>\n<li>Fournit des analyses d\u00e9taill\u00e9es et des rapports sur l&rsquo;enregistrement des utilisateurs et l&rsquo;acc\u00e8s au contenu<\/li>\n<li>Peut \u00eatre utilis\u00e9 pour une vari\u00e9t\u00e9 de sites Web et d&rsquo;industries, du commerce \u00e9lectronique aux sites d&rsquo;actualit\u00e9s et plus<\/li>\n<li>Offre une solution rentable pour les propri\u00e9taires de sites Web afin d&rsquo;am\u00e9liorer l&rsquo;exp\u00e9rience utilisateur et de prot\u00e9ger leur contenu<\/li>\n<\/ul>\n","protected":false},"excerpt":{"rendered":"<p>En incorporant ce produit, les propri\u00e9taires de sites Web peuvent contr\u00f4ler et r\u00e9guler efficacement l&rsquo;acc\u00e8s au contenu d\u00e9sign\u00e9 uniquement aux personnes qui se sont inscrites sur le site. Gr\u00e2ce \u00e0 l&rsquo;\u00e9tablissement d&rsquo;un syst\u00e8me d&rsquo;enregistrement des utilisateurs, les propri\u00e9taires de sites Web peuvent limiter efficacement l&rsquo;acc\u00e8s \u00e0 un contenu exclusif, des t\u00e9l\u00e9chargements ou \u00e0 toute autre forme de contenu qu&rsquo;ils peuvent souhaiter limiter \u00e0 un groupe d&rsquo;utilisateurs particulier. Ce syst\u00e8me de restriction renforce non seulement la s\u00e9curit\u00e9 et la confidentialit\u00e9 du site Web, mais permet \u00e9galement aux propri\u00e9taires de sites Web une commande am\u00e9lior\u00e9e sur leur contenu. Par cons\u00e9quent, il sert de technique tr\u00e8s efficace pour augmenter l&rsquo;engagement des utilisateurs et favoriser les visites r\u00e9currentes, en assurant tout en garantissant la maintenance d&rsquo;un milieu en ligne s\u00e9curis\u00e9 et prot\u00e9g\u00e9.<\/p>\n","protected":false},"featured_media":145676,"comment_status":"open","ping_status":"open","template":"","meta":[],"product_brand":[2681],"product_cat":[1189,1181,1186],"product_tag":[2210],"class_list":{"0":"post-120618","1":"product","2":"type-product","3":"status-publish","4":"has-post-thumbnail","6":"product_brand-wpeverest","7":"product_cat-personnalisation","8":"product_cat-plugins","9":"product_cat-wordpress-plugins","10":"product_tag-wpeverest","11":"member-discount","12":"discount-restricted","14":"first","15":"instock","16":"sale","17":"downloadable","18":"virtual","19":"sold-individually","20":"purchasable","21":"product-type-simple"},"_links":{"self":[{"href":"https:\/\/gpl-love.com\/fr\/wp-json\/wp\/v2\/product\/120618","targetHints":{"allow":["GET"]}}],"collection":[{"href":"https:\/\/gpl-love.com\/fr\/wp-json\/wp\/v2\/product"}],"about":[{"href":"https:\/\/gpl-love.com\/fr\/wp-json\/wp\/v2\/types\/product"}],"replies":[{"embeddable":true,"href":"https:\/\/gpl-love.com\/fr\/wp-json\/wp\/v2\/comments?post=120618"}],"wp:featuredmedia":[{"embeddable":true,"href":"https:\/\/gpl-love.com\/fr\/wp-json\/wp\/v2\/media\/145676"}],"wp:attachment":[{"href":"https:\/\/gpl-love.com\/fr\/wp-json\/wp\/v2\/media?parent=120618"}],"wp:term":[{"taxonomy":"product_brand","embeddable":true,"href":"https:\/\/gpl-love.com\/fr\/wp-json\/wp\/v2\/product_brand?post=120618"},{"taxonomy":"product_cat","embeddable":true,"href":"https:\/\/gpl-love.com\/fr\/wp-json\/wp\/v2\/product_cat?post=120618"},{"taxonomy":"product_tag","embeddable":true,"href":"https:\/\/gpl-love.com\/fr\/wp-json\/wp\/v2\/product_tag?post=120618"}],"curies":[{"name":"wp","href":"https:\/\/api.w.org\/{rel}","templated":true}]}}