{"id":120616,"date":"2025-04-16T00:00:00","date_gmt":"2025-04-15T22:00:00","guid":{"rendered":"https:\/\/gpl-love.com\/fr\/produit\/user-registration-profile-connect\/"},"modified":"2026-04-10T18:44:47","modified_gmt":"2026-04-10T16:44:47","slug":"user-registration-profile-connect","status":"publish","type":"product","link":"https:\/\/gpl-love.com\/fr\/produit\/user-registration-profile-connect\/","title":{"rendered":"User Registration Profile Connect 1.1.2"},"content":{"rendered":"<h3>User Registration Profile Connect Traits<\/h3>\n<p>Le profil d&rsquo;enregistrement des utilisateurs Connect, un outil extr\u00eamement puissant con\u00e7u sp\u00e9cifiquement pour les entreprises, n\u00e9cessitant l&rsquo;enregistrement des utilisateurs pour leurs plateformes en ligne, sert d&rsquo;atout indispensable. Ce produit remarquable facilite de mani\u00e8re transparente le processus d&rsquo;enregistrement des utilisateurs pour les clients, leur accordant la cr\u00e9ation de compte sans effort, les capacit\u00e9s de connexion et l&rsquo;acc\u00e8s \u00e0 une gamme de fonctionnalit\u00e9s de plate-forme. En tirant parti du profil d&rsquo;enregistrement des utilisateurs Connect, les entreprises peuvent administrer sans effort les donn\u00e9es de leurs clients, englobant les informations personnelles, les pr\u00e9f\u00e9rences et l&rsquo;historique complet des activit\u00e9s. De plus, ce produit exemplaire \u00e9tend une vaste gamme d&rsquo;options de personnalisation, ce qui permet aux entreprises d&rsquo;adapter leurs proc\u00e9dures d&rsquo;enregistrement des utilisateurs conform\u00e9ment \u00e0 leurs exigences distinctes. En fin de compte, le profil d&rsquo;enregistrement des utilisateurs Connect est un ajout inestimable pour toute entreprise souhaitant augmenter son exp\u00e9rience client en ligne et rationaliser sa proc\u00e9dure d&rsquo;enregistrement.<\/p>\n<ul>\n<li>Processus d&rsquo;enregistrement des utilisateurs rationalis\u00e9<\/li>\n<li>Cr\u00e9ation de profil utilisateur avec champs personnalisables<\/li>\n<li>Connexion facile \u00e0 d&rsquo;autres utilisateurs ayant des int\u00e9r\u00eats similaires<\/li>\n<li>Recommandations personnalis\u00e9es bas\u00e9es sur les donn\u00e9es de profil utilisateur<\/li>\n<li>Stockage s\u00e9curis\u00e9 des informations utilisateur<\/li>\n<li>Option pour les utilisateurs pour mettre \u00e0 jour et modifier leur profil \u00e0 tout moment<\/li>\n<li>Int\u00e9gration avec d&rsquo;autres plateformes de m\u00e9dias sociaux pour une connectivit\u00e9 transparente<\/li>\n<li>Interface conviviale pour une navigation et une utilisation faciles<\/li>\n<\/ul>\n","protected":false},"excerpt":{"rendered":"<p>Le profil d&rsquo;enregistrement des utilisateurs Connect est une solution robuste et globale qui offre aux utilisateurs la commodit\u00e9 et l&rsquo;efficacit\u00e9 de l&rsquo;enregistrement et de l&rsquo;\u00e9laboration de leurs profils sans effort sur une pl\u00e9thore de plates-formes en ligne diverses. Cet outil remarquable permet aux utilisateurs de connecter de mani\u00e8re transparente et en toute s\u00e9curit\u00e9 leurs profils sur une vaste gamme de sites Web, de plateformes de m\u00e9dias sociaux et d&rsquo;applications mobiles. De plus, son interface conviviale et ses fonctionnalit\u00e9s personnalisables lui rendent un atout inestimable pour les entreprises cherchant \u00e0 rationaliser leurs proc\u00e9dures d&rsquo;enregistrement et \u00e0 \u00e9lever la satisfaction des utilisateurs. Que l&rsquo;entreprise soit d&rsquo;une \u00e9chelle modeste ou d&rsquo;une ampleur grandiose, le profil d&rsquo;enregistrement des utilisateurs Connect repr\u00e9sente une ressource indispensable pour optimiser le domaine de l&rsquo;enregistrement en ligne et de la cr\u00e9ation de profil.<\/p>\n","protected":false},"featured_media":145691,"comment_status":"open","ping_status":"open","template":"","meta":[],"product_brand":[2681],"product_cat":[1189,1181,1186],"product_tag":[2210],"class_list":{"0":"post-120616","1":"product","2":"type-product","3":"status-publish","4":"has-post-thumbnail","6":"product_brand-wpeverest","7":"product_cat-personnalisation","8":"product_cat-plugins","9":"product_cat-wordpress-plugins","10":"product_tag-wpeverest","11":"member-discount","12":"discount-restricted","14":"first","15":"instock","16":"sale","17":"downloadable","18":"virtual","19":"sold-individually","20":"purchasable","21":"product-type-simple"},"_links":{"self":[{"href":"https:\/\/gpl-love.com\/fr\/wp-json\/wp\/v2\/product\/120616","targetHints":{"allow":["GET"]}}],"collection":[{"href":"https:\/\/gpl-love.com\/fr\/wp-json\/wp\/v2\/product"}],"about":[{"href":"https:\/\/gpl-love.com\/fr\/wp-json\/wp\/v2\/types\/product"}],"replies":[{"embeddable":true,"href":"https:\/\/gpl-love.com\/fr\/wp-json\/wp\/v2\/comments?post=120616"}],"wp:featuredmedia":[{"embeddable":true,"href":"https:\/\/gpl-love.com\/fr\/wp-json\/wp\/v2\/media\/145691"}],"wp:attachment":[{"href":"https:\/\/gpl-love.com\/fr\/wp-json\/wp\/v2\/media?parent=120616"}],"wp:term":[{"taxonomy":"product_brand","embeddable":true,"href":"https:\/\/gpl-love.com\/fr\/wp-json\/wp\/v2\/product_brand?post=120616"},{"taxonomy":"product_cat","embeddable":true,"href":"https:\/\/gpl-love.com\/fr\/wp-json\/wp\/v2\/product_cat?post=120616"},{"taxonomy":"product_tag","embeddable":true,"href":"https:\/\/gpl-love.com\/fr\/wp-json\/wp\/v2\/product_tag?post=120616"}],"curies":[{"name":"wp","href":"https:\/\/api.w.org\/{rel}","templated":true}]}}