{"id":120614,"date":"2025-04-17T00:00:00","date_gmt":"2025-04-16T22:00:00","guid":{"rendered":"https:\/\/gpl-love.com\/fr\/produit\/fooevents-seating\/"},"modified":"2026-03-20T23:06:20","modified_gmt":"2026-03-20T22:06:20","slug":"fooevents-seating","status":"publish","type":"product","link":"https:\/\/gpl-love.com\/fr\/produit\/fooevents-seating\/","title":{"rendered":"FooEvents Seating 1.9.2"},"content":{"rendered":"<h3>FooEvents Seating Traits<\/h3>\n<p>Avec la mise en \u0153uvre des si\u00e8ges FOOEVENTS, les organisateurs d&rsquo;\u00e9v\u00e9nements re\u00e7oivent la capacit\u00e9 remarquable d&rsquo;administrer et d&rsquo;allouer efficacement les dispositions de si\u00e8ges efficaces et efficientes \u00e0 leurs clients estim\u00e9s. Ce logiciel de pointe simplifie et acc\u00e9l\u00e8re fondamentalement le processus d&rsquo;allocation des si\u00e8ges autrement complexe et qui prend du temps, garantissant ainsi que les clients sont m\u00e9ticuleusement attribu\u00e9s \u00e0 leurs si\u00e8ges convoit\u00e9s sans rencontrer de perplexit\u00e9 ou de retards inutiles. L&rsquo;interface tr\u00e8s conviviale et instinctive fournie par ce logiciel permet aux organisateurs de fa\u00e7onner les arrangements de si\u00e8ges sur mesure conform\u00e9ment \u00e0 leurs sp\u00e9cifications uniques, \u00e0 g\u00e9rer sans effort les r\u00e9servations et \u00e0 surveiller sans effort la fr\u00e9quentation en temps r\u00e9el. En vous profitant des fonctionnalit\u00e9s extraordinaires offertes par les si\u00e8ges FoOevents, vous vous assurez sans \u00e9quivoque que les participants de votre \u00e9v\u00e9nement re\u00e7oivent une exp\u00e9rience transparente, gratifiante et compl\u00e8tement inoubliable.<\/p>\n<ul>\n<li>Syst\u00e8me de gestion des si\u00e8ges conviviaux pour les organisateurs d&rsquo;\u00e9v\u00e9nements<\/li>\n<li>Cr\u00e9ez et g\u00e9rez facilement les plans de si\u00e8ges pour les \u00e9v\u00e9nements<\/li>\n<li>Cat\u00e9gories de si\u00e8ges personnalisables et types de billets<\/li>\n<li>Disponibilit\u00e9 en temps r\u00e9el des si\u00e8ges et des ventes de billets<\/li>\n<li>Options de tarification flexibles pour diff\u00e9rentes sections et si\u00e8ges<\/li>\n<li>Impression et num\u00e9risation automatis\u00e9s<\/li>\n<li>Int\u00e9gration facile avec les plateformes de billetterie populaires<\/li>\n<li>Les tableaux de si\u00e8ges peuvent \u00eatre affich\u00e9s sur le site Web de l&rsquo;\u00e9v\u00e9nement pour que les clients s\u00e9lectionnent leurs si\u00e8ges<\/li>\n<li>Accessible de n&rsquo;importe o\u00f9 avec une connexion Internet<\/li>\n<li>Reportage complet et analyse pour les billets et les donn\u00e9es de si\u00e8ges<\/li>\n<\/ul>\n","protected":false},"excerpt":{"rendered":"<p>FooEvents Seating est une solution innovante de gestion d&rsquo;\u00e9v\u00e9nements qui vous accompagne dans la conception et la mise en \u0153uvre d&rsquo;un plan de placement efficace pour tout type d&rsquo;\u00e9v\u00e9nement. Gr\u00e2ce \u00e0 son interface intuitive et \u00e0 ses fonctionnalit\u00e9s performantes, FooEvents Seating optimise l&rsquo;ensemble du processus d&rsquo;organisation des places assises, incluant la billetterie, l&rsquo;attribution des si\u00e8ges et toutes les autres t\u00e2ches connexes. Que vous organisiez une petite conf\u00e9rence ou un grand festival de musique, FooEvents Seating simplifie le processus et garantit \u00e0 chaque participant une exp\u00e9rience confortable et agr\u00e9able. Par cons\u00e9quent, si vous recherchez une solution de placement fiable et conviviale pour votre prochain \u00e9v\u00e9nement, FooEvents Seating est sans aucun doute le choix id\u00e9al. Optimisez le d\u00e9roulement de votre \u00e9v\u00e9nement et \u00e9liminez tout risque de complications gr\u00e2ce \u00e0 FooEvents Seating.<\/p>\n","protected":false},"featured_media":143902,"comment_status":"open","ping_status":"open","template":"","meta":[],"product_brand":[2554],"product_cat":[1189,1181,1186],"product_tag":[2253],"class_list":{"0":"post-120614","1":"product","2":"type-product","3":"status-publish","4":"has-post-thumbnail","6":"product_brand-fooevents","7":"product_cat-personnalisation","8":"product_cat-plugins","9":"product_cat-wordpress-plugins","10":"product_tag-fooevents","11":"member-discount","12":"discount-restricted","14":"first","15":"instock","16":"sale","17":"downloadable","18":"virtual","19":"sold-individually","20":"purchasable","21":"product-type-simple"},"_links":{"self":[{"href":"https:\/\/gpl-love.com\/fr\/wp-json\/wp\/v2\/product\/120614","targetHints":{"allow":["GET"]}}],"collection":[{"href":"https:\/\/gpl-love.com\/fr\/wp-json\/wp\/v2\/product"}],"about":[{"href":"https:\/\/gpl-love.com\/fr\/wp-json\/wp\/v2\/types\/product"}],"replies":[{"embeddable":true,"href":"https:\/\/gpl-love.com\/fr\/wp-json\/wp\/v2\/comments?post=120614"}],"wp:featuredmedia":[{"embeddable":true,"href":"https:\/\/gpl-love.com\/fr\/wp-json\/wp\/v2\/media\/143902"}],"wp:attachment":[{"href":"https:\/\/gpl-love.com\/fr\/wp-json\/wp\/v2\/media?parent=120614"}],"wp:term":[{"taxonomy":"product_brand","embeddable":true,"href":"https:\/\/gpl-love.com\/fr\/wp-json\/wp\/v2\/product_brand?post=120614"},{"taxonomy":"product_cat","embeddable":true,"href":"https:\/\/gpl-love.com\/fr\/wp-json\/wp\/v2\/product_cat?post=120614"},{"taxonomy":"product_tag","embeddable":true,"href":"https:\/\/gpl-love.com\/fr\/wp-json\/wp\/v2\/product_tag?post=120614"}],"curies":[{"name":"wp","href":"https:\/\/api.w.org\/{rel}","templated":true}]}}