{"id":120612,"date":"2021-12-14T00:00:00","date_gmt":"2021-12-13T23:00:00","guid":{"rendered":"https:\/\/gpl-love.com\/fr\/produit\/rayden-creative-portfolio-theme\/"},"modified":"2026-03-20T23:33:10","modified_gmt":"2026-03-20T22:33:10","slug":"rayden-creative-portfolio-theme","status":"publish","type":"product","link":"https:\/\/gpl-love.com\/fr\/produit\/rayden-creative-portfolio-theme\/","title":{"rendered":"Rayden Creative Portfolio Theme 1.9.1"},"content":{"rendered":"<h3>Rayden Creative Portfolio Theme Traits<\/h3>\n<p>Le th\u00e8me du portefeuille Creative Rayden est un th\u00e8me WordPress tr\u00e8s sophistiqu\u00e9 et extr\u00eamement \u00e9l\u00e9gant con\u00e7u avec une mani\u00e8re extraordinairement impressionnante. Ce th\u00e8me exceptionnel poss\u00e8de une disposition contemporaine et minimaliste, d\u00e9bordant d&rsquo;un assortiment d&rsquo;options personnalisables, tous travaillant harmonieusement pour vous permettre de construire un site Web totalement distinctif qui repr\u00e9sente parfaitement votre talent exceptionnel et votre style in\u00e9gal\u00e9. Within the realm of Rayden, you will discover an impeccably designed portfolio grid, replete with a multitude of layout options, fortified by an ingenious portfolio filter mechanism, complemented by an extensive array of custom widgets, and embellished with an expansive palette of customizable colors and polices. De plus, ce th\u00e8me extraordinaire offre gracieusement un constructeur de page de glisser-d\u00e9poser incroyablement intuitif, vous permettant sans effort de fabriquer des pages Web impressionnantes sans aucune connaissance de codage pr\u00e9alable. Pour am\u00e9liorer encore son allure, le th\u00e8me du portefeuille Creative Rayden est m\u00e9ticuleusement con\u00e7u pour \u00eatre pleinement r\u00e9actif, garantissant que vos cr\u00e9ations virtuoses sont pr\u00e9sent\u00e9es avec une brillance in\u00e9gal\u00e9e sur toutes sortes d&rsquo;appareils. Avec les capacit\u00e9s formidables du th\u00e8me du portefeuille Rayden Creative \u00e0 votre disposition, vous aurez le pouvoir de fa\u00e7onner ing\u00e9nieusement un site Web de portefeuille \u00e0 l&rsquo;allure extr\u00eamement professionnelle qui captivera sans aucun doute votre client\u00e8le estim\u00e9e et exposera magnifiquement votre talent artistique de la mani\u00e8re la plus extraordinaire concevable.<\/p>\n<ul>\n<li>Un th\u00e8me de portfolio personnalisable pour les cr\u00e9atifs, con\u00e7u pour pr\u00e9senter votre travail de mani\u00e8re moderne et professionnelle<\/li>\n<li>Plusieurs dispositions de page d&rsquo;accueil et styles de portfolio \u00e0 choisir, y compris les options de grille et de ma\u00e7onnerie, pour personnaliser votre vitrine \u00e0 votre go\u00fbt<\/li>\n<li>Mod\u00e8les de page int\u00e9gr\u00e9s pour les services, sur et contacter, pour vous aider \u00e0 cr\u00e9er un site Web coh\u00e9sif et professionnel<\/li>\n<li>Prend en charge plusieurs formats de publication, y compris des formats vid\u00e9o, image et galerie, pour pr\u00e9senter votre travail dans une vari\u00e9t\u00e9 de types de m\u00e9dias<\/li>\n<li>Options de couleurs personnalisables et int\u00e9gration Google pour correspondre \u00e0 votre marque et rendre votre site Web unique<\/li>\n<li>Conception enti\u00e8rement r\u00e9active, garantir que votre site Web a fi\u00e8re allure sur n&rsquo;importe quel appareil ou navigateur<\/li>\n<li>Le moteur de recherche a optimis\u00e9 le codage pour am\u00e9liorer la visibilit\u00e9 et le classement de votre site Web dans les r\u00e9sultats de recherche.<\/li>\n<li>Continuellement mis \u00e0 jour et maintenus pour assurer la compatibilit\u00e9 avec la derni\u00e8re version de WordPress et l&rsquo;am\u00e9lioration des fonctionnalit\u00e9s incluses.<\/li>\n<\/ul>\n","protected":false},"excerpt":{"rendered":"<p>Le th\u00e8me du portefeuille Creative Rayden, sur mesure sp\u00e9cifiquement pour les artistes, les designers, les photographes et les professionnels de la cr\u00e9ation, pr\u00e9sente un th\u00e8me WordPress \u00e9l\u00e9gant et professionnel qui d\u00e9gage la sophistication. Son design minimaliste associ\u00e9 \u00e0 une gamme d&rsquo;options de personnalisation conviviale fait de Rayden une plate-forme exemplaire pour montrer votre travail de mani\u00e8re propre et contemporaine. B\u00e9n\u00e9ficiant de plusieurs options de mise en page, de sch\u00e9mas de couleurs personnalisables et d&rsquo;une conception r\u00e9active qui s&rsquo;adapte de mani\u00e8re transparente \u00e0 n&rsquo;importe quel appareil, ce th\u00e8me assure une exp\u00e9rience visuellement attrayante pour tous les utilisateurs. De plus, le th\u00e8me int\u00e8gre l&rsquo;int\u00e9gration int\u00e9gr\u00e9e des m\u00e9dias sociaux, facilitant le partage sans effort de votre travail avec des abonn\u00e9s fid\u00e8les. Que vous soyez un pigiste ou une agence de cr\u00e9ation, Rayden est l&rsquo;outil ultime pour pr\u00e9senter votre cr\u00e9ativit\u00e9 et laisser une impression durable sur vos clients.<\/p>\n","protected":false},"featured_media":145076,"comment_status":"open","ping_status":"open","template":"","meta":[],"product_brand":[2433],"product_cat":[1242,1212,1213],"product_tag":[1366],"class_list":{"0":"post-120612","1":"product","2":"type-product","3":"status-publish","4":"has-post-thumbnail","6":"product_brand-themeforest","7":"product_cat-creatif","8":"product_cat-themes","9":"product_cat-wordpress-themes","10":"product_tag-themeforest","11":"member-discount","12":"discount-restricted","14":"first","15":"instock","16":"sale","17":"downloadable","18":"virtual","19":"sold-individually","20":"purchasable","21":"product-type-simple"},"_links":{"self":[{"href":"https:\/\/gpl-love.com\/fr\/wp-json\/wp\/v2\/product\/120612","targetHints":{"allow":["GET"]}}],"collection":[{"href":"https:\/\/gpl-love.com\/fr\/wp-json\/wp\/v2\/product"}],"about":[{"href":"https:\/\/gpl-love.com\/fr\/wp-json\/wp\/v2\/types\/product"}],"replies":[{"embeddable":true,"href":"https:\/\/gpl-love.com\/fr\/wp-json\/wp\/v2\/comments?post=120612"}],"wp:featuredmedia":[{"embeddable":true,"href":"https:\/\/gpl-love.com\/fr\/wp-json\/wp\/v2\/media\/145076"}],"wp:attachment":[{"href":"https:\/\/gpl-love.com\/fr\/wp-json\/wp\/v2\/media?parent=120612"}],"wp:term":[{"taxonomy":"product_brand","embeddable":true,"href":"https:\/\/gpl-love.com\/fr\/wp-json\/wp\/v2\/product_brand?post=120612"},{"taxonomy":"product_cat","embeddable":true,"href":"https:\/\/gpl-love.com\/fr\/wp-json\/wp\/v2\/product_cat?post=120612"},{"taxonomy":"product_tag","embeddable":true,"href":"https:\/\/gpl-love.com\/fr\/wp-json\/wp\/v2\/product_tag?post=120612"}],"curies":[{"name":"wp","href":"https:\/\/api.w.org\/{rel}","templated":true}]}}