{"id":120610,"date":"2025-02-17T00:00:00","date_gmt":"2025-02-16T23:00:00","guid":{"rendered":"https:\/\/gpl-love.com\/fr\/produit\/wp-post-modules-pour-newspaper-et-magazine-layouts\/"},"modified":"2026-03-20T23:50:24","modified_gmt":"2026-03-20T22:50:24","slug":"wp-post-modules-pour-newspaper-et-magazine-layouts","status":"publish","type":"product","link":"https:\/\/gpl-love.com\/fr\/produit\/wp-post-modules-pour-newspaper-et-magazine-layouts\/","title":{"rendered":"WP Post Modules pour NewsPaper et Magazine Layouts 3.5.0"},"content":{"rendered":"<h3>WP Post Modules pour NewsPaper et Magazine Layouts Traits<\/h3>\n<p>Les modules WP Post pour les dispositions de journaux et de magazines sont un plugin global qui offre aux utilisateurs la possibilit\u00e9 de g\u00e9n\u00e9rer des dispositions visuellement frappantes et con\u00e7ues par des professionnels pour leurs sites Web WordPress. Que ce soit une personne exploite un site Web de nouvelles, un magazine ou un blog, ce plugin propose un ensemble complet d&rsquo;outils et de fonctionnalit\u00e9s qui permettront \u00e0 leur contenu de se d\u00e9marquer vraiment. En utilisant son interface conviviale, les utilisateurs peuvent construire sans effort des dispositions personnalis\u00e9es, concevoir des mod\u00e8les de publication uniques et incorporer une large gamme de widgets et d&rsquo;\u00e9l\u00e9ments dans leurs sites Web. De plus, ce plugin est \u00e9quip\u00e9 d&rsquo;une s\u00e9lection diversifi\u00e9e de mod\u00e8les pr\u00e9-con\u00e7us, qui peuvent \u00eatre facilement personnalis\u00e9s pour s&rsquo;aligner sur les pr\u00e9f\u00e9rences de marque et de style d&rsquo;un individu. De plus, les utilisateurs ont la libert\u00e9 de s\u00e9lectionner dans un tableau de types de publication, tels que des vid\u00e9os, des galeries et des fichiers audio. En utilisant les modules WP Post pour les dispositions de journaux et de magazines, les utilisateurs peuvent \u00e9tablir sans effort un site Web visuellement captivant et hautement fonctionnel, facilitant ainsi l&rsquo;augmentation de l&rsquo;engagement de leur public.<\/p>\n<ul>\n<li>Plus de 10 mod\u00e8les de modules pr\u00e9d\u00e9finis pour une personnalisation facile<\/li>\n<li>Glisser et d\u00e9posez le constructeur pour une disposition de modules faciles<\/li>\n<li>Disposages de modules personnalisables pour une flexibilit\u00e9 optimale<\/li>\n<li>Conception r\u00e9active pour une visualisation transparente sur n&rsquo;importe quel appareil<\/li>\n<li>Int\u00e9gration avec des th\u00e8mes WordPress populaires<\/li>\n<li>Option pour afficher des articles connexes pour une augmentation de l&rsquo;engagement<\/li>\n<li>Processus d&rsquo;installation et de configuration facile<\/li>\n<li>Mises \u00e0 jour r\u00e9guli\u00e8res et soutien \u00e0 la convivialit\u00e9 \u00e0 long terme<\/li>\n<li>Convient \u00e0 la fois pour les sites Web d&rsquo;actualit\u00e9s et de magazines<\/li>\n<li>Plusieurs options de disposition pour des possibilit\u00e9s de conception vari\u00e9es<\/li>\n<\/ul>\n","protected":false},"excerpt":{"rendered":"<p>Les modules WP Post sont un plugin tr\u00e8s efficace qui vous permet de convertir sans effort votre site WordPress en une plate-forme d&rsquo;information sophistiqu\u00e9e, r\u00e9pondant ainsi sp\u00e9cifiquement aux besoins des m\u00e9dias. Avec ses capacit\u00e9s remarquables, cet outil puissant vous permet de g\u00e9n\u00e9rer des dispositions de magazines visuellement frappantes visuellement pour vos articles, rempli de cat\u00e9gorisation, de filtrage et de tri sur mesure, de fonctionnalit\u00e9s. Que vous op\u00e9riez une publication ind\u00e9pendante modeste ou un centre d&rsquo;information en ligne pro\u00e9minent, l&rsquo;utilisation des modules Post WP peut ind\u00e9niablement \u00e9lever la qualit\u00e9 et la pr\u00e9sentation de votre contenu \u00e0 des hauteurs sans pr\u00e9c\u00e9dent. Ne perdez pas de temps, saisissez cette opportunit\u00e9 aujourd&rsquo;hui et lancez-vous dans le voyage \u00e9panouissant de la construction de votre site Web de nouvelles tant attendu qui r\u00e9sume parfaitement vos aspirations et vos objectifs!<\/p>\n","protected":false},"featured_media":146188,"comment_status":"open","ping_status":"open","template":"","meta":[],"product_brand":[2435],"product_cat":[1189,1181,1186],"product_tag":[1231],"class_list":{"0":"post-120610","1":"product","2":"type-product","3":"status-publish","4":"has-post-thumbnail","6":"product_brand-codecanyon","7":"product_cat-personnalisation","8":"product_cat-plugins","9":"product_cat-wordpress-plugins","10":"product_tag-codecanyon","11":"member-discount","12":"discount-restricted","14":"first","15":"instock","16":"sale","17":"downloadable","18":"virtual","19":"sold-individually","20":"purchasable","21":"product-type-simple"},"_links":{"self":[{"href":"https:\/\/gpl-love.com\/fr\/wp-json\/wp\/v2\/product\/120610","targetHints":{"allow":["GET"]}}],"collection":[{"href":"https:\/\/gpl-love.com\/fr\/wp-json\/wp\/v2\/product"}],"about":[{"href":"https:\/\/gpl-love.com\/fr\/wp-json\/wp\/v2\/types\/product"}],"replies":[{"embeddable":true,"href":"https:\/\/gpl-love.com\/fr\/wp-json\/wp\/v2\/comments?post=120610"}],"wp:featuredmedia":[{"embeddable":true,"href":"https:\/\/gpl-love.com\/fr\/wp-json\/wp\/v2\/media\/146188"}],"wp:attachment":[{"href":"https:\/\/gpl-love.com\/fr\/wp-json\/wp\/v2\/media?parent=120610"}],"wp:term":[{"taxonomy":"product_brand","embeddable":true,"href":"https:\/\/gpl-love.com\/fr\/wp-json\/wp\/v2\/product_brand?post=120610"},{"taxonomy":"product_cat","embeddable":true,"href":"https:\/\/gpl-love.com\/fr\/wp-json\/wp\/v2\/product_cat?post=120610"},{"taxonomy":"product_tag","embeddable":true,"href":"https:\/\/gpl-love.com\/fr\/wp-json\/wp\/v2\/product_tag?post=120610"}],"curies":[{"name":"wp","href":"https:\/\/api.w.org\/{rel}","templated":true}]}}