{"id":120608,"date":"2023-01-07T00:00:00","date_gmt":"2023-01-06T23:00:00","guid":{"rendered":"https:\/\/gpl-love.com\/fr\/produit\/custom-post-type-ui-extended\/"},"modified":"2026-03-20T23:00:20","modified_gmt":"2026-03-20T22:00:20","slug":"custom-post-type-ui-extended","status":"publish","type":"product","link":"https:\/\/gpl-love.com\/fr\/produit\/custom-post-type-ui-extended\/","title":{"rendered":"Custom Post Type UI Extended 1.1.11"},"content":{"rendered":"<h3>Custom Post Type UI Extended Traits<\/h3>\n<p>L&rsquo;interface utilisateur de type post personnalis\u00e9 \u00e9tendu est un outil tr\u00e8s robuste et efficace con\u00e7u sp\u00e9cifiquement pour les utilisateurs de WordPress qui souhaitent g\u00e9n\u00e9rer sans effort des types de contenu personnalis\u00e9s d\u00e9pourvus de toute expertise de codage pr\u00e9alable. Ce plugin ing\u00e9nieux vous permet de configurer et d&rsquo;\u00e9tablir sans effort des types de publiques personnalis\u00e9es, des taxonomies personnalis\u00e9es, ainsi que des champs personnalis\u00e9s qui s&rsquo;alignent impeccablement avec vos pr\u00e9f\u00e9rences et exigences uniques. Ce qui distingue ce plugin de ses homologues est sa remarquable interface conviviale, qui assure un processus transparent et sans tracas de cr\u00e9ation et de gestion de types de contenu personnalis\u00e9s. De plus, il vous conf\u00e8re \u00e9galement la possibilit\u00e9 d&rsquo;attribuer des capacit\u00e9s personnalis\u00e9es aux utilisateurs, d&rsquo;\u00e9tablir des m\u00e9tadonn\u00e9es personnalis\u00e9es et d&rsquo;exercer un contr\u00f4le total sur l&rsquo;affichage des types de contenu personnalis\u00e9s sur votre site Web. En vertu de l&rsquo;interface utilisateur de type de poste personnalis\u00e9, vous poss\u00e9dez les moyens d&rsquo;am\u00e9liorer consid\u00e9rablement la fonctionnalit\u00e9 de votre site WordPress et d&rsquo;\u00e9laborer une exp\u00e9rience utilisateur exceptionnellement adapt\u00e9e \u00e0 vos visiteurs estim\u00e9s.<\/p>\n<ul>\n<li>Cr\u00e9e des types de publication personnalis\u00e9s rapidement et facilement<\/li>\n<li>\u00c9tend la fonctionnalit\u00e9 de la fonction de type de message personnalis\u00e9 int\u00e9gr\u00e9e de WordPress<\/li>\n<li>Permet des champs et des taxonomies personnalis\u00e9s avanc\u00e9s<\/li>\n<li>Compatible avec des plugins populaires comme WooCommerce et Yoast SEO<\/li>\n<li>Offre une interface utilisateur intuitive pour les non-d\u00e9veloppeurs<\/li>\n<li>Offre une flexibilit\u00e9 dans l&rsquo;organisation du contenu sur votre site Web<\/li>\n<li>Aide \u00e0 am\u00e9liorer l&rsquo;exp\u00e9rience globale des utilisateurs et la navigation sur le site<\/li>\n<li>Peut \u00eatre utilis\u00e9 pour cr\u00e9er des pages Web uniques et engageantes<\/li>\n<li>\u00c9conomise du temps et des efforts par rapport au codage manuel des types de postes personnalis\u00e9s<\/li>\n<li>Offre des versions gratuites et premium pour r\u00e9pondre \u00e0 diff\u00e9rents besoins et budgets.<\/li>\n<\/ul>\n","protected":false},"excerpt":{"rendered":"<p>L&rsquo;interface utilisateur de type post personnalis\u00e9 \u00e9tendu est un outil polyvalent con\u00e7u pour compl\u00e9ter les fonctionnalit\u00e9s de votre site Web. Ce plugin puissant vous permet de g\u00e9rer et d&rsquo;\u00e9tendre facilement vos types de messages personnalis\u00e9s, ce qui rend votre site Web plus dynamique et engageant. Avec son interface conviviale, vous pouvez rapidement cr\u00e9er et personnaliser vos types de messages et taxonomies, offrant une exp\u00e9rience utilisateur transparente. Que vous soyez un novice ou un d\u00e9veloppeur exp\u00e9riment\u00e9, l&rsquo;interface utilisateur de post personnalis\u00e9 \u00e9tendue offre un moyen efficace d&rsquo;am\u00e9liorer les performances de votre site Web. D\u00e9couvrez les avantages d&rsquo;un contr\u00f4le, d&rsquo;une flexibilit\u00e9 et d&rsquo;une personnalisation accrus avec une interface utilisateur de post personnalis\u00e9e \u00e9tendue.<\/p>\n","protected":false},"featured_media":143504,"comment_status":"open","ping_status":"open","template":"","meta":[],"product_brand":[2502],"product_cat":[1189,1181,1186],"product_tag":[2294],"class_list":{"0":"post-120608","1":"product","2":"type-product","3":"status-publish","4":"has-post-thumbnail","6":"product_brand-pluginize","7":"product_cat-personnalisation","8":"product_cat-plugins","9":"product_cat-wordpress-plugins","10":"product_tag-pluginize","11":"member-discount","12":"discount-restricted","14":"first","15":"instock","16":"sale","17":"downloadable","18":"virtual","19":"sold-individually","20":"purchasable","21":"product-type-simple"},"_links":{"self":[{"href":"https:\/\/gpl-love.com\/fr\/wp-json\/wp\/v2\/product\/120608","targetHints":{"allow":["GET"]}}],"collection":[{"href":"https:\/\/gpl-love.com\/fr\/wp-json\/wp\/v2\/product"}],"about":[{"href":"https:\/\/gpl-love.com\/fr\/wp-json\/wp\/v2\/types\/product"}],"replies":[{"embeddable":true,"href":"https:\/\/gpl-love.com\/fr\/wp-json\/wp\/v2\/comments?post=120608"}],"wp:featuredmedia":[{"embeddable":true,"href":"https:\/\/gpl-love.com\/fr\/wp-json\/wp\/v2\/media\/143504"}],"wp:attachment":[{"href":"https:\/\/gpl-love.com\/fr\/wp-json\/wp\/v2\/media?parent=120608"}],"wp:term":[{"taxonomy":"product_brand","embeddable":true,"href":"https:\/\/gpl-love.com\/fr\/wp-json\/wp\/v2\/product_brand?post=120608"},{"taxonomy":"product_cat","embeddable":true,"href":"https:\/\/gpl-love.com\/fr\/wp-json\/wp\/v2\/product_cat?post=120608"},{"taxonomy":"product_tag","embeddable":true,"href":"https:\/\/gpl-love.com\/fr\/wp-json\/wp\/v2\/product_tag?post=120608"}],"curies":[{"name":"wp","href":"https:\/\/api.w.org\/{rel}","templated":true}]}}