{"id":120606,"date":"2025-12-23T00:00:00","date_gmt":"2025-12-22T23:00:00","guid":{"rendered":"https:\/\/gpl-love.com\/fr\/produit\/automatorwp-learndash\/"},"modified":"2026-03-20T22:55:27","modified_gmt":"2026-03-20T21:55:27","slug":"automatorwp-learndash","status":"publish","type":"product","link":"https:\/\/gpl-love.com\/fr\/produit\/automatorwp-learndash\/","title":{"rendered":"AutomatorWP LearnDash 1.2.7"},"content":{"rendered":"<h3>AutomatorWP LearnDash Traits<\/h3>\n<p>Automatorwp Learndash est un outil d&rsquo;automatisation extr\u00eamement robuste et puissant qui vous offre la possibilit\u00e9 de g\u00e9n\u00e9rer et de m\u00e9caniser des flux de travail complexes \u00e0 partir de votre syst\u00e8me de gestion de cours LearnDash. En tirant parti des capacit\u00e9s de Automatorwp Learndash, vous avez la capacit\u00e9 d&rsquo;optimiser et de rationaliser vos proc\u00e9dures de gestion de cours, d&rsquo;am\u00e9liorer l&rsquo;efficacit\u00e9 des canaux de communication avec vos \u00e9tudiants estim\u00e9s et d&rsquo;\u00e9lever la qualit\u00e9 globale de vos offres de cours. Cet outil remarquable vous permet d&rsquo;automatiser une myriade de t\u00e2ches diverses englobant les inscriptions de cours, la surveillance de l&rsquo;ach\u00e8vement du quiz et la d\u00e9livrance de certificats rapides. De plus, vous poss\u00e9dez la capacit\u00e9 de concevoir et de modeler les notifications par e-mail personnalis\u00e9es, ainsi que de provoquer et de d\u00e9clencher des actions et des comportements utilisateur sp\u00e9cifiques. Avec le d\u00e9ploiement de Automatorwp Learndash, vous pouvez conserver efficacement le temps et l&rsquo;effort pr\u00e9cieux, tout en garantissant simultan\u00e9ment une exp\u00e9rience d&rsquo;apprentissage adapt\u00e9e et personnalis\u00e9e en toute transparence qui est vraiment in\u00e9gal\u00e9e pour vos \u00e9tudiants ch\u00e9ris.<\/p>\n<ul>\n<li>Automatorwp Learndash est un outil qui vous permet d&rsquo;automatiser votre plate-forme d&rsquo;apprentissage en ligne LearnDash.<\/li>\n<li>Ce produit s&rsquo;int\u00e8gre au plugin Automatorwp, qui est con\u00e7u pour vous aider \u00e0 automatiser votre site WordPress.<\/li>\n<li>Avec AutomatorWP LearnDash, vous pouvez automatiser une vari\u00e9t\u00e9 de t\u00e2ches, telles que l&rsquo;ajout d&rsquo;utilisateurs pour apprendre des cours, attribuer des badges et des certificats et envoyer des notifications par e-mail.<\/li>\n<li>Ce produit comprend une gamme de recettes d&rsquo;automatisation pr\u00e9d\u00e9finies, ce qui facilite la d\u00e9marrage de l&rsquo;automatisation de votre site Learndash.<\/li>\n<li>Ces recettes d&rsquo;automatisation sont enti\u00e8rement personnalisables et peuvent \u00eatre adapt\u00e9es pour r\u00e9pondre \u00e0 vos besoins sp\u00e9cifiques.<\/li>\n<li>Automatorwp Learndash est con\u00e7u pour \u00eatre facile \u00e0 utiliser, m\u00eame pour ceux qui ont peu d&rsquo;expertise technique.<\/li>\n<li>Ce produit est compatible avec LearnDash -5 et plus, ainsi que les derni\u00e8res versions de WordPress.<\/li>\n<li>Automatorwp Learndash est constamment mis \u00e0 jour et am\u00e9lior\u00e9, garantissant qu&rsquo;il reste un outil puissant et fiable pour automatiser votre plate-forme d&rsquo;apprentissage en ligne.<\/li>\n<\/ul>\n","protected":false},"excerpt":{"rendered":"<p>Automatorwp Learndash est un puissant outil d&rsquo;automatisation con\u00e7u pour am\u00e9liorer votre exp\u00e9rience eLearning. Il s&rsquo;int\u00e8gre parfaitement \u00e0 Learndash, l&rsquo;un des plugins LMS WordPress les plus populaires, ce qui le rend id\u00e9al pour les \u00e9ducateurs, les formateurs et les professionnels eLearning qui souhaitent automatiser leurs cours en ligne. Avec Automatorwp Learndash, vous pouvez cr\u00e9er des environnements d&rsquo;apprentissage interactifs et engageants en automatisant des actions, des r\u00e9compenses et des notifications en fonction des activit\u00e9s de vos \u00e9l\u00e8ves. Il s&rsquo;agit d&rsquo;un syst\u00e8me convivial, vous permettant de concevoir et de mettre en \u0153uvre des chemins d&rsquo;apprentissage personnalis\u00e9s, maximisant ainsi l&rsquo;engagement et la r\u00e9tention de vos \u00e9l\u00e8ves. Automatorwp Learndash est un outil vraiment polyvalent, vous offrant une multitude de possibilit\u00e9s pour rendre votre plate-forme eLearning plus efficace et plus efficace.<\/p>\n","protected":false},"featured_media":143184,"comment_status":"open","ping_status":"open","template":"","meta":[],"product_brand":[2464],"product_cat":[1187,1181,1186],"product_tag":[2260],"class_list":{"0":"post-120606","1":"product","2":"type-product","3":"status-publish","4":"has-post-thumbnail","6":"product_brand-automatorwp","7":"product_cat-administration-wordpress-plugins","8":"product_cat-plugins","9":"product_cat-wordpress-plugins","10":"product_tag-automatorwp","11":"member-discount","12":"discount-restricted","14":"first","15":"instock","16":"sale","17":"downloadable","18":"virtual","19":"sold-individually","20":"purchasable","21":"product-type-simple"},"_links":{"self":[{"href":"https:\/\/gpl-love.com\/fr\/wp-json\/wp\/v2\/product\/120606","targetHints":{"allow":["GET"]}}],"collection":[{"href":"https:\/\/gpl-love.com\/fr\/wp-json\/wp\/v2\/product"}],"about":[{"href":"https:\/\/gpl-love.com\/fr\/wp-json\/wp\/v2\/types\/product"}],"replies":[{"embeddable":true,"href":"https:\/\/gpl-love.com\/fr\/wp-json\/wp\/v2\/comments?post=120606"}],"wp:featuredmedia":[{"embeddable":true,"href":"https:\/\/gpl-love.com\/fr\/wp-json\/wp\/v2\/media\/143184"}],"wp:attachment":[{"href":"https:\/\/gpl-love.com\/fr\/wp-json\/wp\/v2\/media?parent=120606"}],"wp:term":[{"taxonomy":"product_brand","embeddable":true,"href":"https:\/\/gpl-love.com\/fr\/wp-json\/wp\/v2\/product_brand?post=120606"},{"taxonomy":"product_cat","embeddable":true,"href":"https:\/\/gpl-love.com\/fr\/wp-json\/wp\/v2\/product_cat?post=120606"},{"taxonomy":"product_tag","embeddable":true,"href":"https:\/\/gpl-love.com\/fr\/wp-json\/wp\/v2\/product_tag?post=120606"}],"curies":[{"name":"wp","href":"https:\/\/api.w.org\/{rel}","templated":true}]}}