{"id":120604,"date":"2021-12-14T00:00:00","date_gmt":"2021-12-13T23:00:00","guid":{"rendered":"https:\/\/gpl-love.com\/fr\/produit\/theme-palace-wen-travel-pro\/"},"modified":"2026-03-20T23:39:36","modified_gmt":"2026-03-20T22:39:36","slug":"theme-palace-wen-travel-pro","status":"publish","type":"product","link":"https:\/\/gpl-love.com\/fr\/produit\/theme-palace-wen-travel-pro\/","title":{"rendered":"Theme Palace WEN Travel Pro 5.1"},"content":{"rendered":"<h3>Theme Palace WEN Travel Pro Traits<\/h3>\n<p>Le palais du th\u00e8me Wen Travel Pro, un th\u00e8me WordPress exquis, a \u00e9t\u00e9 con\u00e7u de mani\u00e8re experte pour r\u00e9pondre sp\u00e9cifiquement aux besoins des blogueurs de voyage et des passionn\u00e9s. Ce th\u00e8me exceptionnel poss\u00e8de une vaste gamme de fonctionnalit\u00e9s et d&rsquo;options de personnalisation, permettant aux utilisateurs de cr\u00e9er sans effort une pr\u00e9sence en ligne remarquable et captivante. De plus, le cadre solide du th\u00e8me garantit des performances et une compatibilit\u00e9 transparentes dans tous les navigateurs et appareils contemporains. Parmi les points forts notables du th\u00e8me Wen Travel Pro figurent sa conception r\u00e9active, ses widgets sur mesure, les choix de mise en page multiples, l&rsquo;int\u00e9gration des m\u00e9dias sociaux sans couture et une pl\u00e9thore d&rsquo;autres attributs remarquables. Avec son interface conviviale et ses fonctionnalit\u00e9s robustes, le palais de th\u00e8me Wen Travel Pro se distingue incontestablement comme le choix ultime pour tous ceux qui cherchent \u00e0 \u00e9tablir un site Web de voyage vraiment professionnel et percutant.<\/p>\n<ul>\n<li>Un th\u00e8me WordPress premium con\u00e7u sp\u00e9cifiquement pour les sites Web de voyage et les blogs<\/li>\n<li>Offre une vari\u00e9t\u00e9 d&rsquo;options de personnalisation pour vous aider \u00e0 cr\u00e9er un site Web unique et professionnel<\/li>\n<li>Livr\u00e9 avec six d\u00e9mos pr\u00e9d\u00e9finies que vous pouvez utiliser comme point de d\u00e9part pour votre site<\/li>\n<li>La conception enti\u00e8rement r\u00e9active garantit que votre site a fi\u00e8re allure sur tous les appareils, y compris les ordinateurs de bureau, les tablettes et les t\u00e9l\u00e9phones portables<\/li>\n<li>Syst\u00e8me de r\u00e9servation int\u00e9gr\u00e9 pour permettre aux visiteurs de r\u00e9server facilement leurs arrangements de voyage directement sur votre site<\/li>\n<li>Prend en charge plusieurs langues et plugins de traduction, ce qui facilite l&rsquo;atteinte d&rsquo;un public mondial<\/li>\n<li>Comprend une vari\u00e9t\u00e9 de widgets utiles, comme un convertisseur de devises, un widget m\u00e9t\u00e9o et des liens de m\u00e9dias sociaux<\/li>\n<li>Offre une int\u00e9gration transparente avec des plugins populaires comme WooCommerce et le formulaire de contact 7<\/li>\n<li>Documentation approfondie et \u00e9quipe de support d\u00e9di\u00e9e pour vous aider \u00e0 tirer le meilleur parti de votre th\u00e8me<\/li>\n<li>Les mises \u00e0 jour r\u00e9guli\u00e8res et les corrections de bogues garantissent que votre site reste s\u00e9curis\u00e9 et \u00e0 jour avec les derni\u00e8res tendances de l&rsquo;industrie<\/li>\n<\/ul>\n","protected":false},"excerpt":{"rendered":"<p>Th\u00e8me palais wen Travel Pro, un th\u00e8me WordPress haut de gamme sp\u00e9cialement con\u00e7u sp\u00e9cialement adapt\u00e9 aux blogueurs et aux photographes de voyage, est une quintessence de sophistication. Son r\u00e9pertoire de fonctionnalit\u00e9s avanc\u00e9es et d&rsquo;options robustes vous permet non seulement de montrer vos escapades de voyage enrichissantes, mais ajoute \u00e9galement une touche de cr\u00e9ativit\u00e9 \u00e0 votre r\u00e9cit num\u00e9rique. Ce th\u00e8me m\u00e9ticuleusement d\u00e9velopp\u00e9 poss\u00e8de une r\u00e9activit\u00e9 transparente, garantissant une pr\u00e9sentation sans faille sur divers appareils. En outre, son optimisation d&rsquo;optimisation des moteurs de recherche assure une visibilit\u00e9 et une d\u00e9couverte accrue, tandis que sa compatibilit\u00e9 avec des plugins acclam\u00e9s garantit une int\u00e9gration transparente de fonctionnalit\u00e9s suppl\u00e9mentaires. Impr\u00e9gn\u00e9 d&rsquo;une aura d&rsquo;\u00e9l\u00e9gance et de vanter d&rsquo;une interface intuitive, le palais \u00e0 th\u00e8me Wen Travel Pro appara\u00eet comme un choix in\u00e9gal\u00e9 pour le voyageur exigeant cherchant \u00e0 \u00e9tablir une pr\u00e9sence en ligne captivante.<\/p>\n","protected":false},"featured_media":145490,"comment_status":"open","ping_status":"open","template":"","meta":[],"product_brand":[2673],"product_cat":[1558,1212,1213],"product_tag":[2268],"class_list":{"0":"post-120604","1":"product","2":"type-product","3":"status-publish","4":"has-post-thumbnail","6":"product_brand-theme-palace","7":"product_cat-hotel-resort","8":"product_cat-themes","9":"product_cat-wordpress-themes","10":"product_tag-theme-palace","11":"member-discount","12":"discount-restricted","14":"first","15":"instock","16":"sale","17":"downloadable","18":"virtual","19":"sold-individually","20":"purchasable","21":"product-type-simple"},"_links":{"self":[{"href":"https:\/\/gpl-love.com\/fr\/wp-json\/wp\/v2\/product\/120604","targetHints":{"allow":["GET"]}}],"collection":[{"href":"https:\/\/gpl-love.com\/fr\/wp-json\/wp\/v2\/product"}],"about":[{"href":"https:\/\/gpl-love.com\/fr\/wp-json\/wp\/v2\/types\/product"}],"replies":[{"embeddable":true,"href":"https:\/\/gpl-love.com\/fr\/wp-json\/wp\/v2\/comments?post=120604"}],"wp:featuredmedia":[{"embeddable":true,"href":"https:\/\/gpl-love.com\/fr\/wp-json\/wp\/v2\/media\/145490"}],"wp:attachment":[{"href":"https:\/\/gpl-love.com\/fr\/wp-json\/wp\/v2\/media?parent=120604"}],"wp:term":[{"taxonomy":"product_brand","embeddable":true,"href":"https:\/\/gpl-love.com\/fr\/wp-json\/wp\/v2\/product_brand?post=120604"},{"taxonomy":"product_cat","embeddable":true,"href":"https:\/\/gpl-love.com\/fr\/wp-json\/wp\/v2\/product_cat?post=120604"},{"taxonomy":"product_tag","embeddable":true,"href":"https:\/\/gpl-love.com\/fr\/wp-json\/wp\/v2\/product_tag?post=120604"}],"curies":[{"name":"wp","href":"https:\/\/api.w.org\/{rel}","templated":true}]}}