{"id":120600,"date":"2023-05-13T00:00:00","date_gmt":"2023-05-12T22:00:00","guid":{"rendered":"https:\/\/gpl-love.com\/fr\/produit\/nextmove-woocommerce-thank-you-page\/"},"modified":"2026-04-10T18:33:56","modified_gmt":"2026-04-10T16:33:56","slug":"nextmove-woocommerce-thank-you-page","status":"publish","type":"product","link":"https:\/\/gpl-love.com\/fr\/produit\/nextmove-woocommerce-thank-you-page\/","title":{"rendered":"NextMove WooCommerce Thank You Page 1.17.1"},"content":{"rendered":"<h3>NextMove WooCommerce Thank You Page Traits<\/h3>\n<p>La page de remerciement Nextmove WooCommerce est un outil incroyablement robuste et dynamique qui permet aux propri\u00e9taires de magasins en ligne d&rsquo;exercer un contr\u00f4le complet sur leur parcours post-achat. Gr\u00e2ce \u00e0 l&rsquo;utilisation de ce plugin extraordinaire, vous poss\u00e9dez la capacit\u00e9 de personnaliser et d&rsquo;adapter sans effort votre page de remerciement WooCommerce pour inclure des ventes lobratives, des ventes crois\u00e9es convaincantes et m\u00eame des recommandations de produits individualis\u00e9es pour chaque client estim\u00e9. Cette fonctionnalit\u00e9 multiforme sert non seulement \u00e0 augmenter votre valeur de commande moyenne, mais il cultive \u00e9galement une exp\u00e9rience d&rsquo;achat plus immersive et individualis\u00e9e pour votre client\u00e8le ch\u00e9ri. La page de remerciement Nextmove WooCommerce poss\u00e8de un processus de configuration remarquablement convivial et offre en outre une vaste gamme d&rsquo;options de personnalisation, intelligemment organis\u00e9e pour s&rsquo;aligner harmonieusement sur l&rsquo;\u00e9thique et les exigences uniques de votre marque estim\u00e9e et de votre entreprise estim\u00e9e. Gr\u00e2ce \u00e0 la mise en \u0153uvre transparente de ce plugin, vous m\u00e9tamorphosez sans effort et sans effort votre page de remerciement en un instrument de vente puissant, propulsant ainsi votre magasin de commerce \u00e9lectronique au z\u00e9nith de r\u00e9ussite et de r\u00e9ussite.<\/p>\n<ul>\n<li>Mod\u00e8le de page de remerciement personnalisable WooCommerce<\/li>\n<li>Installation et int\u00e9gration faciles avec WooCommerce<\/li>\n<li>Capacit\u00e9 \u00e0 afficher la messagerie personnalis\u00e9e aux clients<\/li>\n<li>Am\u00e9lioration de l&rsquo;exp\u00e9rience client et de l&rsquo;engagement<\/li>\n<li>Option de vendre ou de vendre des produits \u00e0 vente crois\u00e9e sur la page de remerciement<\/li>\n<li>Option pour inclure des boutons de partage social pour les clients pour promouvoir leur achat<\/li>\n<li>Suivi et analyse am\u00e9lior\u00e9s pour le comportement des clients apr\u00e8s la vente<\/li>\n<li>Compatible avec la plupart des th\u00e8mes et plugins WordPress<\/li>\n<li>Brandage am\u00e9lior\u00e9 et esth\u00e9tique globale de la page de remerciement.<\/li>\n<\/ul>\n","protected":false},"excerpt":{"rendered":"<p>La page de remerciement NextMove WooCommerce pr\u00e9sente un outil tr\u00e8s intuitif et convivial qui vise \u00e0 am\u00e9liorer l&rsquo;exp\u00e9rience post-achat des clients visitant votre site Web. En incorporant ce plugin exceptionnel dans votre boutique en ligne, vous avez la possibilit\u00e9 d&rsquo;adapter la page de remerciement qui se mat\u00e9rialise apr\u00e8s un client finalisant un achat, vous offrant ainsi l&rsquo;occasion d&rsquo;impr\u00e9gner ladite page avec des messages personnalis\u00e9s, des ventes invers\u00e9es, ainsi que des ventes de selles, ainsi que de produits compl\u00e9mentaires qui s&rsquo;efforcent de favoriser les affaires r\u00e9p\u00e9t\u00e9es. Ce qui distingue ce plugin, ce n&rsquo;est pas seulement son processus d&rsquo;installation sans effort, mais aussi ses options de configuration compl\u00e8tes qui r\u00e9pondent aux demandes uniques et aux sp\u00e9cifications de marque de votre entreprise distinctive. En saisissant l&rsquo;opportunit\u00e9 d&rsquo;\u00e9lever votre magasin WooCommerce avec cet outil extraordinaire, vous renforcez efficacement vos taux de r\u00e9tention de la client\u00e8le et renforcez ainsi le succ\u00e8s de votre entreprise.<\/p>\n","protected":false},"featured_media":144750,"comment_status":"open","ping_status":"open","template":"","meta":[],"product_brand":[2549],"product_cat":[1182,1223,1181],"product_tag":[2219],"class_list":{"0":"post-120600","1":"product","2":"type-product","3":"status-publish","4":"has-post-thumbnail","6":"product_brand-xl-plugins","7":"product_cat-commerce-electronique-plugins","8":"product_cat-personnalisation-commerce-electronique-plugins","9":"product_cat-plugins","10":"product_tag-xl-plugins","11":"member-discount","12":"discount-restricted","14":"first","15":"instock","16":"sale","17":"downloadable","18":"virtual","19":"sold-individually","20":"purchasable","21":"product-type-simple"},"_links":{"self":[{"href":"https:\/\/gpl-love.com\/fr\/wp-json\/wp\/v2\/product\/120600","targetHints":{"allow":["GET"]}}],"collection":[{"href":"https:\/\/gpl-love.com\/fr\/wp-json\/wp\/v2\/product"}],"about":[{"href":"https:\/\/gpl-love.com\/fr\/wp-json\/wp\/v2\/types\/product"}],"replies":[{"embeddable":true,"href":"https:\/\/gpl-love.com\/fr\/wp-json\/wp\/v2\/comments?post=120600"}],"wp:featuredmedia":[{"embeddable":true,"href":"https:\/\/gpl-love.com\/fr\/wp-json\/wp\/v2\/media\/144750"}],"wp:attachment":[{"href":"https:\/\/gpl-love.com\/fr\/wp-json\/wp\/v2\/media?parent=120600"}],"wp:term":[{"taxonomy":"product_brand","embeddable":true,"href":"https:\/\/gpl-love.com\/fr\/wp-json\/wp\/v2\/product_brand?post=120600"},{"taxonomy":"product_cat","embeddable":true,"href":"https:\/\/gpl-love.com\/fr\/wp-json\/wp\/v2\/product_cat?post=120600"},{"taxonomy":"product_tag","embeddable":true,"href":"https:\/\/gpl-love.com\/fr\/wp-json\/wp\/v2\/product_tag?post=120600"}],"curies":[{"name":"wp","href":"https:\/\/api.w.org\/{rel}","templated":true}]}}