{"id":120598,"date":"2025-08-03T00:00:00","date_gmt":"2025-08-02T22:00:00","guid":{"rendered":"https:\/\/gpl-love.com\/fr\/produit\/wpforms-form-pages\/"},"modified":"2026-03-20T23:51:26","modified_gmt":"2026-03-20T22:51:26","slug":"wpforms-form-pages","status":"publish","type":"product","link":"https:\/\/gpl-love.com\/fr\/produit\/wpforms-form-pages\/","title":{"rendered":"WPForms Form Pages 1.11.0"},"content":{"rendered":"<h3>WPForms Form Pages Traits<\/h3>\n<p>WPForms Form Pages est un outil exceptionnellement robuste qui offre aux propri\u00e9taires de sites Web et aux d\u00e9veloppeurs la capacit\u00e9 remarquable de cr\u00e9er et de personnaliser sans effort des formulaires pour leurs sites Web de mani\u00e8re transparente. Avec son interface de glisser-d\u00e9poser incroyablement intuitive, cet outil est remarquablement convivial, ce qui le rend facilement accessible aux utilisateurs de tout contexte technique, quel que soit leur niveau de comp\u00e9tence. Ce logiciel extraordinaire offre une vaste gamme d&rsquo;options de personnalisation, englobant l&rsquo;utilisation de mod\u00e8les pr\u00e9d\u00e9finis, de champs avanc\u00e9s et de logique conditionnelle, qui servent tous \u00e0 vous aider \u00e0 cr\u00e9er la forme parfaite qui r\u00e9pond \u00e0 vos exigences et pr\u00e9f\u00e9rences uniques. Les formulaires g\u00e9n\u00e9r\u00e9s via les pages de formulaires WPFORMS pr\u00e9sentent une caract\u00e9ristique frappante d&rsquo;\u00eatre r\u00e9actif mobile, garantissant ainsi que vos utilisateurs estim\u00e9s peuvent facilement acc\u00e9der et soumettre m\u00e9ticuleusement leurs r\u00e9ponses, quel que soit l&rsquo;appareil qu&rsquo;ils choisissent d&#8217;employer. De plus, ce logiciel exceptionnel s&rsquo;int\u00e8gre de mani\u00e8re transparente avec une myriade d&rsquo;outils de marketing par e-mail et de passerelles de paiement populaires, lui accordant ainsi le statut convoit\u00e9 d&rsquo;\u00eatre une solution tout compris pour diverses entreprises et organisations. Sans aucun doute, les pages de formulaires WPForms sont sans \u00e9quivoque un choix impeccable pour les personnes qui recherchent une approche rationalis\u00e9e et sans effort pour fabriquer et g\u00e9rer efficacement les formulaires sur leur site Web estim\u00e9.<\/p>\n<ul>\n<li>Formateur de formulaire facile \u00e0 utiliser pour cr\u00e9er des pages de formulaires personnalis\u00e9es sur votre site Web WordPress<\/li>\n<li>Interface de glisser-d\u00e9poser avec des mod\u00e8les et des formulaires pr\u00e9d\u00e9finis<\/li>\n<li>La conception r\u00e9active garantit une exp\u00e9rience utilisateur optimale sur n&rsquo;importe quel appareil<\/li>\n<li>S&rsquo;int\u00e8gre aux plateformes de marketing par e-mail populaires, aux CRM et aux passerelles de paiement<\/li>\n<li>Fonctionnalit\u00e9s avanc\u00e9es comme la logique conditionnelle, les soumissions de formulaires multiples et les t\u00e9l\u00e9chargements de fichiers<\/li>\n<li>Prot\u00e8ge contre le spam avec un recaptcha int\u00e9gr\u00e9 et un pot de miel<\/li>\n<li>Surveillance de l&rsquo;entr\u00e9e de formulaire en temps r\u00e9el et gestion des donn\u00e9es<\/li>\n<li>Aucun codage requis, parfait pour les d\u00e9butants ou les propri\u00e9taires de sites Web exp\u00e9riment\u00e9s<\/li>\n<li>Des formulaires illimit\u00e9s avec des tarifs flexibles pr\u00e9voient de s&rsquo;adapter \u00e0 n&rsquo;importe quel budget<\/li>\n<li>Mises \u00e0 jour gratuites et soutien gratuits inclus.<\/li>\n<\/ul>\n","protected":false},"excerpt":{"rendered":"<p>WPForms Form Pages est un logiciel incroyable qui vous permet de concevoir sans effort des formes en ligne exquises et sophistiqu\u00e9es. Cet outil remarquablement convivial \u00e9limine le besoin d&rsquo;expertise de codage car il vous permet de construire des formulaires de contact, d&rsquo;enqu\u00eate, d&rsquo;enregistrement et bien plus encore. La vaste gamme de mod\u00e8les et d&rsquo;alternatives de personnalisation disponibles vous permet de vous assurer que vos formulaires s&rsquo;alignent parfaitement avec votre identit\u00e9 de marque, tout en facilitant simultan\u00e9ment la collecte de donn\u00e9es essentielles. De plus, l&rsquo;int\u00e9gration transparente des pages de formulaires WPFORMS avec des plateformes de marketing par e-mail renomm\u00e9es et des logiciels CRM lui rend une ressource indispensable pour les entreprises et les organisations de toutes sortes.<\/p>\n","protected":false},"featured_media":146259,"comment_status":"open","ping_status":"open","template":"","meta":[],"product_brand":[2724],"product_cat":[1189,1181,1186],"product_tag":[1415],"class_list":{"0":"post-120598","1":"product","2":"type-product","3":"status-publish","4":"has-post-thumbnail","6":"product_brand-wp-forms","7":"product_cat-personnalisation","8":"product_cat-plugins","9":"product_cat-wordpress-plugins","10":"product_tag-wp-forms","11":"member-discount","12":"discount-restricted","14":"first","15":"instock","16":"sale","17":"downloadable","18":"virtual","19":"sold-individually","20":"purchasable","21":"product-type-simple"},"_links":{"self":[{"href":"https:\/\/gpl-love.com\/fr\/wp-json\/wp\/v2\/product\/120598","targetHints":{"allow":["GET"]}}],"collection":[{"href":"https:\/\/gpl-love.com\/fr\/wp-json\/wp\/v2\/product"}],"about":[{"href":"https:\/\/gpl-love.com\/fr\/wp-json\/wp\/v2\/types\/product"}],"replies":[{"embeddable":true,"href":"https:\/\/gpl-love.com\/fr\/wp-json\/wp\/v2\/comments?post=120598"}],"wp:featuredmedia":[{"embeddable":true,"href":"https:\/\/gpl-love.com\/fr\/wp-json\/wp\/v2\/media\/146259"}],"wp:attachment":[{"href":"https:\/\/gpl-love.com\/fr\/wp-json\/wp\/v2\/media?parent=120598"}],"wp:term":[{"taxonomy":"product_brand","embeddable":true,"href":"https:\/\/gpl-love.com\/fr\/wp-json\/wp\/v2\/product_brand?post=120598"},{"taxonomy":"product_cat","embeddable":true,"href":"https:\/\/gpl-love.com\/fr\/wp-json\/wp\/v2\/product_cat?post=120598"},{"taxonomy":"product_tag","embeddable":true,"href":"https:\/\/gpl-love.com\/fr\/wp-json\/wp\/v2\/product_tag?post=120598"}],"curies":[{"name":"wp","href":"https:\/\/api.w.org\/{rel}","templated":true}]}}