{"id":120596,"date":"2025-11-10T00:00:00","date_gmt":"2025-11-09T23:00:00","guid":{"rendered":"https:\/\/gpl-love.com\/fr\/produit\/wpforms-form-abandonment\/"},"modified":"2026-03-20T23:51:24","modified_gmt":"2026-03-20T22:51:24","slug":"wpforms-form-abandonment","status":"publish","type":"product","link":"https:\/\/gpl-love.com\/fr\/produit\/wpforms-form-abandonment\/","title":{"rendered":"WPForms Form Abandonment 1.13.0"},"content":{"rendered":"<h3>WPForms Form Abandonment Traits<\/h3>\n<p>Le formulaire WPFORMS est offert un \u00e9ventail impressionnant de capacit\u00e9s qui permettent aux propri\u00e9taires de sites Web de minimiser efficacement les cas o\u00f9 les individus abandonnent leurs formulaires avant la soumission. Ceci est r\u00e9alis\u00e9 gr\u00e2ce \u00e0 sa pr\u00e9servation automatique des donn\u00e9es de formulaire car les utilisateurs remplissent avec diligence les champs requis, leur permettant ainsi de reprendre facilement leurs progr\u00e8s s&rsquo;ils sont confront\u00e9s \u00e0 toute interruption ou n\u00e9cessitent un bref r\u00e9pit. Une telle caract\u00e9ristique contribue ind\u00e9niablement \u00e0 une probabilit\u00e9 accrue d&rsquo;ach\u00e8vement du formulaire et am\u00e9liore ensuite l&rsquo;exp\u00e9rience utilisateur globale. En outre, l&rsquo;abandon du formulaire WPFORMS facilite l&rsquo;acquisition de connaissances inestimables sur les taux et les r\u00e9partions associ\u00e9s \u00e0 l&rsquo;abandon de la forme, ce qui permet aux propri\u00e9taires de sites Web avec la capacit\u00e9 d&rsquo;optimiser leurs formes de r\u00e9sultats sup\u00e9rieurs. Compte tenu de son interface remarquablement conviviale et de la formidable gamme de fonctionnalit\u00e9s qu&rsquo;il propose, l&rsquo;abandon WPFORMS se pr\u00e9sente incontestablement comme un atout indispensable pour tout propri\u00e9taire de site Web consciencieux s&rsquo;effor\u00e7ant d&rsquo;augmenter leurs taux de conversion de forme.<\/p>\n<ul>\n<li>Suit le comportement des visiteurs qui quittent vos formulaires avant de les soumettre<\/li>\n<li>Capture les donn\u00e9es que les visiteurs ont entr\u00e9es avant d&rsquo;abandonner le formulaire<\/li>\n<li>Fournit un aper\u00e7u des raisons courantes de l&rsquo;abandon des formulaires, vous aidant \u00e0 am\u00e9liorer vos formulaires<\/li>\n<li>Facilite le suivi avec les visiteurs qui ont abandonn\u00e9 les formes, augmentant les chances de conversion<\/li>\n<li>Int\u00e9gre parfaitement avec WPForms et autres constructeurs de formulaires populaires<\/li>\n<li>Offre des param\u00e8tres et notifications personnalisables pour r\u00e9pondre \u00e0 vos besoins et pr\u00e9f\u00e9rences<\/li>\n<li>Vous aide \u00e0 optimiser le taux de conversion de votre site Web en abordant la question de l&rsquo;abandon de la forme<\/li>\n<\/ul>\n","protected":false},"excerpt":{"rendered":"<p>Le formulaire de WPFORMS est un outil incroyablement puissant et efficace m\u00e9ticuleusement con\u00e7u pour aider les propri\u00e9taires de sites Web \u00e0 att\u00e9nuer consid\u00e9rablement les taux d&rsquo;abandon de forme. Il vous permet de surveiller et de scruter m\u00e9ticuleusement le comportement des utilisateurs sur toutes vos formulaires, ce qui vous permet de rassembler des informations inestimables telles que la dur\u00e9e que les utilisateurs d\u00e9pensent pour des champs individuels, ainsi que la fr\u00e9quence des soumissions de formulaires incompl\u00e8tes. Arm\u00e9s de ces informations inestimables, vous pouvez optimiser strat\u00e9giquement vos formulaires pour am\u00e9liorer leur convivialit\u00e9, les rendre consid\u00e9rablement moins sensibles \u00e0 l&rsquo;abandon. Cet outil exceptionnellement convivial est un atout indispensable pour toute personne qui cherche \u00e0 \u00e9lever consid\u00e9rablement les taux de conversion associ\u00e9s aux formulaires de son site Web.<\/p>\n","protected":false},"featured_media":146257,"comment_status":"open","ping_status":"open","template":"","meta":[],"product_brand":[2724],"product_cat":[1207,1181,1186],"product_tag":[1415],"class_list":{"0":"post-120596","1":"product","2":"type-product","3":"status-publish","4":"has-post-thumbnail","6":"product_brand-wp-forms","7":"product_cat-commercialisation-wordpress-plugins","8":"product_cat-plugins","9":"product_cat-wordpress-plugins","10":"product_tag-wp-forms","11":"member-discount","12":"discount-restricted","14":"first","15":"instock","16":"sale","17":"downloadable","18":"virtual","19":"sold-individually","20":"purchasable","21":"product-type-simple"},"_links":{"self":[{"href":"https:\/\/gpl-love.com\/fr\/wp-json\/wp\/v2\/product\/120596","targetHints":{"allow":["GET"]}}],"collection":[{"href":"https:\/\/gpl-love.com\/fr\/wp-json\/wp\/v2\/product"}],"about":[{"href":"https:\/\/gpl-love.com\/fr\/wp-json\/wp\/v2\/types\/product"}],"replies":[{"embeddable":true,"href":"https:\/\/gpl-love.com\/fr\/wp-json\/wp\/v2\/comments?post=120596"}],"wp:featuredmedia":[{"embeddable":true,"href":"https:\/\/gpl-love.com\/fr\/wp-json\/wp\/v2\/media\/146257"}],"wp:attachment":[{"href":"https:\/\/gpl-love.com\/fr\/wp-json\/wp\/v2\/media?parent=120596"}],"wp:term":[{"taxonomy":"product_brand","embeddable":true,"href":"https:\/\/gpl-love.com\/fr\/wp-json\/wp\/v2\/product_brand?post=120596"},{"taxonomy":"product_cat","embeddable":true,"href":"https:\/\/gpl-love.com\/fr\/wp-json\/wp\/v2\/product_cat?post=120596"},{"taxonomy":"product_tag","embeddable":true,"href":"https:\/\/gpl-love.com\/fr\/wp-json\/wp\/v2\/product_tag?post=120596"}],"curies":[{"name":"wp","href":"https:\/\/api.w.org\/{rel}","templated":true}]}}