{"id":120594,"date":"2026-02-06T00:00:00","date_gmt":"2026-02-05T23:00:00","guid":{"rendered":"https:\/\/gpl-love.com\/fr\/produit\/wpforms-drip\/"},"modified":"2026-03-20T23:51:24","modified_gmt":"2026-03-20T22:51:24","slug":"wpforms-drip","status":"publish","type":"product","link":"https:\/\/gpl-love.com\/fr\/produit\/wpforms-drip\/","title":{"rendered":"WPForms Drip 1.11.0"},"content":{"rendered":"<h3>WPForms Drip Traits<\/h3>\n<p>WPFORMS DRIP est un outil d&rsquo;int\u00e9gration tr\u00e8s robuste qui connecte sans effort WPFORMS, qui est largement consid\u00e9r\u00e9 comme le premier constructeur de formulaires WordPress, avec DRIP, qui est le logiciel d&rsquo;automatisation du marketing par e-mail pr\u00e9\u00e9minent dans l&rsquo;industrie. Cet outil extraordinairement polyvalent permet aux utilisateurs la possibilit\u00e9 de g\u00e9n\u00e9rer de mani\u00e8re transparente des formulaires et des enqu\u00eates, de capturer efficacement des prospects et des contacts et de les incorporer automatiquement dans la vaste biblioth\u00e8que de campagnes et de flux de travail de Drip. En outre, WPForms Drip fournit \u00e9galement aux utilisateurs la capacit\u00e9 inestimable de segmenter leur liste de diffusion en fonction du comportement des utilisateurs et des r\u00e9ponses de formulaire, ce qui leur permet de forger des campagnes de messagerie plus intimement adapt\u00e9es et influentielles. En tirant parti des capacit\u00e9s de WPFORMS DRIP, les utilisateurs peuvent automatiser sans effort leurs efforts de marketing par e-mail, optimiser leur gestion du temps et finalement atteindre des r\u00e9sultats nettement sup\u00e9rieurs.<\/p>\n<ul>\n<li>WPForms Drip est un puissant outil de g\u00e9n\u00e9ration de leads qui aide les entreprises \u00e0 convertir les visiteurs du site Web en clients.<\/li>\n<li>Avec WPFORMS DRIP, vous pouvez cr\u00e9er des formulaires d&rsquo;opt-in pour conversion \u00e9lev\u00e9e qui capturent les prospects et les synchroniser automatiquement avec vos campagnes de marketing par e-mail \u00e0 goutte \u00e0 goutte.<\/li>\n<li>L&rsquo;outil est incroyablement convivial et ne n\u00e9cessite aucune connaissance de codage, ce qui facilite la cr\u00e9ation d&rsquo;une forme belle et fonctionnelle en quelques minutes.<\/li>\n<li>WPForms Drip propose une gamme de mod\u00e8les de formulaire con\u00e7us pour augmenter les conversions, y compris les formulaires en plusieurs \u00e9tapes, les formulaires d&rsquo;enqu\u00eate et les fen\u00eatres contextuelles de sortie.<\/li>\n<li>Vous pouvez int\u00e9grer WPForms DRIP avec des services de marketing par e-mail populaires comme Constant Contact, Aweber et MailChimp pour automatiser vos efforts de d\u00e9veloppement.<\/li>\n<li>Des fonctionnalit\u00e9s avanc\u00e9es comme la logique conditionnelle vous permettent de personnaliser vos formulaires afin qu&rsquo;ils affichent diff\u00e9rentes questions ou champs en fonction des r\u00e9ponses d&rsquo;un utilisateur.<\/li>\n<li>WPForms Drip propose des options de personnalisation approfondies, vous permettant de marquer vos formulaires pour correspondre \u00e0 votre site Web et \u00e0 choisir parmi une gamme de polices, de couleurs et de styles.<\/li>\n<li>L&rsquo;outil offre une int\u00e9gration transparente avec des sites WordPress et est enti\u00e8rement r\u00e9actif, garantissant que vos formulaires sont superbes sur tous les appareils.<\/li>\n<li>WPForms Drip propose \u00e9galement des outils de rapports et d&rsquo;analyse robustes, vous permettant de suivre les soumissions de formulaires, les taux de conversion, etc.<\/li>\n<li>Que vous cherchiez \u00e0 cr\u00e9er votre liste de diffusion, \u00e0 g\u00e9n\u00e9rer plus de ventes ou \u00e0 am\u00e9liorer l&rsquo;engagement de votre utilisateur, WPFORMS DRIP est un outil puissant qui peut vous aider \u00e0 atteindre vos objectifs de marketing.<\/li>\n<\/ul>\n","protected":false},"excerpt":{"rendered":"<p>WPForms Drip, un plugin de cr\u00e9ation de formulaires de pointe, pr\u00e9sente une solution innovante qui permet aux utilisateurs la possibilit\u00e9 de g\u00e9n\u00e9rer sans effort des formulaires de contact personnalis\u00e9s et de les int\u00e9grer de mani\u00e8re transparente dans leurs campagnes de marketing par e-mail \u00e0 goutte \u00e0 goutte. Ce plugin facilite l&rsquo;accumulation de donn\u00e9es clients inestimables, la r\u00e9partition des e-mails cibl\u00e9s et la surveillance de l&rsquo;efficacit\u00e9 de la campagne dans un emplacement centralis\u00e9. Notamment, l&rsquo;interface de glisser-d\u00e9poser conviviale simplifie la cr\u00e9ation de formulaires qui s&rsquo;alignent avec l&rsquo;esth\u00e9tique de votre marque, tandis que l&rsquo;inclusion de fonctionnalit\u00e9s avanc\u00e9es, telles que la logique conditionnelle, les formes multi-pages et la protection des spams, garantit l&rsquo;acquisition de donn\u00e9es essentielles. WPForms Drip appara\u00eet comme la r\u00e9solution id\u00e9ale pour les entreprises couvrant toutes les \u00e9chelles, s&rsquo;effor\u00e7ant d&rsquo;optimiser leurs efforts de g\u00e9n\u00e9ration de leads et de marketing par e-mail.<\/p>\n","protected":false},"featured_media":146256,"comment_status":"open","ping_status":"open","template":"","meta":[],"product_brand":[2724],"product_cat":[1207,1181,1186],"product_tag":[1415],"class_list":{"0":"post-120594","1":"product","2":"type-product","3":"status-publish","4":"has-post-thumbnail","6":"product_brand-wp-forms","7":"product_cat-commercialisation-wordpress-plugins","8":"product_cat-plugins","9":"product_cat-wordpress-plugins","10":"product_tag-wp-forms","11":"member-discount","12":"discount-restricted","14":"first","15":"instock","16":"sale","17":"downloadable","18":"virtual","19":"sold-individually","20":"purchasable","21":"product-type-simple"},"_links":{"self":[{"href":"https:\/\/gpl-love.com\/fr\/wp-json\/wp\/v2\/product\/120594","targetHints":{"allow":["GET"]}}],"collection":[{"href":"https:\/\/gpl-love.com\/fr\/wp-json\/wp\/v2\/product"}],"about":[{"href":"https:\/\/gpl-love.com\/fr\/wp-json\/wp\/v2\/types\/product"}],"replies":[{"embeddable":true,"href":"https:\/\/gpl-love.com\/fr\/wp-json\/wp\/v2\/comments?post=120594"}],"wp:featuredmedia":[{"embeddable":true,"href":"https:\/\/gpl-love.com\/fr\/wp-json\/wp\/v2\/media\/146256"}],"wp:attachment":[{"href":"https:\/\/gpl-love.com\/fr\/wp-json\/wp\/v2\/media?parent=120594"}],"wp:term":[{"taxonomy":"product_brand","embeddable":true,"href":"https:\/\/gpl-love.com\/fr\/wp-json\/wp\/v2\/product_brand?post=120594"},{"taxonomy":"product_cat","embeddable":true,"href":"https:\/\/gpl-love.com\/fr\/wp-json\/wp\/v2\/product_cat?post=120594"},{"taxonomy":"product_tag","embeddable":true,"href":"https:\/\/gpl-love.com\/fr\/wp-json\/wp\/v2\/product_tag?post=120594"}],"curies":[{"name":"wp","href":"https:\/\/api.w.org\/{rel}","templated":true}]}}