{"id":120592,"date":"2025-11-14T00:00:00","date_gmt":"2025-11-13T23:00:00","guid":{"rendered":"https:\/\/gpl-love.com\/fr\/produit\/wpforms-conversational-forms\/"},"modified":"2026-03-20T23:51:22","modified_gmt":"2026-03-20T22:51:22","slug":"wpforms-conversational-forms","status":"publish","type":"product","link":"https:\/\/gpl-love.com\/fr\/produit\/wpforms-conversational-forms\/","title":{"rendered":"WPForms Conversational Forms 1.19.0"},"content":{"rendered":"<h3>WPForms Conversational Forms Traits<\/h3>\n<p>WPForms Conversational Forms est un outil incroyablement puissant qui offre la capacit\u00e9 de g\u00e9n\u00e9rer sans effort des formulaires non seulement intuitifs mais aussi captivants sur votre site Web. En utilisant ce plugin, vous pouvez cr\u00e9er de mani\u00e8re transparente des formes conversationnelles qui d\u00e9gagent une sensation naturelle et conviviale, guidant de mani\u00e8re experte vos utilisateurs tout au long du processus. Que vous ayez besoin d&rsquo;un formulaire de contact simple ou d&rsquo;une enqu\u00eate plus complexe, les formulaires conversationnels WPForms vous ont couvert avec ses mod\u00e8les remarquablement adaptables et son constructeur de glisser-d\u00e9poser incroyablement convivial. Ce plugin a \u00e9t\u00e9 m\u00e9ticuleusement con\u00e7u pour optimiser les conversions et am\u00e9liorer l&rsquo;engagement des utilisateurs, s&rsquo;\u00e9tablissant ainsi comme un outil indispensable pour tout propri\u00e9taire de site Web qui souhaite rationaliser ses formulaires et \u00e9lever l&rsquo;exp\u00e9rience utilisateur globale. Si votre objectif est de g\u00e9n\u00e9rer des formulaires \u00e0 la fois engageants et interactifs, ceux que les utilisateurs savoureront vraiment, alors ne cherchent pas plus loin que les formes conversationnelles WPForms, car il se pr\u00e9sente ind\u00e9niablement comme une solution par excellence pour vous.<\/p>\n<ul>\n<li>Am\u00e9liore l&rsquo;engagement des utilisateurs en fournissant une approche conversationnelle pour le remplissage<\/li>\n<li>Permet aux utilisateurs de remplir les formulaires plus rapidement et avec plus de facilit\u00e9<\/li>\n<li>Offre une exp\u00e9rience conviviale pour les utilisateurs<\/li>\n<li>Caract\u00e9ristiques des options de personnalisation avanc\u00e9es, y compris la marque et le style personnalis\u00e9s<\/li>\n<li>Offre des notifications en temps r\u00e9el pour les utilisateurs et les administrateurs<\/li>\n<li>Fournit des options de validation pour assurer une saisie pr\u00e9cise de donn\u00e9es<\/li>\n<li>S&rsquo;int\u00e8gre \u00e0 des plateformes populaires telles que Zapier et Salesforce<\/li>\n<li>Offre des outils d&rsquo;analyse et de rapport pour suivre les performances du formulaire et le comportement des utilisateurs<\/li>\n<li>Fournit une prise en charge de plusieurs langues et dialectes<\/li>\n<li>Livr\u00e9 avec une gamme de mod\u00e8les de forme conversationnelle pr\u00e9d\u00e9finis pour une configuration facile.<\/li>\n<\/ul>\n","protected":false},"excerpt":{"rendered":"<p>WPForms Conversational Forms, un produit de pointe, a \u00e9t\u00e9 m\u00e9ticuleusement con\u00e7u pour \u00e9lever l&rsquo;exp\u00e9rience utilisateur de votre site Web gr\u00e2ce \u00e0 la facilitation des dialogues en langage naturel entre les visiteurs. En raison de son interface de style chat intuitif, les formes conversationnelles \u00e9liminent efficacement la t\u00e2che ardue de remplir des formes \u00e9tendues et monotones, ce qui permet aux utilisateurs de fournir sans effort les informations requises. De plus, ce produit poss\u00e8de un niveau d&rsquo;adaptabilit\u00e9 exceptionnel, vous offrant la possibilit\u00e9 d&rsquo;adapter la conversation \u00e0 vos pr\u00e9f\u00e9rences et demandes uniques, et \u00e0 assurer un alignement transparent avec la voix et le ton distincts de votre marque. Tirant parti des capacit\u00e9s remarquables des formes conversationnelles WPForms, vous pourrez rationaliser vos interactions en ligne, am\u00e9liorer la satisfaction des clients et catalyser un afflux de prospects pour votre entreprise.<\/p>\n","protected":false},"featured_media":146254,"comment_status":"open","ping_status":"open","template":"","meta":[],"product_brand":[2724],"product_cat":[1189,1181,1186],"product_tag":[1415],"class_list":{"0":"post-120592","1":"product","2":"type-product","3":"status-publish","4":"has-post-thumbnail","6":"product_brand-wp-forms","7":"product_cat-personnalisation","8":"product_cat-plugins","9":"product_cat-wordpress-plugins","10":"product_tag-wp-forms","11":"member-discount","12":"discount-restricted","14":"first","15":"instock","16":"sale","17":"downloadable","18":"virtual","19":"sold-individually","20":"purchasable","21":"product-type-simple"},"_links":{"self":[{"href":"https:\/\/gpl-love.com\/fr\/wp-json\/wp\/v2\/product\/120592","targetHints":{"allow":["GET"]}}],"collection":[{"href":"https:\/\/gpl-love.com\/fr\/wp-json\/wp\/v2\/product"}],"about":[{"href":"https:\/\/gpl-love.com\/fr\/wp-json\/wp\/v2\/types\/product"}],"replies":[{"embeddable":true,"href":"https:\/\/gpl-love.com\/fr\/wp-json\/wp\/v2\/comments?post=120592"}],"wp:featuredmedia":[{"embeddable":true,"href":"https:\/\/gpl-love.com\/fr\/wp-json\/wp\/v2\/media\/146254"}],"wp:attachment":[{"href":"https:\/\/gpl-love.com\/fr\/wp-json\/wp\/v2\/media?parent=120592"}],"wp:term":[{"taxonomy":"product_brand","embeddable":true,"href":"https:\/\/gpl-love.com\/fr\/wp-json\/wp\/v2\/product_brand?post=120592"},{"taxonomy":"product_cat","embeddable":true,"href":"https:\/\/gpl-love.com\/fr\/wp-json\/wp\/v2\/product_cat?post=120592"},{"taxonomy":"product_tag","embeddable":true,"href":"https:\/\/gpl-love.com\/fr\/wp-json\/wp\/v2\/product_tag?post=120592"}],"curies":[{"name":"wp","href":"https:\/\/api.w.org\/{rel}","templated":true}]}}