{"id":120590,"date":"2025-09-16T00:00:00","date_gmt":"2025-09-15T22:00:00","guid":{"rendered":"https:\/\/gpl-love.com\/fr\/produit\/wpforms-campaign-monitor\/"},"modified":"2026-03-20T23:51:20","modified_gmt":"2026-03-20T22:51:20","slug":"wpforms-campaign-monitor","status":"publish","type":"product","link":"https:\/\/gpl-love.com\/fr\/produit\/wpforms-campaign-monitor\/","title":{"rendered":"WPForms Campaign Monitor 1.4.0"},"content":{"rendered":"<h3>WPForms Campaign Monitor Traits<\/h3>\n<p>L&rsquo;int\u00e9gration WPForms Campaign Monitor est un outil robuste et tr\u00e8s comp\u00e9tent qui permet la connexion transparente entre votre compte WPFORMS et le moniteur de campagne. Cette int\u00e9gration offre une pl\u00e9thore d&rsquo;avantages, vous permettant de g\u00e9n\u00e9rer sans effort des campagnes d&rsquo;e-mail attrayantes visuellement et tr\u00e8s efficaces directement \u00e0 partir de votre compte WPFORMS. De plus, il donne \u00e9galement acc\u00e8s \u00e0 des fonctionnalit\u00e9s avanc\u00e9es telles que l&rsquo;automatisation, la segmentation et l&rsquo;analyse, qui contribuent toutes \u00e0 am\u00e9liorer la qualit\u00e9 et l&rsquo;impact de vos campagnes, ainsi que la promotion d&rsquo;un plus grand engagement avec votre public cible. Que vous soyez un propri\u00e9taire de petite entreprise, un marketing ou un blogueur, WPFORMs Campaign Monitor est une ressource inestimable qui peut rationaliser consid\u00e9rablement vos efforts de marketing par e-mail et fournir des r\u00e9sultats sup\u00e9rieurs. Par cons\u00e9quent, si vous \u00eates \u00e0 la recherche d&rsquo;une solution de marketing par e-mail \u00e0 la fois commandant et conviviale, WPFORMS Campaign Monitor devrait sans aucun doute \u00eatre en haut de votre liste.<\/p>\n<ul>\n<li>Int\u00e9gration facile de WPFORMS avec moniteur de campagne<\/li>\n<li>Synchronise automatiquement les nouvelles soumissions de formulaires avec votre compte de moniteur de campagne<\/li>\n<li>Notifications par e-mail personnalisables pour les soumissions de nouveaux formulaires<\/li>\n<li>Option pour ajouter des abonn\u00e9s \u00e0 des listes de courriels de moniteur de campagne sp\u00e9cifiques<\/li>\n<li>Suivi en temps r\u00e9el des soumissions de formulaires et des performances de la campagne par e-mail<\/li>\n<li>Interface conviviale pour g\u00e9rer les soumissions de formulaires et les campagnes par e-mail<\/li>\n<li>Documentation compl\u00e8te et support client pour le d\u00e9pannage et l&rsquo;assistance.<\/li>\n<\/ul>\n","protected":false},"excerpt":{"rendered":"<p>L&rsquo;int\u00e9gration de WPForms et Campaign Monitor est un outil extr\u00eamement robuste qui vous offre la possibilit\u00e9 de collecter sans effort des donn\u00e9es via vos formulaires en ligne et de transmettre rapidement ces donn\u00e9es \u00e0 votre plateforme de marketing par e-mail de moniteur de campagne. En facilitant cette int\u00e9gration, vous pouvez \u00e9conomiser un temps important en \u00e9vitant la n\u00e9cessit\u00e9 d&rsquo;importer manuellement les donn\u00e9es de votre formulaire. Par cons\u00e9quent, cela garantit que vos listes de contacts restent perp\u00e9tuellement \u00e0 jour, rationalisant ainsi vos processus. En outre, avec l&rsquo;inclusion d&rsquo;options de personnalisation avanc\u00e9es et de puissantes fonctionnalit\u00e9s de rapport, vous avez la possibilit\u00e9 de surveiller sans effort les progr\u00e8s de vos campagnes par e-mail et d&rsquo;\u00e9valuer les taux d&rsquo;engagement. De plus, cette int\u00e9gration vous permet de construire des campagnes de messagerie cibl\u00e9es fond\u00e9es sur les donn\u00e9es des utilisateurs, am\u00e9liorant ainsi vos efforts de marketing de fa\u00e7on exponentielle. Ne perdez pas de temps et vous lancez dans votre voyage vers l&rsquo;\u00e9l\u00e9vation de vos prouesses de marketing par e-mail en adoptant facilement l&rsquo;int\u00e9gration de WPForms Campaign Monitor.<\/p>\n","protected":false},"featured_media":146253,"comment_status":"open","ping_status":"open","template":"","meta":[],"product_brand":[2724],"product_cat":[1207,1181,1186],"product_tag":[1415],"class_list":{"0":"post-120590","1":"product","2":"type-product","3":"status-publish","4":"has-post-thumbnail","6":"product_brand-wp-forms","7":"product_cat-commercialisation-wordpress-plugins","8":"product_cat-plugins","9":"product_cat-wordpress-plugins","10":"product_tag-wp-forms","11":"member-discount","12":"discount-restricted","14":"first","15":"instock","16":"sale","17":"downloadable","18":"virtual","19":"sold-individually","20":"purchasable","21":"product-type-simple"},"_links":{"self":[{"href":"https:\/\/gpl-love.com\/fr\/wp-json\/wp\/v2\/product\/120590","targetHints":{"allow":["GET"]}}],"collection":[{"href":"https:\/\/gpl-love.com\/fr\/wp-json\/wp\/v2\/product"}],"about":[{"href":"https:\/\/gpl-love.com\/fr\/wp-json\/wp\/v2\/types\/product"}],"replies":[{"embeddable":true,"href":"https:\/\/gpl-love.com\/fr\/wp-json\/wp\/v2\/comments?post=120590"}],"wp:featuredmedia":[{"embeddable":true,"href":"https:\/\/gpl-love.com\/fr\/wp-json\/wp\/v2\/media\/146253"}],"wp:attachment":[{"href":"https:\/\/gpl-love.com\/fr\/wp-json\/wp\/v2\/media?parent=120590"}],"wp:term":[{"taxonomy":"product_brand","embeddable":true,"href":"https:\/\/gpl-love.com\/fr\/wp-json\/wp\/v2\/product_brand?post=120590"},{"taxonomy":"product_cat","embeddable":true,"href":"https:\/\/gpl-love.com\/fr\/wp-json\/wp\/v2\/product_cat?post=120590"},{"taxonomy":"product_tag","embeddable":true,"href":"https:\/\/gpl-love.com\/fr\/wp-json\/wp\/v2\/product_tag?post=120590"}],"curies":[{"name":"wp","href":"https:\/\/api.w.org\/{rel}","templated":true}]}}