{"id":120578,"date":"2025-10-30T00:00:00","date_gmt":"2025-10-29T23:00:00","guid":{"rendered":"https:\/\/gpl-love.com\/fr\/produit\/woocommerce-attribute-swatches\/"},"modified":"2026-04-20T00:30:36","modified_gmt":"2026-04-19T22:30:36","slug":"woocommerce-attribute-swatches","status":"publish","type":"product","link":"https:\/\/gpl-love.com\/fr\/produit\/woocommerce-attribute-swatches\/","title":{"rendered":"WooCommerce Attribute Swatches 1.21.1"},"content":{"rendered":"<h3>WooCommerce Attribute Swatches Traits<\/h3>\n<p>Les \u00e9chantillons d&rsquo;attribut WooCommerce sont un produit incroyablement robuste et efficace qui offre aux propri\u00e9taires de magasins en ligne la possibilit\u00e9 de g\u00e9n\u00e9rer et de pr\u00e9senter sans effort des \u00e9chantillons visuellement \u00e9poustouflants pour leurs variations de produits. Gr\u00e2ce \u00e0 l&rsquo;utilisation de ce plugin remarquable, les clients sont en mesure de naviguer de mani\u00e8re transparente et rapide et de choisir les options de produit souhait\u00e9es en s\u00e9lectionnant simplement l&rsquo;\u00e9chantillon correspondant. Cela amplifie et am\u00e9liore non seulement l&rsquo;exp\u00e9rience utilisateur, mais augmente \u00e9galement consid\u00e9rablement l&rsquo;esth\u00e9tique et l&rsquo;ambiance globales d&rsquo;un site Web. De plus, les \u00e9chantillons d&rsquo;attribut WooCommerce sont remarquablement adaptables et polyvalents, permettant aux propri\u00e9taires de magasins de mode qui s&rsquo;aligne impeccablement avec la palette et le style de couleurs distinctifs de leur marque. Il va sans dire que ce plugin particulier est une n\u00e9cessit\u00e9 absolue pour tout magasin WooCommerce qui aspire \u00e0 optimiser leur page de produit et \u00e0 offrir une exp\u00e9rience d&rsquo;achat in\u00e9gal\u00e9e et ininterrompue pour leurs clients estim\u00e9s.<\/p>\n<ul>\n<li>Afficher facilement les \u00e9chantillons d&rsquo;attribut pour vos produits WooCommerce<\/li>\n<li>Configuration rapide et facile sans aucun codage requis<\/li>\n<li>S\u00e9lectionnez parmi une grande vari\u00e9t\u00e9 d&rsquo;options d&rsquo;\u00e9chantillons de couleur et d&rsquo;image<\/li>\n<li>Am\u00e9liorer l&rsquo;exp\u00e9rience utilisateur et faciliter les clients de choisir le bon produit<\/li>\n<li>Compatible avec la plupart des th\u00e8mes et plugins WooCommerce<\/li>\n<li>Augmenter les ventes en pr\u00e9sentant les variations de produits d&rsquo;une mani\u00e8re attractive et intuitive<\/li>\n<li>Personnalisez vos \u00e9chantillons pour correspondre \u00e0 vos couleurs de marque ou de produit<\/li>\n<li>Am\u00e9liorer la visibilit\u00e9 des produits avec la possibilit\u00e9 d&rsquo;afficher des \u00e9chantillons sur les pages de produits, les pages de magasins et plus<\/li>\n<li>Mises \u00e0 jour gratuites et soutien \u00e0 la dur\u00e9e de vie du plugin<\/li>\n<\/ul>\n","protected":false},"excerpt":{"rendered":"<p>Faites passer votre magasin WooCommerce au niveau sup\u00e9rieur de sophistication et d&rsquo;attrait visuel en incorporant notre plugin d&rsquo;\u00e9chantillons d&rsquo;attribut de pointe! En exploitant la puissance de ce plugin remarquable, vous pourrez g\u00e9n\u00e9rer sans effort des attributs captivants pour votre gamme diversifi\u00e9e de variations de produits, le tout via l&rsquo;utilisation de sch\u00e9mas de couleurs vibrants, de frappe des images ou m\u00eame des \u00e9chantillons de texte captivants. Le r\u00e9sultat final? Une exp\u00e9rience d&rsquo;achat am\u00e9lior\u00e9e pour vos clients estim\u00e9s, car ils naviguent sans effort dans votre magasin et s\u00e9lectionnent rapidement la variation de produit souhait\u00e9e. De plus, notre plugin poss\u00e8de l&rsquo;avantage suppl\u00e9mentaire d&rsquo;une int\u00e9gration transparente et d&rsquo;une personnalisation facile, vous permettant de l&rsquo;adapter sans effort pour refl\u00e9ter la marque et l&rsquo;esth\u00e9tique uniques de votre magasin WooCommerce. Dites au revoir aux attributs de produit terne et sans int\u00e9r\u00eat et prenez la d\u00e9cision de r\u00e9volutionner votre magasin aujourd&rsquo;hui en embrassant l&rsquo;attrait ind\u00e9niable de notre plugin Swatches d&rsquo;attribut!<\/p>\n","protected":false},"featured_media":145809,"comment_status":"open","ping_status":"open","template":"","meta":[],"product_brand":[2572],"product_cat":[1189,1181,1186],"product_tag":[1587],"class_list":{"0":"post-120578","1":"product","2":"type-product","3":"status-publish","4":"has-post-thumbnail","6":"product_brand-iconic","7":"product_cat-personnalisation","8":"product_cat-plugins","9":"product_cat-wordpress-plugins","10":"product_tag-iconic","11":"member-discount","12":"discount-restricted","14":"first","15":"instock","16":"sale","17":"downloadable","18":"virtual","19":"sold-individually","20":"purchasable","21":"product-type-simple"},"_links":{"self":[{"href":"https:\/\/gpl-love.com\/fr\/wp-json\/wp\/v2\/product\/120578","targetHints":{"allow":["GET"]}}],"collection":[{"href":"https:\/\/gpl-love.com\/fr\/wp-json\/wp\/v2\/product"}],"about":[{"href":"https:\/\/gpl-love.com\/fr\/wp-json\/wp\/v2\/types\/product"}],"replies":[{"embeddable":true,"href":"https:\/\/gpl-love.com\/fr\/wp-json\/wp\/v2\/comments?post=120578"}],"wp:featuredmedia":[{"embeddable":true,"href":"https:\/\/gpl-love.com\/fr\/wp-json\/wp\/v2\/media\/145809"}],"wp:attachment":[{"href":"https:\/\/gpl-love.com\/fr\/wp-json\/wp\/v2\/media?parent=120578"}],"wp:term":[{"taxonomy":"product_brand","embeddable":true,"href":"https:\/\/gpl-love.com\/fr\/wp-json\/wp\/v2\/product_brand?post=120578"},{"taxonomy":"product_cat","embeddable":true,"href":"https:\/\/gpl-love.com\/fr\/wp-json\/wp\/v2\/product_cat?post=120578"},{"taxonomy":"product_tag","embeddable":true,"href":"https:\/\/gpl-love.com\/fr\/wp-json\/wp\/v2\/product_tag?post=120578"}],"curies":[{"name":"wp","href":"https:\/\/api.w.org\/{rel}","templated":true}]}}