{"id":120575,"date":"2023-05-19T00:00:00","date_gmt":"2023-05-18T22:00:00","guid":{"rendered":"https:\/\/gpl-love.com\/fr\/produit\/beaver-extender\/"},"modified":"2026-03-20T22:56:06","modified_gmt":"2026-03-20T21:56:06","slug":"beaver-extender","status":"publish","type":"product","link":"https:\/\/gpl-love.com\/fr\/produit\/beaver-extender\/","title":{"rendered":"Beaver Extender 1.2.4"},"content":{"rendered":"<h3>Beaver Extender Traits<\/h3>\n<p>Le Beaver Extender, un dispositif d&rsquo;entr\u00e9e technologiquement sup\u00e9rieur, sert \u00e0 optimiser les capacit\u00e9s de votre syst\u00e8me informatique. B\u00e9n\u00e9ficiant d&rsquo;une interface conviviale et incorporant des fonctionnalit\u00e9s de pointe, cet extenseur permet la connexion simultan\u00e9e de nombreux appareils p\u00e9riph\u00e9riques \u00e0 un port USB solitaire. Que vous vous trouviez absorb\u00e9 par une entreprise complexe ou que vous n\u00e9cessitiez simplement un transfert rapide de fichiers, le Beaver Extender est la solution consomm\u00e9e. Ses performances in\u00e9branlables et sa construction robuste en font un instrument indispensable pour les individus souhaitant accomplir leurs t\u00e2ches avec une efficacit\u00e9 et une efficacit\u00e9 maximales. Ainsi, si vous aspirez \u00e0 \u00e9lever votre exp\u00e9rience informatique \u00e0 des hauteurs sans pr\u00e9c\u00e9dent, acquisez l&rsquo;extension Beaver sans d\u00e9lai et savourez sa fonctionnalit\u00e9 et sa commodit\u00e9 incomparables.<\/p>\n<ul>\n<li>\u00c9tend la port\u00e9e de vos op\u00e9rations de pi\u00e9geage de castors<\/li>\n<li>Fabriqu\u00e9 \u00e0 partir de mat\u00e9riaux durables et de haute qualit\u00e9 pour une utilisation durable<\/li>\n<li>Facile \u00e0 utiliser et l\u00e9ger pour la portabilit\u00e9<\/li>\n<li>Augmente le taux de r\u00e9ussite dans le pi\u00e9geage des castors en vous permettant de d\u00e9finir des pi\u00e8ges dans des zones inaccessibles<\/li>\n<li>Parfait pour les trappeurs professionnels ou les amateurs de bricolage<\/li>\n<li>Peut \u00eatre utilis\u00e9 avec une vari\u00e9t\u00e9 de types de pi\u00e8ges et de tailles<\/li>\n<li>Aide \u00e0 r\u00e9duire le risque de blessures ou de dommages \u00e0 des biens en emp\u00eachant les trappeurs des zones dangereuses ou sensibles<\/li>\n<li>Solution rentable pour \u00e9tendre votre gamme de pi\u00e9geage sans acheter de pi\u00e8ges ou d&rsquo;\u00e9quipement suppl\u00e9mentaires<\/li>\n<\/ul>\n","protected":false},"excerpt":{"rendered":"<p>D\u00e9couvrez la commodit\u00e9 et l&rsquo;efficacit\u00e9 in\u00e9gal\u00e9es de l&rsquo;extenseur de castor. Cet outil innovant est con\u00e7u pour vous aider \u00e0 accomplir des t\u00e2ches sans effort et rapidement. Le Beaver Extender est parfait pour ces zones difficiles \u00e0 atteindre, ce qui en fait un ajout inestimable \u00e0 votre bo\u00eete \u00e0 outils. Son design robuste et durable assure des performances durables. \u00c9quip\u00e9e d&rsquo;une poign\u00e9e confortable et d&rsquo;une maniabilit\u00e9 facile, cet outil am\u00e9liore votre productivit\u00e9 et r\u00e9duit la tension. Le Beaver Extender n&rsquo;est pas seulement un outil, c&rsquo;est une solution \u00e0 vos d\u00e9fis quotidiens, ce qui en fait un incontournable pour chaque passionn\u00e9 de professionnel et de bricolage. Faire l&rsquo;exp\u00e9rience de la diff\u00e9rence avec l&rsquo;extenseur Beaver; Atteignez plus loin, travaillez plus intelligemment.<\/p>\n","protected":false},"featured_media":143228,"comment_status":"open","ping_status":"open","template":"","meta":[],"product_brand":[2469],"product_cat":[1189,1181,1186],"product_tag":[2246],"class_list":{"0":"post-120575","1":"product","2":"type-product","3":"status-publish","4":"has-post-thumbnail","6":"product_brand-cobalt-apps","7":"product_cat-personnalisation","8":"product_cat-plugins","9":"product_cat-wordpress-plugins","10":"product_tag-cobalt-apps","11":"member-discount","12":"discount-restricted","14":"first","15":"instock","16":"sale","17":"downloadable","18":"virtual","19":"sold-individually","20":"purchasable","21":"product-type-simple"},"_links":{"self":[{"href":"https:\/\/gpl-love.com\/fr\/wp-json\/wp\/v2\/product\/120575","targetHints":{"allow":["GET"]}}],"collection":[{"href":"https:\/\/gpl-love.com\/fr\/wp-json\/wp\/v2\/product"}],"about":[{"href":"https:\/\/gpl-love.com\/fr\/wp-json\/wp\/v2\/types\/product"}],"replies":[{"embeddable":true,"href":"https:\/\/gpl-love.com\/fr\/wp-json\/wp\/v2\/comments?post=120575"}],"wp:featuredmedia":[{"embeddable":true,"href":"https:\/\/gpl-love.com\/fr\/wp-json\/wp\/v2\/media\/143228"}],"wp:attachment":[{"href":"https:\/\/gpl-love.com\/fr\/wp-json\/wp\/v2\/media?parent=120575"}],"wp:term":[{"taxonomy":"product_brand","embeddable":true,"href":"https:\/\/gpl-love.com\/fr\/wp-json\/wp\/v2\/product_brand?post=120575"},{"taxonomy":"product_cat","embeddable":true,"href":"https:\/\/gpl-love.com\/fr\/wp-json\/wp\/v2\/product_cat?post=120575"},{"taxonomy":"product_tag","embeddable":true,"href":"https:\/\/gpl-love.com\/fr\/wp-json\/wp\/v2\/product_tag?post=120575"}],"curies":[{"name":"wp","href":"https:\/\/api.w.org\/{rel}","templated":true}]}}