{"id":120573,"date":"2021-12-13T00:00:00","date_gmt":"2021-12-12T23:00:00","guid":{"rendered":"https:\/\/gpl-love.com\/fr\/produit\/visual-elements-for-beaver-builder\/"},"modified":"2026-03-20T23:43:12","modified_gmt":"2026-03-20T22:43:12","slug":"visual-elements-for-beaver-builder","status":"publish","type":"product","link":"https:\/\/gpl-love.com\/fr\/produit\/visual-elements-for-beaver-builder\/","title":{"rendered":"Visual Elements For Beaver Builder 1.0.0"},"content":{"rendered":"<h3>Visual Elements For Beaver Builder Traits<\/h3>\n<p>Les \u00e9l\u00e9ments visuels pour Beaver Builder sont un outil incroyablement robuste et puissant qui aide de mani\u00e8re transparente dans la cr\u00e9ation de sites Web visuellement \u00e9poustouflants. Il permet aux individus en offrant une vaste gamme de mod\u00e8les et d&rsquo;\u00e9l\u00e9ments visuels pr\u00e9-con\u00e7us qui se pr\u00eatent sans effort \u00e0 la construction de votre site Web. Cet outil ing\u00e9nieux simplifie le processus d&rsquo;incorporation de boutons, de formulaires, de curseurs et de divers autres composants de conception dans votre site, tout au long du m\u00e9canisme convivial de la fonctionnalit\u00e9 de glisser-d\u00e9poser. Les mod\u00e8les pr\u00e9-con\u00e7us eux-m\u00eames offrent un degr\u00e9 de personnalisation \u00e9tonnant, vous permettant ainsi de les adapter finement \u00e0 s&rsquo;aligner sur votre identit\u00e9 de marque distinctive. Remarquablement convivial et accessible aux individus de tous niveaux, cet outil est une ressource inestimable qui vous fait gagner du temps et de l&rsquo;argent, annulant efficacement la n\u00e9cessit\u00e9 de faire appel aux services d&rsquo;un concepteur Web professionnel. Assez admirablement, les \u00e9l\u00e9ments visuels pour le constructeur de castors vous autorisent \u00e0 \u00e9laborer sans effort un site Web visuellement frappant qui se distingue de mani\u00e8re experte de la concurrence.<\/p>\n<ul>\n<li>\u00c9l\u00e9ments visuels accrocheurs pour une utilisation avec le plugin de constructeur de castors populaire<\/li>\n<li>Plus de 100 mod\u00e8les et modules pr\u00e9-con\u00e7us parmi lesquels choisir des heures de conception<\/li>\n<li>Int\u00e9gration facile avec Beaver Builder, permettant une personnalisation et un ajustement transparents<\/li>\n<li>Superbes graphiques et animations optimis\u00e9es pour un usage Web<\/li>\n<li>Support complet pour la conception r\u00e9active, garantir que vos pages sont superbes sur n&rsquo;importe quel appareil<\/li>\n<li>Mises \u00e0 jour r\u00e9guli\u00e8res et nouveaux designs ajout\u00e9s pour garder votre site frais et engageant<\/li>\n<li>Accessible aux concepteurs de tous niveaux de comp\u00e9tence, du d\u00e9butant \u00e0 l&rsquo;expert<\/li>\n<\/ul>\n","protected":false},"excerpt":{"rendered":"<p>Visual Elements for Beaver Builder est une compilation approfondie d&rsquo;\u00e9l\u00e9ments de conception dynamiques et personnalisables qui offrent aux utilisateurs de Beaver Builder la possibilit\u00e9 de cr\u00e9er sans effort des sites Web captivants visuellement. En offrant un vaste assortiment de modules, de lignes, de colonnes et de mod\u00e8les, les concepteurs et les d\u00e9veloppeurs ont la flexibilit\u00e9 d&rsquo;inclure des composants visuellement attrayants tels que les tables de tarification, les t\u00e9moignages, les accord\u00e9ons et les minuteries de compte \u00e0 rebours, entre autres. Le but du plugin Visual Elements for Beaver Builder est d&rsquo;\u00e9lever l&rsquo;ing\u00e9niosit\u00e9 et la productivit\u00e9 de la conception Web, en l&rsquo;\u00e9tablissant comme une ressource indispensable pour les concepteurs qui cherchent \u00e0 am\u00e9liorer leurs efforts de conception Web.<\/p>\n","protected":false},"featured_media":145725,"comment_status":"open","ping_status":"open","template":"","meta":[],"product_brand":[2435],"product_cat":[1189,1181,1186],"product_tag":[1231],"class_list":{"0":"post-120573","1":"product","2":"type-product","3":"status-publish","4":"has-post-thumbnail","6":"product_brand-codecanyon","7":"product_cat-personnalisation","8":"product_cat-plugins","9":"product_cat-wordpress-plugins","10":"product_tag-codecanyon","11":"member-discount","12":"discount-restricted","14":"first","15":"instock","16":"sale","17":"downloadable","18":"virtual","19":"sold-individually","20":"purchasable","21":"product-type-simple"},"_links":{"self":[{"href":"https:\/\/gpl-love.com\/fr\/wp-json\/wp\/v2\/product\/120573","targetHints":{"allow":["GET"]}}],"collection":[{"href":"https:\/\/gpl-love.com\/fr\/wp-json\/wp\/v2\/product"}],"about":[{"href":"https:\/\/gpl-love.com\/fr\/wp-json\/wp\/v2\/types\/product"}],"replies":[{"embeddable":true,"href":"https:\/\/gpl-love.com\/fr\/wp-json\/wp\/v2\/comments?post=120573"}],"wp:featuredmedia":[{"embeddable":true,"href":"https:\/\/gpl-love.com\/fr\/wp-json\/wp\/v2\/media\/145725"}],"wp:attachment":[{"href":"https:\/\/gpl-love.com\/fr\/wp-json\/wp\/v2\/media?parent=120573"}],"wp:term":[{"taxonomy":"product_brand","embeddable":true,"href":"https:\/\/gpl-love.com\/fr\/wp-json\/wp\/v2\/product_brand?post=120573"},{"taxonomy":"product_cat","embeddable":true,"href":"https:\/\/gpl-love.com\/fr\/wp-json\/wp\/v2\/product_cat?post=120573"},{"taxonomy":"product_tag","embeddable":true,"href":"https:\/\/gpl-love.com\/fr\/wp-json\/wp\/v2\/product_tag?post=120573"}],"curies":[{"name":"wp","href":"https:\/\/api.w.org\/{rel}","templated":true}]}}