{"id":120571,"date":"2021-12-13T00:00:00","date_gmt":"2021-12-12T23:00:00","guid":{"rendered":"https:\/\/gpl-love.com\/fr\/produit\/wallace-inline\/"},"modified":"2026-03-20T23:43:20","modified_gmt":"2026-03-20T22:43:20","slug":"wallace-inline","status":"publish","type":"product","link":"https:\/\/gpl-love.com\/fr\/produit\/wallace-inline\/","title":{"rendered":"Wallace Inline 2.3.0"},"content":{"rendered":"<h3>Wallace Inline Traits<\/h3>\n<p>Wallace Inline est un plugin WordPress incroyablement robuste et tr\u00e8s efficace qui vous offre la capacit\u00e9 exceptionnelle de modifier sans effort le contenu directement sur votre site Web. Gr\u00e2ce \u00e0 son interface de glisser-d\u00e9poser incroyablement conviviale et sans couture, vous \u00eates autoris\u00e9 \u00e0 apporter rapidement et efficacement les modifications au texte, aux images et \u00e0 une multitude d&rsquo;autres \u00e9l\u00e9ments, le tout sans avoir besoin de naviguer \u00e0 travers des menus complexes ou de basculer constamment entre diverses diverses \u00e9l\u00e9ments \u00e9crans. Que vous soyez un concepteur Web qualifi\u00e9, un d\u00e9veloppeur comp\u00e9tent ou m\u00eame un cr\u00e9ateur de contenu talentueux, Wallace Inline rationalise sans effort votre flux de travail, vous accordant la possibilit\u00e9 de collaborer de mani\u00e8re transparente avec les clients et les coll\u00e8gues. En offrant un assortiment de fonctionnalit\u00e9s remarquables, y compris les pr\u00e9visualistes inestimables en temps r\u00e9el, les mod\u00e8les enti\u00e8rement personnalisables et m\u00eame les sauvegardes automatiques, Wallace Inline vous pr\u00e9sente ind\u00e9niablement la flexibilit\u00e9 et le contr\u00f4le in\u00e9gal\u00e9s n\u00e9cessaires pour organiser et cr\u00e9er sans effort un contenu de niveau sup\u00e9rieur qui captivra v\u00e9ritablement votre public estim\u00e9, stimulant finalement des r\u00e9sultats exceptionnels.<\/p>\n<ul>\n<li>Gave le temps et augmente la productivit\u00e9 en permettant aux utilisateurs de modifier le texte directement sur un site WordPress, sans avoir besoin de navigation backend<\/li>\n<li>Am\u00e9liore la qualit\u00e9 du contenu en fournissant des commentaires en temps r\u00e9el et des suggestions d&rsquo;am\u00e9lioration<\/li>\n<li>Offre une personnalisation facile pour divers besoins de conception, tels que la s\u00e9lection des polices et les ajustements de disposition<\/li>\n<li>Rationalise le processus d&rsquo;\u00e9dition en permettant \u00e0 plusieurs membres de l&rsquo;\u00e9quipe de travailler simultan\u00e9ment<\/li>\n<li>Fournit une exp\u00e9rience utilisateur sans couture en travaillant avec les constructeurs et plugins de page WordPress populaires<\/li>\n<li>Am\u00e9liore l&rsquo;accessibilit\u00e9 du site Web en permettant des mises \u00e0 jour et des r\u00e9visions de contenu plus faciles<\/li>\n<li>Offre des capacit\u00e9s de conception r\u00e9actives, garantissant que les modifications de texte sont superbes sur n&rsquo;importe quel appareil<\/li>\n<li>S&rsquo;int\u00e8gre \u00e0 d&rsquo;autres outils et services populaires, tels que Google Docs et Slack<\/li>\n<li>Fournit une documentation et un support utiles et intuitifs pour les utilisateurs novices m\u00eame.<\/li>\n<\/ul>\n","protected":false},"excerpt":{"rendered":"<p>Wallace Inline, un plugin WordPress exceptionnel, sert de formidable actif pour rationaliser le processus autrement complexe d&rsquo;\u00e9dition de contenu sur votre site Web estim\u00e9. En raison de sa remarquable fonctionnalit\u00e9 d&rsquo;\u00e9dition en direct, vous \u00eates accord\u00e9 \u00e0 l&rsquo;avantage unique de voir les modifications se d\u00e9rouler en temps r\u00e9el lorsque vous manipulez habilement des \u00e9l\u00e9ments textuels et des visuels captivants. Cette caract\u00e9ristique remarquable garantit l&rsquo;utilisation efficace de votre temps pr\u00e9cieux en effuyant la n\u00e9cessit\u00e9 de s&rsquo;engager dans des r\u00e9visions de va-et-vient ardues et longues. De plus, les capacit\u00e9s globales de Wallace en ligne s&rsquo;\u00e9tendent pour englober une gamme d&rsquo;options de personnalisation englobant la taille de la police, les sch\u00e9mas de couleurs et m\u00eame les arrangements stylistiques. Une telle bo\u00eete \u00e0 outils compl\u00e8te est ind\u00e9niablement conviviale et facilite profond\u00e9ment le flux transparent de votre flux de travail, vous permettant finalement de la cr\u00e9ation rapide et sans effort d&rsquo;un site Web qui d\u00e9gage une aura de professionnalisme et de sophistication.<\/p>\n","protected":false},"featured_media":145734,"comment_status":"open","ping_status":"open","template":"","meta":[],"product_brand":[2685],"product_cat":[1187,1181,1186],"product_tag":[2350],"class_list":{"0":"post-120571","1":"product","2":"type-product","3":"status-publish","4":"has-post-thumbnail","6":"product_brand-wallace","7":"product_cat-administration-wordpress-plugins","8":"product_cat-plugins","9":"product_cat-wordpress-plugins","10":"product_tag-wallace","11":"member-discount","12":"discount-restricted","14":"first","15":"instock","16":"sale","17":"downloadable","18":"virtual","19":"sold-individually","20":"purchasable","21":"product-type-simple"},"_links":{"self":[{"href":"https:\/\/gpl-love.com\/fr\/wp-json\/wp\/v2\/product\/120571","targetHints":{"allow":["GET"]}}],"collection":[{"href":"https:\/\/gpl-love.com\/fr\/wp-json\/wp\/v2\/product"}],"about":[{"href":"https:\/\/gpl-love.com\/fr\/wp-json\/wp\/v2\/types\/product"}],"replies":[{"embeddable":true,"href":"https:\/\/gpl-love.com\/fr\/wp-json\/wp\/v2\/comments?post=120571"}],"wp:featuredmedia":[{"embeddable":true,"href":"https:\/\/gpl-love.com\/fr\/wp-json\/wp\/v2\/media\/145734"}],"wp:attachment":[{"href":"https:\/\/gpl-love.com\/fr\/wp-json\/wp\/v2\/media?parent=120571"}],"wp:term":[{"taxonomy":"product_brand","embeddable":true,"href":"https:\/\/gpl-love.com\/fr\/wp-json\/wp\/v2\/product_brand?post=120571"},{"taxonomy":"product_cat","embeddable":true,"href":"https:\/\/gpl-love.com\/fr\/wp-json\/wp\/v2\/product_cat?post=120571"},{"taxonomy":"product_tag","embeddable":true,"href":"https:\/\/gpl-love.com\/fr\/wp-json\/wp\/v2\/product_tag?post=120571"}],"curies":[{"name":"wp","href":"https:\/\/api.w.org\/{rel}","templated":true}]}}