{"id":120566,"date":"2026-02-06T00:00:00","date_gmt":"2026-02-05T23:00:00","guid":{"rendered":"https:\/\/gpl-love.com\/fr\/produit\/beaver-builder-theme\/"},"modified":"2026-03-20T22:56:04","modified_gmt":"2026-03-20T21:56:04","slug":"beaver-builder-theme","status":"publish","type":"product","link":"https:\/\/gpl-love.com\/fr\/produit\/beaver-builder-theme\/","title":{"rendered":"Beaver Builder Theme 1.7.19.2"},"content":{"rendered":"<h3>Beaver Builder Theme Traits<\/h3>\n<p>Le th\u00e8me du constructeur Beaver, qui est un th\u00e8me WordPress remarquablement robuste, permet aux utilisateurs de cr\u00e9er sans effort des sites Web visuellement \u00e9tonnants. Ce th\u00e8me hautement adaptable a \u00e9t\u00e9 m\u00e9ticuleusement con\u00e7u pour r\u00e9pondre aux exigences sp\u00e9cifiques non seulement des d\u00e9veloppeurs et concepteurs Web, mais aussi des individus qui aspirent \u00e0 construire des sites Web de qualit\u00e9 professionnelle sans poss\u00e9der de comp\u00e9tences de codage avanc\u00e9. L&rsquo;une des fonctionnalit\u00e9s remarquables de ce th\u00e8me est son g\u00e9n\u00e9rateur de pages glisser-d\u00e9poser, qui donne aux utilisateurs la possibilit\u00e9 de personnaliser de mani\u00e8re transparente la mise en page, la conception et la fonctionnalit\u00e9 globale de leur site Web. De plus, le th\u00e8me du constructeur Beaver poss\u00e8de une r\u00e9activit\u00e9 compl\u00e8te, garantissant que les sites Web fa\u00e7onn\u00e9s avec des capacit\u00e9s adapt\u00e9s aux mobiles et peuvent \u00eatre facilement accessibles sur un large \u00e9ventail d&rsquo;appareils. De plus, ce th\u00e8me exceptionnel est enti\u00e8rement compatible avec une myriade de plugins WordPress populaires, offrant ainsi aux utilisateurs la possibilit\u00e9 d&rsquo;int\u00e9grer des fonctionnalit\u00e9s avanc\u00e9es dans leurs sites. Gr\u00e2ce au th\u00e8me de Beaver Builder, les utilisateurs peuvent cr\u00e9er rapidement de beaux sites Web, sans avoir \u00e0 sacrifier la qualit\u00e9 ou la fonctionnalit\u00e9.<\/p>\n<ul>\n<li>Th\u00e8me WordPress premium con\u00e7u pour les professionnels et les d\u00e9butants<\/li>\n<li>Livr\u00e9 avec un g\u00e9n\u00e9rateur de pages glisser-d\u00e9poser pour une personnalisation facile<\/li>\n<li>Comprend plus de 30 mod\u00e8les con\u00e7us par des professionnels pour relancer votre site Web<\/li>\n<li>Optimis\u00e9 enti\u00e8rement r\u00e9actif et mobile pour une exp\u00e9rience utilisateur transparente sur n&rsquo;importe quel appareil<\/li>\n<li>Des fonctionnalit\u00e9s avanc\u00e9es telles que l&rsquo;\u00e9tiquetage blanc, l&rsquo;int\u00e9gration WooCommerce et les types de messages personnalis\u00e9s<\/li>\n<li>Flexible et \u00e9volutif, permettant des possibilit\u00e9s de conception sans fin et une int\u00e9gration avec des outils tiers<\/li>\n<li>Mises \u00e0 jour r\u00e9guli\u00e8res et support client d\u00e9di\u00e9 pour assurer un processus de cr\u00e9ation de sites Web en douceur<\/li>\n<li>Options de tarification abordables pour l&rsquo;utilisation personnelle, commerciale et d&rsquo;agence.<\/li>\n<\/ul>\n","protected":false},"excerpt":{"rendered":"<p>D\u00e9couvrez l&rsquo;exp\u00e9rience ultime de construction de site Web avec le th\u00e8me de castor Builder. Cette plate-forme de pointe et conviviale est con\u00e7ue pour offrir une personnalisation compl\u00e8te, vous permettant de cr\u00e9er un site Web unique et accrocheur qui refl\u00e8te l&rsquo;identit\u00e9 de votre marque. Avec son interface intuitive, glisser-d\u00e9poser, vous pouvez manipuler chaque \u00e9l\u00e9ment de votre page, aucune comp\u00e9tence de codage requise. De plus, il est enti\u00e8rement r\u00e9actif, garantissant que votre site Web semble le mieux sur chaque appareil. Ce th\u00e8me est \u00e9galement adapt\u00e9 au r\u00e9f\u00e9rencement, contribuant \u00e0 augmenter votre visibilit\u00e9 en ligne. Avec le th\u00e8me de Beaver Builder, vous appr\u00e9cierez la construction et la maintenance de site Web sans couture, vous donnant plus de temps pour vous concentrer sur la croissance de votre entreprise.<\/p>\n","protected":false},"featured_media":143226,"comment_status":"open","ping_status":"open","template":"","meta":[],"product_brand":[2468],"product_cat":[1214,1212,1213],"product_tag":[1219],"class_list":{"0":"post-120566","1":"product","2":"type-product","3":"status-publish","4":"has-post-thumbnail","6":"product_brand-beaver-builder","7":"product_cat-polyvalent","8":"product_cat-themes","9":"product_cat-wordpress-themes","10":"product_tag-beaver-builder","11":"member-discount","12":"discount-restricted","14":"first","15":"instock","16":"sale","17":"downloadable","18":"virtual","19":"sold-individually","20":"purchasable","21":"product-type-simple"},"_links":{"self":[{"href":"https:\/\/gpl-love.com\/fr\/wp-json\/wp\/v2\/product\/120566","targetHints":{"allow":["GET"]}}],"collection":[{"href":"https:\/\/gpl-love.com\/fr\/wp-json\/wp\/v2\/product"}],"about":[{"href":"https:\/\/gpl-love.com\/fr\/wp-json\/wp\/v2\/types\/product"}],"replies":[{"embeddable":true,"href":"https:\/\/gpl-love.com\/fr\/wp-json\/wp\/v2\/comments?post=120566"}],"wp:featuredmedia":[{"embeddable":true,"href":"https:\/\/gpl-love.com\/fr\/wp-json\/wp\/v2\/media\/143226"}],"wp:attachment":[{"href":"https:\/\/gpl-love.com\/fr\/wp-json\/wp\/v2\/media?parent=120566"}],"wp:term":[{"taxonomy":"product_brand","embeddable":true,"href":"https:\/\/gpl-love.com\/fr\/wp-json\/wp\/v2\/product_brand?post=120566"},{"taxonomy":"product_cat","embeddable":true,"href":"https:\/\/gpl-love.com\/fr\/wp-json\/wp\/v2\/product_cat?post=120566"},{"taxonomy":"product_tag","embeddable":true,"href":"https:\/\/gpl-love.com\/fr\/wp-json\/wp\/v2\/product_tag?post=120566"}],"curies":[{"name":"wp","href":"https:\/\/api.w.org\/{rel}","templated":true}]}}