{"id":120564,"date":"2026-04-07T00:00:00","date_gmt":"2026-04-06T22:00:00","guid":{"rendered":"https:\/\/gpl-love.com\/fr\/produit\/darklup\/"},"modified":"2026-04-08T00:30:13","modified_gmt":"2026-04-07T22:30:13","slug":"darklup","status":"publish","type":"product","link":"https:\/\/gpl-love.com\/fr\/produit\/darklup\/","title":{"rendered":"Beaver Builder Themer 2.10.1.5"},"content":{"rendered":"<h3>Beaver Builder Themer Traits<\/h3>\n<p>Beaver Builder Themer, un outil incroyablement robuste, pr\u00e9sente la possibilit\u00e9 de modifier les aspects visuels de votre site Web sans n\u00e9cessiter aucune expertise de codage. Gr\u00e2ce \u00e0 son interface intuitive de glisser-d\u00e9poser, forgeant sans effort des en-t\u00eates, des pieds de page et des mod\u00e8les personnalis\u00e9s pour les pages et les poteaux de votre site devient une brise absolue. Ce plugin remarquable s&rsquo;int\u00e8gre de mani\u00e8re transparente au plugin Page Builder largement acclam\u00e9, vous accordant un niveau d&rsquo;autorit\u00e9 augment\u00e9 dans l&rsquo;\u00e9laboration de la conception de votre site Web. Que vous vous identifiiez comme un d\u00e9veloppeur Web comp\u00e9tent ou un propri\u00e9taire de petite entreprise agile, l&rsquo;indispensabilit\u00e9 de Beaver Builder Thememer dans les sites Web qui d\u00e9gagent le professionnalisme ne peuvent pas \u00eatre surestim\u00e9s.<\/p>\n<ul>\n<li>Un constructeur de th\u00e8me WordPress qui fonctionne avec le plugin Builder Beaver<\/li>\n<li>Permet aux utilisateurs de cr\u00e9er des th\u00e8mes WordPress personnalis\u00e9s sans connaissances de codage<\/li>\n<li>Fournit une interface conviviale pour la conception et la personnalisation de la disposition<\/li>\n<li>Prend en charge des en-t\u00eates, des pieds de page et des mod\u00e8les personnalisables<\/li>\n<li>Offre des mod\u00e8les pr\u00e9d\u00e9finis et des \u00e9l\u00e9ments de conception pour une impl\u00e9mentation facile<\/li>\n<li>Permet de contr\u00f4ler la typographie, les couleurs et l&rsquo;espacement sur le site Web<\/li>\n<li>Peut \u00eatre utilis\u00e9 pour cr\u00e9er des conceptions r\u00e9actives pour les mobiles et les tablettes<\/li>\n<li>S&rsquo;int\u00e9gre aux plugins WordPress populaires pour plus de fonctionnalit\u00e9s<\/li>\n<li>Offre un support client rapide et fiable<\/li>\n<li>Peut \u00eatre utilis\u00e9 sur un nombre illimit\u00e9 de sites Web avec un seul achat de licence.<\/li>\n<\/ul>\n","protected":false},"excerpt":{"rendered":"<p>Lib\u00e9rez le plein potentiel de la conception de votre site Web avec Beaver Builder Thememer. Ce plugin polyvalent est votre cl\u00e9 pour cr\u00e9er des dispositions \u00e9tonnantes et uniques sur l&rsquo;ensemble de votre site Web, sans toucher une seule ligne de code. Le Themer offre une compatibilit\u00e9 compl\u00e8te avec les t\u00e9l\u00e9chargements num\u00e9riques WooCommerce et faciles, ce qui en fait un jeu d&rsquo;enfant pour g\u00e9rer et personnaliser votre boutique en ligne. Avec son interface utilisateur intuitive, vous pouvez facilement personnaliser les en-t\u00eates, les pieds de page, les pages d&rsquo;archives et m\u00eame les messages individuels. D\u00e9couvrez une flexibilit\u00e9 in\u00e9gal\u00e9e dans la cr\u00e9ation et la modification des dispositions, en contr\u00f4lant tous les aspects de votre conception de la typographie aux couleurs. De plus, la fonctionnalit\u00e9 de connexion de champ de The The Themer vous permet d&rsquo;int\u00e9grer de mani\u00e8re transparente et d&rsquo;afficher les informations \u00e0 partir de champs personnalis\u00e9s et de m\u00e9tadonn\u00e9es publi\u00e9es. Avec Beaver Builder Thememer, transformez votre vision en r\u00e9alit\u00e9 et cr\u00e9ez un site Web qui se d\u00e9marque vraiment. D\u00e9couvrez l&rsquo;avantage de la libert\u00e9 de conception aujourd&rsquo;hui.<\/p>\n","protected":false},"featured_media":143227,"comment_status":"open","ping_status":"open","template":"","meta":[],"product_brand":[2468],"product_cat":[1189,1181,1186],"product_tag":[1219],"class_list":{"0":"post-120564","1":"product","2":"type-product","3":"status-publish","4":"has-post-thumbnail","6":"product_brand-beaver-builder","7":"product_cat-personnalisation","8":"product_cat-plugins","9":"product_cat-wordpress-plugins","10":"product_tag-beaver-builder","11":"member-discount","12":"discount-restricted","14":"first","15":"instock","16":"sale","17":"downloadable","18":"virtual","19":"sold-individually","20":"purchasable","21":"product-type-simple"},"_links":{"self":[{"href":"https:\/\/gpl-love.com\/fr\/wp-json\/wp\/v2\/product\/120564","targetHints":{"allow":["GET"]}}],"collection":[{"href":"https:\/\/gpl-love.com\/fr\/wp-json\/wp\/v2\/product"}],"about":[{"href":"https:\/\/gpl-love.com\/fr\/wp-json\/wp\/v2\/types\/product"}],"replies":[{"embeddable":true,"href":"https:\/\/gpl-love.com\/fr\/wp-json\/wp\/v2\/comments?post=120564"}],"wp:featuredmedia":[{"embeddable":true,"href":"https:\/\/gpl-love.com\/fr\/wp-json\/wp\/v2\/media\/143227"}],"wp:attachment":[{"href":"https:\/\/gpl-love.com\/fr\/wp-json\/wp\/v2\/media?parent=120564"}],"wp:term":[{"taxonomy":"product_brand","embeddable":true,"href":"https:\/\/gpl-love.com\/fr\/wp-json\/wp\/v2\/product_brand?post=120564"},{"taxonomy":"product_cat","embeddable":true,"href":"https:\/\/gpl-love.com\/fr\/wp-json\/wp\/v2\/product_cat?post=120564"},{"taxonomy":"product_tag","embeddable":true,"href":"https:\/\/gpl-love.com\/fr\/wp-json\/wp\/v2\/product_tag?post=120564"}],"curies":[{"name":"wp","href":"https:\/\/api.w.org\/{rel}","templated":true}]}}